{"id":9,"date":"2011-02-01T18:05:23","date_gmt":"2011-02-01T18:05:23","guid":{"rendered":"http:\/\/literaturkunstmedien.wordpress.com\/?page_id=9"},"modified":"2019-10-24T11:10:02","modified_gmt":"2019-10-24T09:10:02","slug":"studieren","status":"publish","type":"page","link":"https:\/\/www.lkm.uni-konstanz.de\/support\/studieren\/","title":{"rendered":"Studieren"},"content":{"rendered":"<p>Unter dieser Rubrik findet Ihr alle Infos, die Ihr f\u00fcr Euer Studium ben\u00f6tigt. Durchlesen lohnt sich!<\/p>\n<p><a title=\"Studien- und Pr\u00fcfungsordnung\" href=\"https:\/\/www.lkm.uni-konstanz.de\/support\/studieren\/studien-und-pruefungsordnung\/\">Studien- und Pr\u00fcfungsordnung<\/a><\/p>\n<p><a title=\"Modul 8: Das integrierte Nebenfach\" href=\"https:\/\/www.lkm.uni-konstanz.de\/support\/studieren\/modul-8-9-das-integrierte-nebenfach\/\">Modul 8\/9: Das integrierte Nebenfach<\/a><\/p>\n<p><a title=\"Fremdsprachennachweis\" href=\"https:\/\/www.lkm.uni-konstanz.de\/support\/studieren\/fremdsprachennachweis\/\">Fremdsprachennachweis<\/a><\/p>\n<p><a href=\"https:\/\/www.lkm.uni-konstanz.de\/support\/studieren\/studierende-2\/\">Studierende<\/a><\/p>\n<p><a title=\"Lehre\" href=\"https:\/\/www.lkm.uni-konstanz.de\/support\/studieren\/lehre\/\">Lehre<\/a><\/p>\n<p><a title=\"Auslandsstudium\" href=\"https:\/\/www.lkm.uni-konstanz.de\/support\/studieren\/auslandsstudium\/\">Auslandsstudium<\/a><\/p>\n<p><a href=\"https:\/\/www.lkm.uni-konstanz.de\/support\/zusatzqualifikationen\/\">Zusatzqualifikationen<\/a><\/p>\n<p>Unsere Kolleginnen und Kollegen der <a href=\"https:\/\/www.uni-konstanz.de\/studieren\/beratung-und-service\/zentrale-studienberatung\/\" target=\"_blank\" rel=\"noopener noreferrer\">Zentralen Studienberatung<\/a> haben au\u00dferdem noch ein paar interessante <a href=\"https:\/\/www.uni-konstanz.de\/studieren\/beratung-und-service\/zentrale-studienberatung\/angebote-fuer-studierende\/lernberatung\/\" target=\"_blank\" rel=\"noopener noreferrer\">Onlineangebote<\/a>, die sowohl f\u00fcr Erstsemester als auch f\u00fcr fortgeschrittenere Studierende den ein oder anderen Tipp parat haben!<\/p>\n","protected":false},"excerpt":{"rendered":"<p>Unter dieser Rubrik findet Ihr alle Infos, die Ihr f\u00fcr Euer Studium ben\u00f6tigt. Durchlesen lohnt sich! Studien- und Pr\u00fcfungsordnung Modul 8\/9: Das integrierte Nebenfach Fremdsprachennachweis Studierende Lehre Auslandsstudium Zusatzqualifikationen Unsere &hellip;<\/p>\n","protected":false},"author":1,"featured_media":0,"parent":0,"menu_order":4,"comment_status":"closed","ping_status":"closed","template":"","meta":{"_stc_notifier_status":"","_stc_notifier_sent_time":"","_stc_notifier_request":false,"_stc_notifier_prevent":false,"_stc_subscriber_keywords":"","_stc_subscriber_search_areas":"","footnotes":""},"class_list":["post-9","page","type-page","status-publish","hentry","entry entry-center"],"_links":{"self":[{"href":"https:\/\/www.lkm.uni-konstanz.de\/support\/wp-json\/wp\/v2\/pages\/9","targetHints":{"allow":["GET"]}}],"collection":[{"href":"https:\/\/www.lkm.uni-konstanz.de\/support\/wp-json\/wp\/v2\/pages"}],"about":[{"href":"https:\/\/www.lkm.uni-konstanz.de\/support\/wp-json\/wp\/v2\/types\/page"}],"author":[{"embeddable":true,"href":"https:\/\/www.lkm.uni-konstanz.de\/support\/wp-json\/wp\/v2\/users\/1"}],"replies":[{"embeddable":true,"href":"https:\/\/www.lkm.uni-konstanz.de\/support\/wp-json\/wp\/v2\/comments?post=9"}],"version-history":[{"count":4,"href":"https:\/\/www.lkm.uni-konstanz.de\/support\/wp-json\/wp\/v2\/pages\/9\/revisions"}],"predecessor-version":[{"id":5876,"href":"https:\/\/www.lkm.uni-konstanz.de\/support\/wp-json\/wp\/v2\/pages\/9\/revisions\/5876"}],"wp:attachment":[{"href":"https:\/\/www.lkm.uni-konstanz.de\/support\/wp-json\/wp\/v2\/media?parent=9"}],"curies":[{"name":"wp","href":"https:\/\/api.w.org\/{rel}","templated":true}]}}