{"id":6313,"date":"2024-12-18T17:20:42","date_gmt":"2024-12-18T16:20:42","guid":{"rendered":"https:\/\/www.lkm.uni-konstanz.de\/support\/?page_id=6313"},"modified":"2026-01-28T14:15:29","modified_gmt":"2026-01-28T13:15:29","slug":"studieninteressierte","status":"publish","type":"page","link":"https:\/\/www.lkm.uni-konstanz.de\/support\/studieninteressierte\/","title":{"rendered":"Studieninteressierte"},"content":{"rendered":"<div id=\"c527896\" class=\"frame frame-default frame-type-textmedia frame-layout-0\">\n<h3>Lernen Sie uns vor Ort kennen! Bei den Studientagen vom 10. bis 12. M\u00e4rz 2026 stellt sich der Studiengang LKM erneut vor.<\/h3>\n<\/div>\n<div>Alle Sch\u00fclerinnen und Sch\u00fcler, alle Abiturientinnen und Abiturienten und alle Studieninteressierten sind herzlich willkommen. Bei den Studientagen stellen wir alle Bachelor-Studieng\u00e4nge der Universit\u00e4t Konstanz vor. An allen drei Tagen bieten wir das selbe Programm live und vor Ort auf dem Campus der Uni Konstanz.<\/div>\n<p>&nbsp;<\/p>\n<p>Pro Besuchstag\u00a0k\u00f6nnen Sie zwei<strong>\u00a0<\/strong><strong>Studiengangsvorstellungen <\/strong>(bspw. LKM und LKS)\u00a0besuchen. In der Mittagspause k\u00f6nnen Sie in der Mensa mit tollem Seeblick essen und an kurzen Info-Veranstaltungen zu spannenden Themen wie Stipendien oder Auslandsaufenthalte im Studium teilnehmen. Hier findest du das ganze <strong><a class=\"\" href=\"https:\/\/www.uni-konstanz.de\/studieren\/beratung-und-service\/zentrale-studienberatung\/angebote-fuer-studieninteressierte\/studientage\/praesenz-programm\/\">Programm <\/a><\/strong>\u00a0mit allen Veranstaltungen, Uhrzeiten und R\u00e4umen.<\/p>\n<div id=\"c527896\" class=\"frame frame-default frame-type-textmedia frame-layout-0\">\n<div class=\"ce-textpic\">\n<div class=\"ce-bodytext\">\n<div class=\"ce-bodytext\">\n<p>&nbsp;<\/p>\n<p>Zus\u00e4tzlich listen wir hier all die Termine auf, die f\u00fcr LKM-Interessierte spannend sind:<\/p>\n<\/div>\n<\/div>\n<p><img loading=\"lazy\" decoding=\"async\" class=\"alignnone wp-image-6388\" src=\"https:\/\/www.lkm.uni-konstanz.de\/support\/wp-content\/uploads\/sites\/4\/2026\/01\/studientage-maerz-26-180x300.png\" alt=\"\" width=\"314\" height=\"523\" srcset=\"https:\/\/www.lkm.uni-konstanz.de\/support\/wp-content\/uploads\/sites\/4\/2026\/01\/studientage-maerz-26-180x300.png 180w, https:\/\/www.lkm.uni-konstanz.de\/support\/wp-content\/uploads\/sites\/4\/2026\/01\/studientage-maerz-26-616x1024.png 616w, https:\/\/www.lkm.uni-konstanz.de\/support\/wp-content\/uploads\/sites\/4\/2026\/01\/studientage-maerz-26-90x150.png 90w, https:\/\/www.lkm.uni-konstanz.de\/support\/wp-content\/uploads\/sites\/4\/2026\/01\/studientage-maerz-26.png 762w\" sizes=\"auto, (max-width: 314px) 100vw, 314px\" \/><\/p>\n<\/div>\n<\/div>\n<p>&nbsp;<\/p>\n<p>Die\u00a0<a class=\"\" href=\"https:\/\/www.uni-konstanz.de\/studieren\/beratung-und-service\/zentrale-studienberatung\/angebote-fuer-studieninteressierte\/studientage\/infos-fuer-lehrerinnen-und-lehrer\/\">Anmeldung f\u00fcr Schulen<\/a>\u00a0ist seit dem 22. September 2025 m\u00f6glich.<\/p>\n<p>Nat\u00fcrlich k\u00f6nnen auch Studieninteressierte, die nicht mehr zur Schule gehen, zu den Studientagen kommen:\u00a0<a class=\"\" href=\"https:\/\/www.uni-konstanz.de\/studieren\/beratung-und-service\/zentrale-studienberatung\/angebote-fuer-studieninteressierte\/studientage\/anmeldung-veranstaltungen-studientage\/\">Anmeldung f\u00fcr Einzelpersonen\u00a0und Veranstaltungen<\/a>.<\/p>\n<p>Hier finden Sie\u00a0<a href=\"https:\/\/www.uni-konstanz.de\/studieren\/beratung-und-service\/zentrale-studienberatung\/angebote-fuer-studieninteressierte\/studientage\/anreise-lageplan-raeume\/\" target=\"_blank\" rel=\"noopener\">Informationen zur Anreise<\/a>\u00a0und zum\u00a0<a href=\"https:\/\/www.uni-konstanz.de\/studieren\/beratung-und-service\/zentrale-studienberatung\/angebote-fuer-studieninteressierte\/studientage\/essen-in-der-mensa\/\">speziellen Essensangebot in der Mensa<\/a>.<\/p>\n<p>&nbsp;<\/p>\n<div id=\"c240079\" class=\"frame frame-default frame-type-textmedia frame-layout-0\">\n<div class=\"ce-textpic\">\n<p>(STAND: Januar 2026)<\/p>\n<\/div>\n<\/div>\n","protected":false},"excerpt":{"rendered":"<p>Lernen Sie uns vor Ort kennen! Bei den Studientagen vom 10. bis 12. M\u00e4rz 2026 stellt sich der Studiengang LKM erneut vor. Alle Sch\u00fclerinnen und Sch\u00fcler, alle Abiturientinnen und Abiturienten &hellip;<\/p>\n","protected":false},"author":40,"featured_media":0,"parent":0,"menu_order":0,"comment_status":"closed","ping_status":"closed","template":"","meta":{"_stc_notifier_status":"","_stc_notifier_sent_time":"","_stc_notifier_request":false,"_stc_notifier_prevent":false,"_stc_subscriber_keywords":"","_stc_subscriber_search_areas":"","footnotes":""},"class_list":["post-6313","page","type-page","status-publish","hentry","entry entry-center"],"_links":{"self":[{"href":"https:\/\/www.lkm.uni-konstanz.de\/support\/wp-json\/wp\/v2\/pages\/6313","targetHints":{"allow":["GET"]}}],"collection":[{"href":"https:\/\/www.lkm.uni-konstanz.de\/support\/wp-json\/wp\/v2\/pages"}],"about":[{"href":"https:\/\/www.lkm.uni-konstanz.de\/support\/wp-json\/wp\/v2\/types\/page"}],"author":[{"embeddable":true,"href":"https:\/\/www.lkm.uni-konstanz.de\/support\/wp-json\/wp\/v2\/users\/40"}],"replies":[{"embeddable":true,"href":"https:\/\/www.lkm.uni-konstanz.de\/support\/wp-json\/wp\/v2\/comments?post=6313"}],"version-history":[{"count":10,"href":"https:\/\/www.lkm.uni-konstanz.de\/support\/wp-json\/wp\/v2\/pages\/6313\/revisions"}],"predecessor-version":[{"id":6390,"href":"https:\/\/www.lkm.uni-konstanz.de\/support\/wp-json\/wp\/v2\/pages\/6313\/revisions\/6390"}],"wp:attachment":[{"href":"https:\/\/www.lkm.uni-konstanz.de\/support\/wp-json\/wp\/v2\/media?parent=6313"}],"curies":[{"name":"wp","href":"https:\/\/api.w.org\/{rel}","templated":true}]}}