{"id":6152,"date":"2024-04-04T11:28:05","date_gmt":"2024-04-04T09:28:05","guid":{"rendered":"https:\/\/www.lkm.uni-konstanz.de\/support\/?page_id=6152"},"modified":"2025-04-17T11:07:57","modified_gmt":"2025-04-17T09:07:57","slug":"bachelorarbeit","status":"publish","type":"page","link":"https:\/\/www.lkm.uni-konstanz.de\/support\/bachelorarbeit\/","title":{"rendered":"Bachelorarbeit"},"content":{"rendered":"<p><strong><em>Zum Ende Eures Studiums stehen Euch die Bachelorarbeit und die m\u00fcndliche Abschlusspr\u00fcfung ins Haus\u2026 aber keine Angst! Wer im Studium schon ein paar Hausarbeiten geschrieben hat, f\u00fcr den ist die Bachelorarbeit nur noch das Sahneh\u00e4ubchen auf dem LKM-Eisbecher\u2026<\/em><\/strong><\/p>\n<p><a href=\"https:\/\/www.lkm.uni-konstanz.de\/support\/wp-content\/uploads\/sites\/4\/2024\/04\/BA-Pruefungen_2022_final.pdf\" target=\"_blank\" rel=\"noopener\">In dieser Powerpoint<\/a> (von Daniel H\u00fctter, Stand 2022, Infos aber noch g\u00fcltig) findet ihr alle grundlegenden Informationen zur Bachelorarbeit und m\u00fcndlichen Pr\u00fcfung f\u00fcr alle LitLing-F\u00e4cher (also auch f\u00fcr LKM). Schaut gerne auch bei den <a href=\"https:\/\/www.literature.uni-konstanz.de\/studium\/studienorganisation-faqs\/faqs-ba-studiengaenge\/\" target=\"_blank\" rel=\"noopener\">FAQs<\/a> zum Thema BA vorbei. Alles weitere erkl\u00e4rt euch diese Anleitung hier (Informationen zur m\u00fcndlichen BA-Pr\u00fcfung findet ihr weiter unten):<\/p>\n<p><span style=\"font-size: 20px\"><strong>Zur Bachelorarbeit in 10 Schritten<\/strong><\/span><\/p>\n<p><strong>Zwingende Voraussetzung zur Anmeldung der BA ist nur das Praktikum. <\/strong>Ihr m\u00fcsst noch nicht alle Module fertig abgeschlossen haben. Rein theoretisch k\u00f6nntet ihr eure BA also auch schon im dritten Semester anmelden, doch es empfiehlt sich sehr, schon einige Hausarbeiten geschrieben zu haben.<\/p>\n<p><strong>1.<\/strong> <strong>Thema<\/strong> suchen. Das Thema kann aus einem Seminar hervorgehen, muss es aber nicht &#8211; ihr seid also sehr frei in eurer Themenwahl. Es sollte aber zumindest in den weiteren Interessenbereich eurer gew\u00fcnschten Pr\u00fcfer*innen fallen (siehe Punkt 2).<\/p>\n<p><strong>2.<\/strong> <strong>Zwei Pr\u00fcfer*innen<\/strong> f\u00fcr die BA suchen und mit ihnen in der Sprechstunde pers\u00f6nlich das Thema besprechen. Es bietet sich an, wenn ihr zumindest eure*n Hauptpr\u00fcfer*in schon pers\u00f6nlich kennt und ein Seminar bei ihm\/ihr belegt habt.<\/p>\n<p><strong>3.<\/strong> Bearbeitungszeitraum ausw\u00e4hlen. F\u00fcr die BA-Studieng\u00e4nge des Fachbereichs Literaturwissenschaft gibt es einheitliche <strong>Anmeldezeitr\u00e4ume <\/strong>(Unterlagen abgeben) und <strong>Bearbeitungszeitr\u00e4ume <\/strong>(Schreibzeit). Es gibt nur einen Ameldezeitraum pro Semester, aber ihr k\u00f6nnt euch dann zwischen zwei Bearbeitungszeitr\u00e4umen entscheiden:<\/p>\n<p>SOMMERSEMESTER: Anmeldung jedes Jahr vom 01. Mai bis 15. Mai. Start der sechsw\u00f6chigen Bearbeitungszeit ist dann entweder am 01. Juni oder am 01. August.<\/p>\n<p>WINTERSEMESTER: Anmeldung jedes Jahr vom 15. Oktober bis 30. Oktober. Start der sechsw\u00f6chigen Bearbeitungszeit ist dann entweder am 15. November oder am 01. Februar des Jahres darauf. Ein kleiner Tipp: Beim Start am 15. November bekommt ihr die jeweilige Zeit der Unischlie\u00dfung (24.12. bis \u00fcber den Jahreswechsel \u2013 je nach Datumslage k\u00f6nnen das ca. zehn Tage sein) zus\u00e4tzlich \u201ageschenkt\u2018 d.h. die Abgabe verz\u00f6gert sich dann bis in die 2. Januarwoche \u2013 ein Vorteil f\u00fcr jene, die manchmal etwas l\u00e4nger brauchen \ud83d\ude09<\/p>\n<p><strong>4.<\/strong> Wer sich f\u00fcr einen Termin entschieden hat, fordert in den Wochen vor Beginn der Anmeldung bei <a href=\"https:\/\/www.uni-konstanz.de\/studieren\/beratung-und-service\/zentrales-pruefungsamt\/ansprechpartnerinnen\/zustaendigkeiten-nach-abschluessen\/\" target=\"_blank\" rel=\"noopener\"><strong>Frau Regine Pitscheider vom Zentralem Pr\u00fcfungsamt<\/strong><\/a> die betreffenden Unterlagen per Mail an.<\/p>\n<p>Bei Frau Pitscheider erhaltet Ihr die Anmeldung f\u00fcr die schriftliche Pr\u00fcfung, auf welcher Ihr das Thema eurer Arbeit und die zwei Pr\u00fcfer*innen (mit Unterschrift!) einzutragen habt. Dazu ist es 1. von Vorteil, wenn Ihr euer Thema mit den Pr\u00fcfer*innen schon einmal vorher besprochen habt und 2. Ihr euch schon einen genauen Titel \u00fcberlegt habt. Wir legen Euch aus Erfahrung dringend ans Herz, das Thema ausf\u00fchrlich und pers\u00f6nlich mit den Pr\u00fcfer*innen zu besprechen, damit es sp\u00e4ter nicht zu groben Schnitzern in der Methodik oder zu Missverst\u00e4ndnissen kommt.<\/p>\n<p>Euch wird automatisch das Formular zur Anmeldung der m\u00fcndlichen Pr\u00fcfung sowie das Formular \u201eBescheinigung \u00fcber erbrachte Studien- und studienbegleitende Pr\u00fcfungsleistungen\u201c auch schon mitzugesendet. Diese beiden Formulare ben\u00f6tigt ihr f\u00fcr die m\u00fcndliche Bachelorpr\u00fcfung. Die Anmeldungen f\u00fcr die schriftliche und die m\u00fcndliche Pr\u00fcfung m\u00fcssen aber NICHT im gleichen Anmeldezeitraum wieder bei Frau Pitscheider abgegeben werden. Ihr k\u00f6nnt die m\u00fcndliche Pr\u00fcfung auch erst im n\u00e4chsten Anmeldezeitraum anmelden &#8211; also solltet ihr euch schon grob vorher \u00fcberlegen, wann ihr endg\u00fcltig fertig sein wollt, und je nachdem die m\u00fcndliche Pr\u00fcfung schon mitanmelden oder nicht.<\/p>\n<p><strong>5.<\/strong> <strong>Unterlagen<\/strong> <strong>ausf\u00fcllen<\/strong>, Titel der Arbeit auf Deutsch und Englisch festlegen, von beiden Pr\u00fcfer*innen unterschreiben lassen.<br \/>\nDer Titel kann zu einem sp\u00e4teren Zeitpunkt MIT EINVERST\u00c4NDNIS DES ERSTPR\u00dcFERS und offiziellen ANTRAG an das zentrale Pr\u00fcfungsamt (bei Frau Pitscheider nachfragen) nochmals ge\u00e4ndert werden, sp\u00e4testens eine Woche vor Abgabe der Arbeit. Jede kleine \u00c4nderung, und sei es nur ein Doppelpunkt, muss abgesegnet werden.<\/p>\n<p><strong>6.<\/strong> Im Anmeldezeitraum die <strong>ausgef\u00fcllten und unterschriebenen Unterlagen per Mail an Frau Pitscheider<\/strong> senden. Lasst euch den Erhalt der Unterlagen best\u00e4tigen.<\/p>\n<p><strong>7.<\/strong> Auf das <strong>Best\u00e4tigungsschreiben<\/strong> (kommt per Post) warten. Diese Wartezeit l\u00e4sst sich schon gut f\u00fcr Literaturrecherche etc. nutzen. Insgesamt bietet es sich dringend an, schon vor dem Schreibzeitraum einen \u00dcberblick \u00fcber die wichtigste Literatur zu haben!<\/p>\n<p><strong>8.<\/strong> <strong>Loslegen<\/strong>. Und bei Fragen den Pr\u00fcfer\/die Pr\u00fcferin kontaktieren.<\/p>\n<p>Solltet ihr euen Arbeitstitel nochmals \u00e4ndern wollen oder m\u00fcssen, m\u00fcsst ihr einen offiziellen Antrag stellen, siehe Punkt 5.<\/p>\n<p>Bei Krankheit etc. k\u00f6nnt ihr eure Abgabefrist um maximal drei Wochen verl\u00e4ngern. Das muss aber unbedingt vom Pr\u00fcfungsamt best\u00e4tigt werden und ein spezielles \u00e4rztliches Attest vorgelegt werden! Alle Angaben zum Prozedere findet ihr <a href=\"https:\/\/www.uni-konstanz.de\/studieren\/beratung-und-service\/zentrales-pruefungsamt\/informationen-und-formulare\/abschlusspruefungen-informationen-und-formulare\/bachelor-master-magister\/#c797510\">hier<\/a>. Eure Ansprechpartner in solchen Notf\u00e4llen sind nicht wir, sondern das Pr\u00fcfungsamt!<\/p>\n<p>Und nicht zuletzt: Plant genug Zeit ein, um eure Arbeit unbedingt von euren Kommiliton*innen Korrektur lesen zu lassen.<\/p>\n<p><strong>9.<\/strong> <strong>Abgeben<\/strong>. Vergesst nicht, eine aktuelle Immatrikulationsbest\u00e4tigung und die Eigenst\u00e4ndigkeitserkl\u00e4rung ( wird euch zugesendet<a href=\"https:\/\/www.uni-konstanz.de\/studieren\/beratung-und-service\/zentrales-pruefungsamt\/informationen-und-formulare\/abschlusspruefungen-informationen-und-formulare\/bachelor-master-magister\/#c797487\" target=\"_blank\" rel=\"noopener\"> und sonst auch hier zu finden)<\/a> mitabzugeben!!!<\/p>\n<p>Zur Art der Abgabe die <a href=\"https:\/\/www.uni-konstanz.de\/securedl\/sdl-eyJ0eXAiOiJKV1QiLCJhbGciOiJIUzI1NiJ9.eyJpYXQiOjE3MTIxNDU3OTAsImV4cCI6MTcxMjgzNjk5MCwidXNlciI6MCwiZ3JvdXBzIjpbMCwtMV0sImZpbGUiOiJmaWxlYWRtaW4vaW5mb2tvc21vc190eXAwL2p1c3RpemlhcmlhdC9TdHVkaWVyZW4vSW1fU3R1ZGl1bS9CYWNoZWxvcl9QcnVlZnVuZ3NvcmRudW5nX2dlaXN0L0JfNV8wX1BPZ2Vpc3Rlc3dpc3NCYWNoZWxvclN0dWRpZW5nYWVuZ2VfbWl0QUVuZEp1bGkyMDIydUZlYnVKdWxpMjAyMy5wZGYiLCJwYWdlIjo2NTMxNn0.8r4tkhhRFfZbNkjz3AMB1RokgTIHVGC_qbJF2oBFzFI\/B_5_0_POgeisteswissBachelorStudiengaenge_mitAEndJuli2022uFebuJuli2023.pdf\">Pr\u00fcfungsordnung<\/a>: \u00a723 (7): &#8222;Die Arbeit ist fristgerecht <strong>in zweifacher Ausfertigung<\/strong> gebunden und maschinengeschrieben im Format DIN A4 <strong>sowie in einfacher digitaler Form<\/strong> \u00fcber das Zentrale Pr\u00fcfungsamt beim PA-Hauptfach einzureichen, davon verbleibt ein Exemplar bis zum Abschluss des Pr\u00fcfungsverfahrens beim Zentralen Pr\u00fcfungsamt. Der Abgabetermin ist aktenkundig zu machen. <strong>Wird die Arbeit nicht fristgerecht abgeliefert, so gilt sie als mit &#8222;nicht ausreichend (5,0)&#8220; bewertet<\/strong>, es sei denn, der\/die Studierende hat das Fristvers\u00e4umnis nicht zu vertreten.&#8220;<\/p>\n<p>Digitale Form bedeutet: auf einer CD oder einem USB-Stick als PDF abgespeichert \ud83d\ude09<\/p>\n<p><em><strong>10. Feiern Teil I und&#8230;<br \/>\n<\/strong><\/em><\/p>\n<p>&nbsp;<\/p>\n<p><span style=\"font-size: 20px\"><strong>&#8230;Die m\u00fcndliche Bachelorpr\u00fcfung<\/strong><\/span><\/p>\n<p>Dazu braucht Ihr wieder zwei Pr\u00fcfer*innen; es k\u00f6nnen theoretisch die gleichen Pr\u00fcfer*innen wie bei der Bachelorarbeit sein, vorausgesetzt, sie stammen aus verschiedenen Fachgruppen, sprich aus zwei der drei LKM-Bereiche (Literatur, Kunst oder Medien). In einer ersten Sprechstunde legt ihr einen groben Themenbereich f\u00fcr die Pr\u00fcfung fest. Die Pr\u00e4zisierung des Themas sowie der genaue Termin k\u00f6nnen zu einem sp\u00e4teren Zeitpunkt festgemacht werden. Jedes Thema wird dann in der Pr\u00fcfung 15 Minuten lang besprochen. Das Gespr\u00e4ch ist immer mit einem der Pr\u00fcfenden, w\u00e4hrend der andere Protokoll schreibt, dann wird gewechselt.<\/p>\n<p>Es kommt immer darauf an, wie der Pr\u00fcfer oder die Pr\u00fcferin es gew\u00f6hnt sind, aber meistens m\u00fcssen die Pr\u00fcflinge im Vorfeld ein Thesenpapier zu einem Thema vorbereiten, das man dann in der Pr\u00fcfung diskutiert. Genauere Infos erfahrt ihr von euren Pr\u00fcfer*innen. Also auch hier gilt: ausf\u00fchrlich und fr\u00fchzeitig mit ihnen reden!<\/p>\n<p><strong>Anmeldung<\/strong><\/p>\n<p>Die m\u00fcndliche Bachelorpr\u00fcfung kann seit dem Sommersemester 2025 jederzeit angemeldet werden, sp\u00e4testens jedoch zwei Wochen bevor die Pr\u00fcfung abgelegt werden soll. Alle erforderlichen Unterlagen hierf\u00fcr erhaltet ihr wieder von <strong>Frau Pitscheider<\/strong>.<\/p>\n<p>Mit dem Formular <strong>\u201eBescheinigung \u00fcber erbrachte Studien- und studienbegleitende Pr\u00fcfungsleistungen\u201c<\/strong>, in das ihr eingetragen habt, was ihr wo anrechnen m\u00f6chtet, euren Fremdsprachennachweisen (Abi-Zeugnis, das zeigt, dass Ihr mindestens drei Jahre diese Sprache gelernt und im letzten Jahr mindestens ein \u201eausreichend\u201c hattet und\/oder dem Nachweis der bestandenen Abschlusspr\u00fcfung vom Sprachlehrinstitut) und eurer Praktikumsbest\u00e4tigung von <strong>Herrn H\u00fctter<\/strong>, geht Ihr dann zu <strong>Herrn Sch\u00f6ning<\/strong> (H 222) und lasst Euch das best\u00e4tigen. Erst dann werdet ihr zur Pr\u00fcfung zugelassen.<\/p>\n<p><strong>Hierbei gilt zudem: Alle Leistungen m\u00fcssen absolviert und bestanden sein. Nur die Bachelorarbeit muss eingereicht worden sein, die Note muss aber noch nicht vorliegen.<\/strong><\/p>\n<p>Sobald ihr mit euren Pr\u00fcfer*innen einen Termin und einen Ort f\u00fcr die m\u00fcndliche Pr\u00fcfung (meist das B\u00fcro des Hauptpr\u00fcfers \/ der Hauptpr\u00fcferin)\u00a0 ausgemacht habt, m\u00fcsst IHR SELBST diesen per Mail ans Pr\u00fcfungsamt melden und zwar auch hier sp\u00e4testens zwei Wochen vor dem Pr\u00fcfungstermin!<\/p>\n<p><strong>Dann hei\u00dft es: nochmal lernen, aufgeregt sein, ruhig bleiben und den Freunden sagen, wann man wo dran ist, damit man anschlie\u00dfend ansto\u00dfen kann. Das war\u2019s dann n\u00e4mlich. Du bist fertig! (siehe auch: Feiern Teil II). Bis zum Zeugnis dauert es noch ein bisschen, aber auch das kommt dann nach einer gewissen Zeit mit der Post zu Euch nach Hause. Dann kannst du den Eisbecher essen.<\/strong><\/p>\n<p>&nbsp;<\/p>\n<p>(STAND DER INFOS: APRIL 2025)<\/p>\n","protected":false},"excerpt":{"rendered":"<p>Zum Ende Eures Studiums stehen Euch die Bachelorarbeit und die m\u00fcndliche Abschlusspr\u00fcfung ins Haus\u2026 aber keine Angst! Wer im Studium schon ein paar Hausarbeiten geschrieben hat, f\u00fcr den ist die &hellip;<\/p>\n","protected":false},"author":39,"featured_media":0,"parent":0,"menu_order":0,"comment_status":"closed","ping_status":"closed","template":"","meta":{"_stc_notifier_status":"","_stc_notifier_sent_time":"","_stc_notifier_request":false,"_stc_notifier_prevent":false,"_stc_subscriber_keywords":"","_stc_subscriber_search_areas":"","footnotes":""},"class_list":["post-6152","page","type-page","status-publish","hentry","entry entry-center"],"_links":{"self":[{"href":"https:\/\/www.lkm.uni-konstanz.de\/support\/wp-json\/wp\/v2\/pages\/6152","targetHints":{"allow":["GET"]}}],"collection":[{"href":"https:\/\/www.lkm.uni-konstanz.de\/support\/wp-json\/wp\/v2\/pages"}],"about":[{"href":"https:\/\/www.lkm.uni-konstanz.de\/support\/wp-json\/wp\/v2\/types\/page"}],"author":[{"embeddable":true,"href":"https:\/\/www.lkm.uni-konstanz.de\/support\/wp-json\/wp\/v2\/users\/39"}],"replies":[{"embeddable":true,"href":"https:\/\/www.lkm.uni-konstanz.de\/support\/wp-json\/wp\/v2\/comments?post=6152"}],"version-history":[{"count":15,"href":"https:\/\/www.lkm.uni-konstanz.de\/support\/wp-json\/wp\/v2\/pages\/6152\/revisions"}],"predecessor-version":[{"id":6286,"href":"https:\/\/www.lkm.uni-konstanz.de\/support\/wp-json\/wp\/v2\/pages\/6152\/revisions\/6286"}],"wp:attachment":[{"href":"https:\/\/www.lkm.uni-konstanz.de\/support\/wp-json\/wp\/v2\/media?parent=6152"}],"curies":[{"name":"wp","href":"https:\/\/api.w.org\/{rel}","templated":true}]}}