{"id":6,"date":"2011-02-01T18:04:32","date_gmt":"2011-02-01T18:04:32","guid":{"rendered":"http:\/\/literaturkunstmedien.wordpress.com\/?page_id=6"},"modified":"2026-01-28T14:36:02","modified_gmt":"2026-01-28T13:36:02","slug":"lkm-3","status":"publish","type":"page","link":"https:\/\/www.lkm.uni-konstanz.de\/support\/lkm-3\/","title":{"rendered":"LKM?"},"content":{"rendered":"<p>Literatur-Kunst-Medien &#8211; drei F\u00e4cher werden hier zu einem Studiengang kombiniert. Doch wie l\u00e4uft das Studium? Zun\u00e4chst einmal lernen alle Bachelor-Studierenden \u201eihr Handwerk\u201c: In Einf\u00fchrungsveranstaltungen zu allen drei Disziplinen werden in den ersten beiden Semestern die Grundlagen vermittelt. Begleitet von Tutorien geht es z.B. um die wichtigsten theoretischen Ans\u00e4tze, die Epochen, die historische Entwicklung der Wissenschaften selbst. So kann man bereits nach kurzer Zeit beispielhafte Gem\u00e4lde\/Texte\/Filme\/Fotografien oder andere mediale Produkte besprechen und verstehen lernen. Sp\u00e4ter kann man sich in Seminaren aussuchen, mit welchen Themen(-feldern) man sich weiter besch\u00e4ftigen m\u00f6chte, kann Verkn\u00fcpfungen zwischen den drei F\u00e4chern finden oder erstellen und sein Wissen vertiefen. Das Angebot an Seminaren ist gro\u00df und vielf\u00e4ltig und die Dozenten sind f\u00fcr spannende Ideen immer offen.<\/p>\n<p><img loading=\"lazy\" decoding=\"async\" class=\" wp-image-5920 alignleft\" src=\"https:\/\/kim59.wwwdns.kim.uni-konstanz.de\/support\/wp-content\/uploads\/sites\/4\/2020\/09\/webdoku-1-300x169.png\" alt=\"\" width=\"314\" height=\"177\" srcset=\"https:\/\/www.lkm.uni-konstanz.de\/support\/wp-content\/uploads\/sites\/4\/2020\/09\/webdoku-1-300x169.png 300w, https:\/\/www.lkm.uni-konstanz.de\/support\/wp-content\/uploads\/sites\/4\/2020\/09\/webdoku-1-768x433.png 768w, https:\/\/www.lkm.uni-konstanz.de\/support\/wp-content\/uploads\/sites\/4\/2020\/09\/webdoku-1-1024x577.png 1024w, https:\/\/www.lkm.uni-konstanz.de\/support\/wp-content\/uploads\/sites\/4\/2020\/09\/webdoku-1-780x440.png 780w, https:\/\/www.lkm.uni-konstanz.de\/support\/wp-content\/uploads\/sites\/4\/2020\/09\/webdoku-1.png 1213w\" sizes=\"auto, (max-width: 314px) 100vw, 314px\" \/>Das klingt noch recht abstrakt? In der interaktiven <a href=\"https:\/\/www.lkm.uni-konstanz.de\/webdoku\" target=\"_blank\" rel=\"noopener noreferrer\">LKM-Webdoku von LKM-Studierenden f\u00fcr LKM-Interessierte<\/a> haben die LKM-Studis und Absolventen Louise Haitz, Manuel Schaub, Philipp Speth und Veronika P\u00f6hnl f\u00fcr euch viele Interviews, Beispiele und Anschauungsmaterial zusammengetragen, warum es sich lohnen kann, in Konstanz LKM zu studieren. 2025 ist zudem ein neuer <a href=\"https:\/\/youtu.be\/oTHjTFnE1s8\">Interviewfilm<\/a> entstanden, der Einblicke in das LKM-Studium vermittelt.<br \/>\nZus\u00e4tzlich erz\u00e4hlen euch <a href=\"https:\/\/www.lkm.uni-konstanz.de\/support\/lkm-3\/studierende-2\/\">hier<\/a> einige LKM-Studis noch ihre pers\u00f6nlichen Entscheidungs- und Studienwege. Einen Einblick in die drei Teilbereiche und einen \u00dcberblick \u00fcber die Dozierenden gibt es <a href=\"https:\/\/www.lkm.uni-konstanz.de\/support\/studieren\/lehre\/\">hier<\/a>.<\/p>\n<p>Infos zu Zulassungsvoraussetzungen, Bewerbung und Berufsperspektiven findest Du auch <a href=\"http:\/\/www.studium.uni-konstanz.de\/studienangebot\/studiengaenge-abschluesse\/studiengaenge-a-z\/literatur-kunst-medien-bachelor\/\" target=\"_blank\" rel=\"noopener noreferrer\">hier<\/a> in der offiziellen Studiengangsbeschreibung der Universit\u00e4t Konstanz.<\/p>\n<p>Ein Besuch in Vorlesungen und in manchen F\u00e4llen auch Seminaren ist grunds\u00e4tzlich m\u00f6glich, wir helfen Dir gerne, einen Besuch bei uns zu organisieren. Dann kannst Du live sehen, was im Studium auf Dich zukommt und ob das zu Dir passt. Schreib uns einfach!<\/p>\n<p>&nbsp;<\/p>\n<p><iframe loading=\"lazy\" title=\"Literatur-, Kunst- und Medienwissenschaften - Interviewfilm 2025\" width=\"1080\" height=\"608\" src=\"https:\/\/www.youtube.com\/embed\/oTHjTFnE1s8?feature=oembed\" frameborder=\"0\" allow=\"accelerometer; autoplay; clipboard-write; encrypted-media; gyroscope; picture-in-picture; web-share\" referrerpolicy=\"strict-origin-when-cross-origin\" allowfullscreen><\/iframe><\/p>\n","protected":false},"excerpt":{"rendered":"<p>Literatur-Kunst-Medien &#8211; drei F\u00e4cher werden hier zu einem Studiengang kombiniert. Doch wie l\u00e4uft das Studium? Zun\u00e4chst einmal lernen alle Bachelor-Studierenden \u201eihr Handwerk\u201c: In Einf\u00fchrungsveranstaltungen zu allen drei Disziplinen werden in &hellip;<\/p>\n","protected":false},"author":1,"featured_media":0,"parent":0,"menu_order":1,"comment_status":"closed","ping_status":"closed","template":"","meta":{"_stc_notifier_status":"","_stc_notifier_sent_time":"","_stc_notifier_request":false,"_stc_notifier_prevent":false,"_stc_subscriber_keywords":"","_stc_subscriber_search_areas":"","footnotes":""},"class_list":["post-6","page","type-page","status-publish","hentry","entry entry-center"],"_links":{"self":[{"href":"https:\/\/www.lkm.uni-konstanz.de\/support\/wp-json\/wp\/v2\/pages\/6","targetHints":{"allow":["GET"]}}],"collection":[{"href":"https:\/\/www.lkm.uni-konstanz.de\/support\/wp-json\/wp\/v2\/pages"}],"about":[{"href":"https:\/\/www.lkm.uni-konstanz.de\/support\/wp-json\/wp\/v2\/types\/page"}],"author":[{"embeddable":true,"href":"https:\/\/www.lkm.uni-konstanz.de\/support\/wp-json\/wp\/v2\/users\/1"}],"replies":[{"embeddable":true,"href":"https:\/\/www.lkm.uni-konstanz.de\/support\/wp-json\/wp\/v2\/comments?post=6"}],"version-history":[{"count":8,"href":"https:\/\/www.lkm.uni-konstanz.de\/support\/wp-json\/wp\/v2\/pages\/6\/revisions"}],"predecessor-version":[{"id":6399,"href":"https:\/\/www.lkm.uni-konstanz.de\/support\/wp-json\/wp\/v2\/pages\/6\/revisions\/6399"}],"wp:attachment":[{"href":"https:\/\/www.lkm.uni-konstanz.de\/support\/wp-json\/wp\/v2\/media?parent=6"}],"curies":[{"name":"wp","href":"https:\/\/api.w.org\/{rel}","templated":true}]}}