{"id":5994,"date":"2021-09-16T15:56:43","date_gmt":"2021-09-16T13:56:43","guid":{"rendered":"https:\/\/www.lkm.uni-konstanz.de\/support\/?page_id=5994"},"modified":"2025-10-09T15:25:11","modified_gmt":"2025-10-09T13:25:11","slug":"ba-erstis-wise-2023-24","status":"publish","type":"page","link":"https:\/\/www.lkm.uni-konstanz.de\/support\/ba-erstis-wise-2023-24\/","title":{"rendered":"BA-Erstis WiSe 2025\/26"},"content":{"rendered":"<p><em><strong>Hallo und herzlich willkommen im ersten Semester Bachelor LKM!<\/strong><\/em><\/p>\n<p data-start=\"149\" data-end=\"287\">Wie immer im Leben, in wirklich jeder Situation und im gesamten Universum gilt auch hier an allererster Stelle:<br data-start=\"267\" data-end=\"270\" \/><strong>Keine. Panik.<\/strong><\/p>\n<p data-start=\"289\" data-end=\"411\">Am Anfang ist vieles neu und vielleicht noch etwas un\u00fcbersichtlich, aber keine Sorge, das legt sich in der Regel schnell.<\/p>\n<hr \/>\n<p data-start=\"413\" data-end=\"575\">Damit euch der Einstieg in die Erstiwoche vom <strong data-start=\"459\" data-end=\"487\">13. bis 17. Oktober 2025<\/strong> etwas leichter f\u00e4llt, haben wir hier die wichtigsten Termine f\u00fcr euch zusammengestellt:<\/p>\n<ul>\n<li>Die<strong> Erstsemesterbegr\u00fc\u00dfung<\/strong> findet dieses Wintersemester am<strong>\u00a013. Oktober 2025 <\/strong>um<strong> 16.00 &#8211; 17.30 Uhr <\/strong>im<strong> Audimax (A600) <\/strong>statt.<\/li>\n<\/ul>\n<p>&nbsp;<\/p>\n<ul>\n<li>Die <strong>Infoveranstaltung zur Pr\u00fcfungsordnung und Studienorganisation <\/strong>von Dr. Daniel H\u00fctter findet am<strong> 14. Oktober 2025 <\/strong>von<strong> 10:00-11:30 Uhr <\/strong>im H\u00f6rsaal<strong> A701<\/strong> statt.<\/li>\n<\/ul>\n<p>&nbsp;<\/p>\n<ul>\n<li>Die<strong data-start=\"78\" data-end=\"115\"> Ersti-Kneipentour von LitLing<\/strong> findet am <strong data-start=\"126\" data-end=\"146\">14. Oktober 2025<\/strong> statt. Kommt um <strong>18:30 Uhr<\/strong> zum <strong>Kaiserbrunnen<\/strong> auf der <strong>Marktst\u00e4tte<\/strong> \u2013 dort geht\u2019s los! Bei der Tour lernt ihr in kleinen Gruppen neue Leute und Bars in Konstanz kennen.<br data-start=\"301\" data-end=\"304\" \/>Wichtig: Es besteht keine Trinkpflicht!<\/li>\n<\/ul>\n<p>&nbsp;<\/p>\n<ul>\n<li data-start=\"358\" data-end=\"714\">Die<strong data-start=\"358\" data-end=\"397\"> Stundenplanberatung von LitLing<\/strong> f\u00fcr den <strong data-start=\"406\" data-end=\"447\">B.A. Literatur \u2013 Kunst \u2013 Medien (LKM)<\/strong> findet am <strong data-start=\"458\" data-end=\"504\">15. Oktober 2025 <\/strong>um<strong data-start=\"458\" data-end=\"504\"> 15:15 Uhr <\/strong>in Raum<strong data-start=\"458\" data-end=\"504\"> G227<\/strong>\u00a0statt. Hier erkl\u00e4ren euch erfahrene LKM-Studierende noch einmal die Pr\u00fcfungsordnung, wie die Kursanmeldung in ZEuS funktioniert und welche Veranstaltungen ihr belegen m\u00fcsst bzw. k\u00f6nnt.<\/li>\n<\/ul>\n<p>&nbsp;<\/p>\n<ul>\n<li>Das<strong data-start=\"721\" data-end=\"762\"> Erstsemesterfr\u00fchst\u00fcck von LitLing<\/strong> findet am <strong data-start=\"773\" data-end=\"819\">16. Oktober 2025 <\/strong>um<strong data-start=\"773\" data-end=\"819\"> 10:00 Uhr <\/strong>in<strong data-start=\"773\" data-end=\"819\"> Raum E404<\/strong> statt.<br data-start=\"826\" data-end=\"829\" \/>Bei Kaffee und Brezeln habt ihr die Gelegenheit, eure Kommiliton*innen kennenzulernen und euch auszutauschen.<\/li>\n<\/ul>\n<p>&nbsp;<\/p>\n<ul>\n<li>Der <strong>Kunst- und Campusspaziergang<\/strong> findet am <strong>16. Oktober 2025<\/strong>\u00a0 von <strong>15:30 bis 17:30 Uhr<\/strong> statt. Treffpunkt ist der Haupteingang der Uni. Die Hochschulgruppe Kunst-Werk-Stadt zeigt euch die wichtigsten Orte der Uni, sowie Hintergr\u00fcnde zu den Kunstwerken, die sich hier verstecken.<\/li>\n<\/ul>\n<p>&nbsp;<\/p>\n<ul>\n<li>Das <strong>Ersti-Caf\u00e9 (LitLing)<\/strong> findet am <strong>17. Oktober 2025<\/strong> nachmittags im <strong>Fachschaftsraum H282<\/strong> statt. Wenn ihr trotz (oder gerade wegen) der vielen Infoveranstaltungen noch Fragen habt, die euch unter den N\u00e4geln brennen, habt ihr hier die Gelegenheit, sie loszuwerden. Oder m\u00f6chtet ihr einfach nur die Fachschaft und den Fachschaftsraum kennenlernen? Dann schaut gerne spontan am Freitagnachmittag vorbei!<\/li>\n<\/ul>\n<p>&nbsp;<\/p>\n<p>&nbsp;<\/p>\n<p>Die <strong>freiwilligen Vorkurse zum wissenschaftlichen Schreiben in den Geisteswissenschaften<\/strong> finden vom 09.10.2025-11.10.2025 und vom 17.10.2025-18.10.2025 statt. Genauere <strong>Infos<\/strong> und die <strong>Anmeldung<\/strong> hierzu findet ihr <a href=\"https:\/\/www.uni-konstanz.de\/studieren\/vor-dem-studium\/studienstarter\/vorkurse-und-orientierungsprogramme\/\">hier<\/a>.<\/p>\n<hr \/>\n<p>&nbsp;<\/p>\n<p><span style=\"font-size: 18px;font-family: Lora\"><strong>Wichtige erste Schritte zu Semesterbeginn:<\/strong><\/span><\/p>\n<p><span style=\"font-family: Lora\">Generelle Infos zu Formalia (Studierendenausweis, Email-Account, Studi-Ticket etc.) stehen auf dem <a href=\"https:\/\/www.uni-konstanz.de\/studieren\/vor-dem-studium\/studienstarter\/\" target=\"_blank\" rel=\"noopener noreferrer\">Studienstarter-Portal<\/a>.<\/span><\/p>\n<p><span style=\"font-family: Lora\"><a href=\"https:\/\/www.uni-konstanz.de\/studieren\/im-studium\/formalitaeten\/unicard\/\" target=\"_blank\" rel=\"noopener noreferrer\">Studierendenausweis beantragen\/holen<\/a><\/span><br \/>\n<span style=\"font-family: Lora\"><a href=\"https:\/\/www.kim.uni-konstanz.de\/e-mail-und-internet\/uni-mail\/\" target=\"_blank\" rel=\"noopener noreferrer\">Uni-Mailadresse aktivieren<\/a><\/span><\/p>\n<p><span style=\"font-size: 16px;font-family: Lora\"><strong>Zentrale Studienberatung (ZSB)<\/strong><\/span><\/p>\n<p><span style=\"font-family: Lora\"><a href=\"https:\/\/www.uni-konstanz.de\/studieren\/beratung-und-service\/zentrale-studienberatung\/\" target=\"_blank\" rel=\"noopener noreferrer\">Hier<\/a> gehts zu den Seiten der zentralen Studienberatung. Die Zentrale Studienberatung, kurz ZSB, ist die zentrale Anlaufstelle vor und w\u00e4hrend des Studiums.<\/span><br \/>\n<span style=\"font-family: Lora\">Studierende und Studieninteressierte finden hier Rat und Hilfe bei fachkundigen StudienberaterInnen, die pers\u00f6nlich, vertraulich und individuell zu Themen rund ums Studium, von der Wahl des richtigen Studiengangs \u00fcber Lernschwierigkeiten bis hin zu Studienabbruch oder Fachwechsel, beraten. Zudem bieten sie f\u00fcr Studieninteressierte sowie Studierende ein vielf\u00e4ltiges Programm an Workshops, Vortr\u00e4gen und Online-Angeboten.<\/span><br \/>\n<span style=\"font-family: Lora\">Auf der Website der ZSB findest du hier ein <a href=\"https:\/\/www.pocketguide.uni-konstanz.de\/studienstart\/#\/\">Know How zum Studienstart<\/a>, das die wichtigsten Punkte f\u00fcr deinen gelungenen Studienstart zusammenfasst. In einem <a href=\"https:\/\/www.uni-konstanz.de\/studieren\/beratung-und-service\/zentrale-studienberatung\/angebote-fuer-studierende\/lernberatung\/\" target=\"_blank\" rel=\"noopener noreferrer\">Kompaktkurs auf ILIAS<\/a> wurden auch jede Menge Beratungsstellen, Infobl\u00e4tter und Checklisten (nicht nur) f\u00fcr Studienstarter zusammengestellt, vielleicht ist ja etwas N\u00fctzliches f\u00fcr euch dabei.<\/span><\/p>\n<p><span style=\"font-size: 16px;font-family: Lora\"><strong>Bei spezifischen Fragen zu LKM sind das deine wichtigsten AnsprechpartnerInnen am Fachbereich:<\/strong><\/span><\/p>\n<p><span style=\"font-family: Lora\"><a href=\"https:\/\/www.litwiss.uni-konstanz.de\/beratung-und-service\/studienberatung\/\" target=\"_blank\" rel=\"noopener noreferrer\">Fachbereichsreferent<\/a><a href=\"https:\/\/www.litwiss.uni-konstanz.de\/beratung-und-service\/studienberatung\/\" target=\"_blank\" rel=\"noopener noreferrer\"> u<\/a><a href=\"https:\/\/www.litwiss.uni-konstanz.de\/beratung-und-service\/studienberatung\/\" target=\"_blank\" rel=\"noopener noreferrer\">nd<\/a><a href=\"https:\/\/www.litwiss.uni-konstanz.de\/beratung-und-service\/studienberatung\/\" target=\"_blank\" rel=\"noopener noreferrer\"> offizielle Studienberatung f\u00fcr LKM<\/a><\/span><\/p>\n<div class=\"page\" title=\"Page 50\">\n<div class=\"section\">\n<div class=\"layoutArea\">\n<div class=\"column\">\n<p><span style=\"font-family: Lora\"><a href=\"https:\/\/www.litwiss.uni-konstanz.de\/fachbereich\/personen\/personalverzeichnis-von-a-z\/\">Personen von A-Z<\/a><\/span><\/p>\n<p>&nbsp;<\/p>\n<p><span style=\"font-family: Lora\">Den <strong>LKM-Support<\/strong> erreicht ihr unter lkmsupport@uni-konstanz.de. Hier auf der Website findet ihr ausf\u00fchrliche Anleitungen und Erkl\u00e4rungen rund um euer Studium von A wie Abschlussarbeit, P wie Pr\u00fcfungsordnung (sehr wichtig!) bis Z wie Zukunftsperspektiven. Kurz und knapp findet ihr diese Themen auch als How-To-Anleitungen auf unserer <a href=\"https:\/\/www.instagram.com\/unikonstanz_lkm\/\" target=\"_blank\" rel=\"noopener\">Instagramseite <\/a>aufbereitet. Dort posten wir auch regelm\u00e4\u00dfig LKM-relevante Stellenausschreibungen, kulturelle Veranstaltungstipps in und um Konstanz und geben euch Insights in aktuelle Praxisprojekte eurer neuen Komilliton*innen. Also folgen lohnt sich \ud83d\ude09<\/span><\/p>\n<p>&nbsp;<\/p>\n<p><span style=\"font-family: Lora\">Die <strong>Fachschaft LitLing<\/strong> erreicht ihr unter fs-litling@uni-konstanz.de. <a href=\"https:\/\/mailman.uni-konstanz.de\/mailman\/listinfo\/fs-litling\" target=\"_blank\" rel=\"noopener noreferrer\">Hier kann der Newsletter der Fachschaft abonniert werden!<\/a><strong><br \/>\n<\/strong><\/span><\/p>\n<\/div>\n<p>&nbsp;<\/p>\n<p><span style=\"font-size: 16px;font-family: Lora\"><strong>F\u00fcr Fragen rund um Wohnen, Essen und Finanzen: <\/strong>Schaut doch <a href=\"https:\/\/www.lkm.uni-konstanz.de\/support\/bewerben\/dein-neues-leben-in-konstanz\/\"><em>hier<\/em><\/a> vorbei<\/span><\/p>\n<p>&nbsp;<\/p>\n<p><span style=\"font-family: Lora\"><strong>Du willst neue Kontakte kn\u00fcpfen und\/oder suchst Gleichgesinnte zu deinen Hobbys und Interessen? Dann schlie\u00df dich doch einer der vielen Hochschulgruppen an! <\/strong><a href=\"https:\/\/www.stuve.uni-konstanz.de\/angebote-projekte\/angebote\/hochschulgruppen\/\"><em>Hier<\/em> <\/a>findest du eine \u00dcbersicht \u00fcber alle registrierten Hochschulgruppen und in der Liste unten eine kleine Auswahl von besonders bei LKM-Studis beliebten Gruppen. Ein kleiner Tipp: Manches Engagement l\u00e4sst sich auch mit Credits im Bereich der Schl\u00fcsselqualifikationen anrechnen.<\/span><\/p>\n<\/div>\n<\/div>\n<\/div>\n<p><span style=\"font-family: Lora\"><a href=\"https:\/\/www.instagram.com\/campuls.online\/?img_index=1\" target=\"_blank\" rel=\"noopener noreferrer\">Unizeitung Campuls Online<\/a><\/span><\/p>\n<p><span style=\"font-family: Lora\"><a href=\"https:\/\/www.gamelab.uni-konstanz.de\/\" target=\"_blank\" rel=\"noopener noreferrer\">GameLab\u00a0<\/a><\/span><\/p>\n<p><span style=\"font-family: Lora\"><a href=\"https:\/\/www.instagram.com\/kunst.werk.stadt\/\" target=\"_blank\" rel=\"noopener noreferrer\">Kunst-Werk-Stadt<\/a><\/span><\/p>\n<p><span style=\"font-family: Lora\"><a href=\"https:\/\/www.instagram.com\/uniradiokonstanz\/\" target=\"_blank\" rel=\"noopener noreferrer\">Uniradio Konstanz<\/a><\/span><\/p>\n<p><a href=\"https:\/\/www.instagram.com\/kuenstlerkollektiv_unikonstanz\/\">K\u00fcnstlerkollektiv<\/a><\/p>\n<p><a href=\"https:\/\/www.uni-konstanz.de\/theater\/\">Unitheater Konstanz<\/a><\/p>\n<p><a href=\"https:\/\/www.uni-konstanz.de\/hsg\/kino\/\">Lumiere Unikino<\/a><\/p>\n<div class=\"page\" title=\"Page 40\">\n<div class=\"section\">\n<div class=\"layoutArea\"><span style=\"font-family: Lora\"><a href=\"https:\/\/www.facebook.com\/groups\/128372224534315\/\" target=\"_blank\" rel=\"noopener noreferrer\">Tintenschmiede<\/a><\/span><\/div>\n<\/div>\n<\/div>\n<div class=\"layoutArea\"><\/div>\n<div class=\"page\" title=\"Page 40\">\n<div class=\"section\">\n<div><span style=\"font-family: Lora\"><a href=\"https:\/\/dieirrlichter.wordpress.com\/\">Irrlichter Konstanz<\/a><\/span><\/div>\n<div><\/div>\n<div>(STAND: Oktober 2025)<\/div>\n<\/div>\n<\/div>\n","protected":false},"excerpt":{"rendered":"<p>Hallo und herzlich willkommen im ersten Semester Bachelor LKM! Wie immer im Leben, in wirklich jeder Situation und im gesamten Universum gilt auch hier an allererster Stelle:Keine. Panik. Am Anfang &hellip;<\/p>\n","protected":false},"author":13,"featured_media":0,"parent":0,"menu_order":0,"comment_status":"closed","ping_status":"closed","template":"","meta":{"_stc_notifier_status":"","_stc_notifier_sent_time":"","_stc_notifier_request":false,"_stc_notifier_prevent":false,"_stc_subscriber_keywords":"","_stc_subscriber_search_areas":"","footnotes":""},"class_list":["post-5994","page","type-page","status-publish","hentry","entry entry-center"],"_links":{"self":[{"href":"https:\/\/www.lkm.uni-konstanz.de\/support\/wp-json\/wp\/v2\/pages\/5994","targetHints":{"allow":["GET"]}}],"collection":[{"href":"https:\/\/www.lkm.uni-konstanz.de\/support\/wp-json\/wp\/v2\/pages"}],"about":[{"href":"https:\/\/www.lkm.uni-konstanz.de\/support\/wp-json\/wp\/v2\/types\/page"}],"author":[{"embeddable":true,"href":"https:\/\/www.lkm.uni-konstanz.de\/support\/wp-json\/wp\/v2\/users\/13"}],"replies":[{"embeddable":true,"href":"https:\/\/www.lkm.uni-konstanz.de\/support\/wp-json\/wp\/v2\/comments?post=5994"}],"version-history":[{"count":27,"href":"https:\/\/www.lkm.uni-konstanz.de\/support\/wp-json\/wp\/v2\/pages\/5994\/revisions"}],"predecessor-version":[{"id":6381,"href":"https:\/\/www.lkm.uni-konstanz.de\/support\/wp-json\/wp\/v2\/pages\/5994\/revisions\/6381"}],"wp:attachment":[{"href":"https:\/\/www.lkm.uni-konstanz.de\/support\/wp-json\/wp\/v2\/media?parent=5994"}],"curies":[{"name":"wp","href":"https:\/\/api.w.org\/{rel}","templated":true}]}}