{"id":59,"date":"2011-02-08T17:46:38","date_gmt":"2011-02-08T17:46:38","guid":{"rendered":"http:\/\/literaturkunstmedien.wordpress.com\/?page_id=59"},"modified":"2024-05-28T00:08:51","modified_gmt":"2024-05-27T22:08:51","slug":"auslandsstudium","status":"publish","type":"page","link":"https:\/\/www.lkm.uni-konstanz.de\/support\/studieren\/auslandsstudium\/","title":{"rendered":"Auslandsstudium"},"content":{"rendered":"<h4><strong>ERASMUS+<\/strong><\/h4>\n<p style=\"text-align: left\">Ob Frankreich, Spanien, Norwegen oder Polen: An der Uni Konstanz findest Du ein breites Angebot an Pl\u00e4tzen und M\u00f6glichkeiten f\u00fcr ein Auslandssemester innerhalb von Europa (die Liste findest du <a href=\"https:\/\/www.uni-konstanz.de\/international-participation\/partner-und-kooperationen\/partneruniversitaeten\/erasmus-partneruniversitaeten\/\" target=\"_blank\" rel=\"noopener noreferrer\">hier<\/a>).<\/p>\n<p style=\"text-align: left\">Die Frist f\u00fcr ein innereurop\u00e4isches Auslandsstudium l\u00e4uft am 01. Februar ab<em>,<\/em> den Zeitpunkt des Austausches bestimmst jedoch Du; es ist allerdings empfehlenswert, schon mindestens 3 bis 4 Semester studiert zu haben, um an einer Universit\u00e4t im Ausland studieren zu k\u00f6nnen und etwas von dem zu verstehen, was dort inhaltlich gelehrt wird.<\/p>\n<p style=\"text-align: left\">Bei den meisten Bewerbungen wird folgendes gefordert:<\/p>\n<ul>\n<li>Erasmus+ Bewerbungsformular bzw. formloses Anschreiben<\/li>\n<li>Sprachzeugnis<\/li>\n<li>Tabellarischer Lebenslauf<\/li>\n<li>Motivationsschreiben (max. 1 Seite)<\/li>\n<li>ggf. Gutachten<\/li>\n<\/ul>\n<p>Die konkreten Anforderungen k\u00f6nnen jedoch von Land zu Land, von Stadt zu Stadt und von Uni zu Uni variieren, informiere dich daher konkret \u00fcber die Anforderungen deiner Wunschunis. Einen \u00dcberblick \u00fcber die Bewerbungsschritte kannst du dir <a href=\"https:\/\/www.uni-konstanz.de\/international-office\/wege-ins-ausland\/studium-im-ausland\/erasmus\/\">hier<\/a> verschaffen.<\/p>\n<p style=\"text-align: left\">Bei all diesen Fragen zu ERASMUS+ sind Dir Frau Melanie Hochst\u00e4tter und Frau Anja Christ behilflich, sie leiten die <em>ERASMUS-Beratung<\/em> f\u00fcr den Fachbereich Literaturwissenschaft. Die Homepage des International Office findest Du <a href=\"http:\/\/www.uni-konstanz.de\/international\/\" target=\"_blank\" rel=\"noopener noreferrer\">hier<\/a>.<\/p>\n<p>&nbsp;<\/p>\n<h4><strong>\u00dcBERSEE<\/strong><\/h4>\n<p>Wenn du dich f\u00fcr ein au\u00dfereurop\u00e4isches Auslandssemester interessierst, kannst du dieses in Asien, Australien, S\u00fcdafrika, Nord- oder S\u00fcdamerika machen. Hierf\u00fcr gibt es aber einen h\u00f6heren organisatorischen Aufwand und bei jedem Land unterschiedliche Voraussetzungen. Anders als bei ERASMUS+ ben\u00f6tigst du meistens einen Toefl Sprachtest, manchmal ein Gutachten einer Dozentin oder eines Dozenten und einen Reisepass. Die Checkliste, was du alles f\u00fcr eine Bewerbung ben\u00f6tigst, findest du <a href=\"https:\/\/www.uni-konstanz.de\/securedl\/sdl-eyJ0eXAiOiJKV1QiLCJhbGciOiJIUzI1NiJ9.eyJpYXQiOjE3MTY3OTQyNzYsImV4cCI6MTcxNzQ4NTQ3NiwidXNlciI6MCwiZ3JvdXBzIjpbMCwtMV0sImZpbGUiOiJmaWxlYWRtaW4vemVudHJhbC91bml2ZXJzaXRhZXQvaW50ZXJuYXRpb25hbC9JbnNBdXNsYW5kQWJlcldpZS9TdHVkaXVtL0Jld2VyYnVuZy9DaGVja2xpc3RlX0Jld2VyYnVuZ3N1bnRlcmxhZ2VuXzIwMjMucGRmIiwicGFnZSI6NTYyMDF9.wfAT51h-AWM3Eq2tqmE7prnhVft4f4Ty_2fclbkmBu8\/Checkliste_Bewerbungsunterlagen_2023.pdf\">hier<\/a>. Kommt es dann zu einer Zusage, musst du dich um ein Visum und eine Auslandskrankenversicherung k\u00fcmmern. Die unterschiedlichen Voraussetzungen, Ansprechpersonen und Bewerbungsfristen sind hier grob skizziert, \u00fcber die Links kannst du dich dann genauer informieren:<\/p>\n<p>Nordamerika und Kanada<\/p>\n<ul>\n<li>Tina Bebensee ist die Ansprechpartnerin f\u00fcr Nordamerika und Kanada.<\/li>\n<li>Bewerbungsfrist: 02. November<\/li>\n<li>ab der Bewerbungsrunde 2025-26 wird der Duolingo English Test als Nachweis akzeptiert, davor muss ein Toefl absolviert werden<\/li>\n<li>Infos rund um Bewerbung, Visa, etc. ist <a href=\"https:\/\/www.uni-konstanz.de\/international-office\/wege-ins-ausland\/studium-im-ausland\/nordamerika\/\">hier<\/a> zu finden<\/li>\n<\/ul>\n<p>S\u00fcdamerika<\/p>\n<ul>\n<li>Ansprechpartnerin Christina Fritz<\/li>\n<li>Bewerbungsfrist: 15. Januar und 01. Juni<\/li>\n<li>Infos rund um Bewerbung, Visa, etc. ist <a href=\"https:\/\/www.uni-konstanz.de\/international-office\/wege-ins-ausland\/studium-im-ausland\/lateinamerika\/\">hier<\/a> zu finden<\/li>\n<\/ul>\n<p>Asien und Australien<\/p>\n<ul>\n<li>Ansprechpartnerin Christina Fritz<\/li>\n<li>Bewerbungsfrist: 15. Januar<\/li>\n<li>Infos rund um Bewerbung, Visa, etc. ist <a href=\"https:\/\/www.uni-konstanz.de\/international-office\/wege-ins-ausland\/studium-im-ausland\/asien-nahost\/\">hier<\/a> (Asien) und <a href=\"https:\/\/www.uni-konstanz.de\/international-office\/wege-ins-ausland\/studium-im-ausland\/australien-neuseeland\/\">hier<\/a> (Australien) zu finden<\/li>\n<\/ul>\n<p>S\u00fcdafrika<\/p>\n<ul>\n<li>Ansprechpartnerin Angela Argento<\/li>\n<li>Bewerbungsfrist 15. Januar und 01. Juni<\/li>\n<li>Infos rund um Bewerbung, Visum, etc. ist <a href=\"https:\/\/www.uni-konstanz.de\/international-office\/wege-ins-ausland\/studium-im-ausland\/afrika\/\">hier<\/a> zu finden<\/li>\n<\/ul>\n<h4><\/h4>\n<h4><span style=\"font-family: Lato;font-size: 18px\"><strong>Finanzierung<\/strong><\/span><\/h4>\n<p>Da ein au\u00dfereurop\u00e4isches Auslandsstudium anders als bei ERASMUS+ meistens teurer und nicht automatisch mitgef\u00f6rdert wird, gibt es einige <strong>Stipendien<\/strong>, die den Auslandsaufenthalt f\u00f6rdern. Infos hierzu findet ihr <a href=\"https:\/\/www.uni-konstanz.de\/international-office\/wege-ins-ausland\/finanzielle-foerderung\/\">hier<\/a>.<\/p>\n<h4><\/h4>\n<h4><strong>Anerkennung\u00a0 Studien- und Pr\u00fcfungsleistungen aus dem Ausland<\/strong><\/h4>\n<p>F\u00fcr die Anerkennung von Studien- und Pr\u00fcfungsleistungen aus dem Ausland f\u00fcr die Studieng\u00e4nge BA LKM und MA LKM sind Dr. Anna-Maria Post (Literaturwissenschaften); Leona Maier (Kunstwissenschaften) und Prof. Dr. Beate Ochsner (Medienwissenschaften) zust\u00e4ndig. Alle wichtigen Informationen, Formulare und Notenumrechnungstabellen findest du <a href=\"https:\/\/www.uni-konstanz.de\/international-participation-und-erasmus-humanities\/studium\/erasmus-studium\/outgoings\/anerkennung\/\">hier<\/a>.<\/p>\n<p><strong>WICHTIG!<\/strong> Bevor Du ins Auslandssemester gehst, solltest Du dich eingehend dar\u00fcber informieren, welche Kurse an der ausl\u00e4ndischen Uni angeboten werden und welche Kurse Du belegen m\u00f6chtest bzw. welche Du dir als Veranstaltung, Proseminar, Hauptseminar oder Oberseminar anrechnen lassen m\u00f6chtest. Dazu ist es wichtig, dass Du dir anhand der Studien- und Pr\u00fcfungsordnung bzw. des Modulhandbuchs noch einmal klar machst, welche Anforderungen in Deutschland gestellt werden und inwiefern die gew\u00e4hlten Kurse wirklich \u00e4quivalent zum deutschen Kurssystem sind. Um Missverst\u00e4ndnisse zu vermeiden, raten wir deshalb DRINGEND dazu, bereits VOR dem Auslandsaufenthalt in die Sprechstunden der jeweiligen DozentInnen zu gehen und abzukl\u00e4ren, ob sie Dir im Nachhinein die Scheine anerkennen werden. Wichtig zu wissen ist au\u00dferdem noch, dass Du bei der Bewerbung f\u00fcr ein Auslandssemester ausw\u00e4hlen kannst, ob Dir das Auslandssemester als Urlaubssemester angerechnet werden soll oder nicht. Solltest Du dich daf\u00fcr entscheiden, es Dir beurlauben zu lassen, dann werden Dir etwaige Pr\u00fcfungsleistungen, die Du w\u00e4hrend des Urlaubssemesters an der Uni Konstanz (!) absolviert hast, nicht angerechnet. Pr\u00fcfungsleistungen aus einem nicht-beurlaubten Semester d\u00fcrfen jedoch abgeschlossen werden. Weitere Informationen zum Urlaubssemester gibt es <a href=\"https:\/\/www.uni-konstanz.de\/studieren\/im-studium\/formalitaeten\/beurlaubung-vom-studium\/\" target=\"_blank\" rel=\"noopener noreferrer\">hier<\/a>.<\/p>\n<p>Im Regelfall ben\u00f6tigst Du, wenn Du wiederkommst, ein <em>Transcript of Records<\/em>, welches auflistet, welche Veranstaltungen Du an der anderen Universit\u00e4t belegt und bestanden hast. Im Rahmen des Erasmus-Austausches erh\u00e4ltst Du dieses Formular bei Frau Melanie Hochst\u00e4tter; falls Du au\u00dfereurop\u00e4isch studiert hast, ben\u00f6tigst Du eine Best\u00e4tigung Deiner Uni dort \u00fcber die Kurse, die Wochenstundenanzahl, die Inhalte (Bibliographie!) des Kurses und den absolvierten Pr\u00fcfungsleistungen (Essays, Klausuren etc.). Falls Du dazu noch Fragen hast, kannst Du dich gerne auch an uns wenden.<\/p>\n<p>(Stand: Mai 2024)<\/p>\n","protected":false},"excerpt":{"rendered":"<p>ERASMUS+ Ob Frankreich, Spanien, Norwegen oder Polen: An der Uni Konstanz findest Du ein breites Angebot an Pl\u00e4tzen und M\u00f6glichkeiten f\u00fcr ein Auslandssemester innerhalb von Europa (die Liste findest du &hellip;<\/p>\n","protected":false},"author":1,"featured_media":0,"parent":9,"menu_order":8,"comment_status":"closed","ping_status":"closed","template":"","meta":{"_stc_notifier_status":"","_stc_notifier_sent_time":"","_stc_notifier_request":false,"_stc_notifier_prevent":false,"_stc_subscriber_keywords":"","_stc_subscriber_search_areas":"","footnotes":""},"class_list":["post-59","page","type-page","status-publish","hentry","entry entry-center"],"_links":{"self":[{"href":"https:\/\/www.lkm.uni-konstanz.de\/support\/wp-json\/wp\/v2\/pages\/59","targetHints":{"allow":["GET"]}}],"collection":[{"href":"https:\/\/www.lkm.uni-konstanz.de\/support\/wp-json\/wp\/v2\/pages"}],"about":[{"href":"https:\/\/www.lkm.uni-konstanz.de\/support\/wp-json\/wp\/v2\/types\/page"}],"author":[{"embeddable":true,"href":"https:\/\/www.lkm.uni-konstanz.de\/support\/wp-json\/wp\/v2\/users\/1"}],"replies":[{"embeddable":true,"href":"https:\/\/www.lkm.uni-konstanz.de\/support\/wp-json\/wp\/v2\/comments?post=59"}],"version-history":[{"count":13,"href":"https:\/\/www.lkm.uni-konstanz.de\/support\/wp-json\/wp\/v2\/pages\/59\/revisions"}],"predecessor-version":[{"id":6218,"href":"https:\/\/www.lkm.uni-konstanz.de\/support\/wp-json\/wp\/v2\/pages\/59\/revisions\/6218"}],"up":[{"embeddable":true,"href":"https:\/\/www.lkm.uni-konstanz.de\/support\/wp-json\/wp\/v2\/pages\/9"}],"wp:attachment":[{"href":"https:\/\/www.lkm.uni-konstanz.de\/support\/wp-json\/wp\/v2\/media?parent=59"}],"curies":[{"name":"wp","href":"https:\/\/api.w.org\/{rel}","templated":true}]}}