{"id":5390,"date":"2018-04-24T11:48:17","date_gmt":"2018-04-24T09:48:17","guid":{"rendered":"http:\/\/kim59.wwwdns.kim.uni-konstanz.de\/blog\/support\/?page_id=5390"},"modified":"2018-04-24T11:48:17","modified_gmt":"2018-04-24T09:48:17","slug":"luise-weiterlesen","status":"publish","type":"page","link":"https:\/\/www.lkm.uni-konstanz.de\/support\/lkm-3\/studierende-2\/luise-weiterlesen\/","title":{"rendered":"Luise: L-K-M &#8211; Und was macht man dann damit?"},"content":{"rendered":"<p>Besonders gut hat mir im ersten Semester die Einf\u00fchrung in die Medienwissenschaft gefallen, da sie Einblick in verschiedene Medien- und Kommunikationstheorien gibt und sowohl Professorin als auch Tutorinnen und Tutoren immer wieder dazu auffordern, diese auch kritisch zu hinterfragen.<\/p>\n<p>Nach den obligatorischen Einf\u00fchrungsveranstaltungen er\u00f6ffnet der Studiengang einen gro\u00dfen und vielf\u00e4ltigen wissenschaftlichen, sowie praktischen Spielplatz, auf dem einer jeden Studentin und einem jeden Studenten die Freiheit gelassen wird, sich auszuprobieren, seine Talente und Interessen zu entdecken und diese einzubringen. Egal ob man gerne in der Bibliothek \u00fcber Kunstb\u00e4nden br\u00fctet, selbst\u00e4ndig einen Kurzfilm dreht oder die Verantwortung bei der Organisation von einer Ausstellung oder einem Kunstfestival \u00fcbernimmt, in Konstanz trifft man auf passioniertes und st\u00e4ndig engagiertes Personal und Mitstreiter.<\/p>\n<p>Au\u00dferdem pflegt die Uni Konstanz enge Verbindungen zu vielen kulturellen und gemeinn\u00fctzigen Einrichtungen. Das Studium findet also nicht abseits der Realit\u00e4t statt, es gibt die M\u00f6glichkeit, <em>da wirklich was zu rei\u00dfen<\/em>, wenn man m\u00f6chte.<\/p>\n<p>In meinem zweiten Semester durfte ich in Zusammenarbeit mit Konstanzer und internationalen Studentinnen einen Kurzfilm drehen, wobei ich von der exzellenten technischen Ausstattung des Medienlabors profitierte. Der Kurzfilm wurde dann auch tats\u00e4chlich im Kino in Konstanz gezeigt.<\/p>\n<p>Ich durfte an der Realisierung einer Ausstellung mitwirken und ein Kunstfestival in Singen mitorganisieren und dokumentieren.<\/p>\n<p>Nebenbei motiviert und honoriert das Studium auch Engagement, welches \u00fcber seinen Inhalt hinaus geht. Ich habe beispielsweise eine Kunstgruppe in einem internationalen Kaffee ins Leben gerufen, mit welchem die Universit\u00e4t in engem Kontakt und regem Austausch steht.<\/p>\n<p>Wem das an Kultur und Engagement noch nicht reicht, dem bietet das Konstanzer Kulturticket, welches jeder Student gratis bekommt, auch noch die M\u00f6glichkeit, seine Abende mit kostenlosen Theater-, Konzert- oder Ausstellungsbesuchen zu f\u00fcllen.<\/p>\n<p>Und um das Spektrum nicht nur auf die Konstanzer Kultur zu beschr\u00e4nken, motiviert die Universit\u00e4t Konstanz seine Studentinnen und Studenten auch dazu ein oder zwei Semester im Ausland zu verbringen und pflegt dazu enge Kontakte zu Universit\u00e4ten in der ganzen Welt.<\/p>\n<p>Ich verbringe gerade ein Jahr in Lyon und profitiere neben dem Erlernen einer neuen Sprache, eines neuen Lebens- und Lehrstils auch noch von einer finanziellen F\u00f6rderung durch den EU \u2013 ERASMUS Fond.<\/p>\n<p>Alles in allem ein Studium, welches niemals langweilig oder allt\u00e4glich ist, zu kritischem Denken und einem initiativem Engagement motiviert und neue Perspektiven und Wege er\u00f6ffnet.<\/p>\n","protected":false},"excerpt":{"rendered":"<p>Besonders gut hat mir im ersten Semester die Einf\u00fchrung in die Medienwissenschaft gefallen, da sie Einblick in verschiedene Medien- und Kommunikationstheorien gibt und sowohl Professorin als auch Tutorinnen und Tutoren &hellip;<\/p>\n","protected":false},"author":2,"featured_media":0,"parent":5362,"menu_order":0,"comment_status":"closed","ping_status":"closed","template":"","meta":{"_stc_notifier_status":"","_stc_notifier_sent_time":"","_stc_notifier_request":false,"_stc_notifier_prevent":false,"_stc_subscriber_keywords":"","_stc_subscriber_search_areas":"","footnotes":""},"class_list":["post-5390","page","type-page","status-publish","hentry","entry entry-center"],"_links":{"self":[{"href":"https:\/\/www.lkm.uni-konstanz.de\/support\/wp-json\/wp\/v2\/pages\/5390","targetHints":{"allow":["GET"]}}],"collection":[{"href":"https:\/\/www.lkm.uni-konstanz.de\/support\/wp-json\/wp\/v2\/pages"}],"about":[{"href":"https:\/\/www.lkm.uni-konstanz.de\/support\/wp-json\/wp\/v2\/types\/page"}],"author":[{"embeddable":true,"href":"https:\/\/www.lkm.uni-konstanz.de\/support\/wp-json\/wp\/v2\/users\/2"}],"replies":[{"embeddable":true,"href":"https:\/\/www.lkm.uni-konstanz.de\/support\/wp-json\/wp\/v2\/comments?post=5390"}],"version-history":[{"count":0,"href":"https:\/\/www.lkm.uni-konstanz.de\/support\/wp-json\/wp\/v2\/pages\/5390\/revisions"}],"up":[{"embeddable":true,"href":"https:\/\/www.lkm.uni-konstanz.de\/support\/wp-json\/wp\/v2\/pages\/5362"}],"wp:attachment":[{"href":"https:\/\/www.lkm.uni-konstanz.de\/support\/wp-json\/wp\/v2\/media?parent=5390"}],"curies":[{"name":"wp","href":"https:\/\/api.w.org\/{rel}","templated":true}]}}