{"id":5362,"date":"2018-04-16T11:57:01","date_gmt":"2018-04-16T09:57:01","guid":{"rendered":"http:\/\/kim59.wwwdns.kim.uni-konstanz.de\/blog\/support\/?page_id=5362"},"modified":"2024-06-07T14:11:34","modified_gmt":"2024-06-07T12:11:34","slug":"studierende-2","status":"publish","type":"page","link":"https:\/\/www.lkm.uni-konstanz.de\/support\/lkm-3\/studierende-2\/","title":{"rendered":"Studierende"},"content":{"rendered":"<p><img loading=\"lazy\" decoding=\"async\" class=\"alignleft wp-image-5364 size-medium\" src=\"https:\/\/kim59.wwwdns.kim.uni-konstanz.de\/support\/wp-content\/uploads\/sites\/4\/2018\/04\/julia-300x200.jpg\" alt=\"\" width=\"300\" height=\"200\" srcset=\"https:\/\/www.lkm.uni-konstanz.de\/support\/wp-content\/uploads\/sites\/4\/2018\/04\/julia-300x200.jpg 300w, https:\/\/www.lkm.uni-konstanz.de\/support\/wp-content\/uploads\/sites\/4\/2018\/04\/julia-768x512.jpg 768w, https:\/\/www.lkm.uni-konstanz.de\/support\/wp-content\/uploads\/sites\/4\/2018\/04\/julia-1024x683.jpg 1024w, https:\/\/www.lkm.uni-konstanz.de\/support\/wp-content\/uploads\/sites\/4\/2018\/04\/julia.jpg 1086w\" sizes=\"auto, (max-width: 300px) 100vw, 300px\" \/><\/p>\n<p><strong>Julia<\/strong><\/p>\n<p>Master mit Schwerpunkt Medienwissenschaft \u2013 warum ich mich f\u00fcr Bachelor und Master in L-K-M entschieden habe:<\/p>\n<p>Weil Dir das Studium unheimlich viele Freiheiten l\u00e4sst. Nicht nur in der Wahl eines Studienfachs (Du hast einfach Drei auf einmal), sondern auch in der Wahl Deiner Seminare und Deinen sozialen oder universit\u00e4ren Engagements.<\/p>\n<p>Auch wenn der Start in einer neuen Stadt vielleicht erschlagend wirken kann, f\u00fchlst Du Dich an der Uni, aufgrund der Lage der Campus-Uni und der gem\u00fctlichen Gr\u00f6\u00dfe Konstanz\u2018, schnell aufgehoben.<\/p>\n<p>Egal, ob Du Dich auf L, K oder M konzentrierst, das Betreuungsverh\u00e4ltnis ist herausragend und pers\u00f6nlich. Wenn Du das nicht willst, bleibst Du nicht einfach eine Nummer im Register sondern pr\u00e4gst Deinen Studiengang und auch Deine Uni effektiv mit. Ich engagiere mich zum Beispiel als stellvertretende Chefredakteurin der Hochschulzeitung <a href=\"https:\/\/www.facebook.com\/campulsonline\/\" target=\"_blank\" rel=\"noopener noreferrer\">Campuls<\/a> besonders im Online-Bereich, schreibe Texte und organisiere mit den KollegInnen Veranstaltungen. Zugleich habe ich mit Freunden eine Hochschulgruppe zum Thema <a href=\"http:\/\/guk-gaming.hsg.uni-konstanz.de\/\" target=\"_blank\" rel=\"noopener noreferrer\">\u201aGaming\u2018<\/a> gegr\u00fcndet.<\/p>\n<p>Praktische Seminare und Projekte, diverse Semesterprogramme, politischen, sozialen oder k\u00fcnstlerischen Hochschulgruppen \u2013 LKM l\u00e4sst Dir sowohl im Bachelor als auch im Master den Raum, Dich nicht nur fachlich, sondern auch pers\u00f6nlich weiterzuentwickeln.<\/p>\n<p>&nbsp;<\/p>\n<p><img loading=\"lazy\" decoding=\"async\" class=\"alignleft wp-image-5363 size-medium\" src=\"https:\/\/kim59.wwwdns.kim.uni-konstanz.de\/support\/wp-content\/uploads\/sites\/4\/2018\/04\/Portrait_Marc-Julien-Heinsch-300x300.jpg\" alt=\"\" width=\"300\" height=\"300\" srcset=\"https:\/\/www.lkm.uni-konstanz.de\/support\/wp-content\/uploads\/sites\/4\/2018\/04\/Portrait_Marc-Julien-Heinsch-300x300.jpg 300w, https:\/\/www.lkm.uni-konstanz.de\/support\/wp-content\/uploads\/sites\/4\/2018\/04\/Portrait_Marc-Julien-Heinsch-150x150.jpg 150w, https:\/\/www.lkm.uni-konstanz.de\/support\/wp-content\/uploads\/sites\/4\/2018\/04\/Portrait_Marc-Julien-Heinsch-768x768.jpg 768w, https:\/\/www.lkm.uni-konstanz.de\/support\/wp-content\/uploads\/sites\/4\/2018\/04\/Portrait_Marc-Julien-Heinsch.jpg 960w\" sizes=\"auto, (max-width: 300px) 100vw, 300px\" \/><\/p>\n<p><strong>M<\/strong><strong>arc<\/strong><\/p>\n<p>Master mit Schwerpunkt Medienwissenschaft \u2013 warum ich mich f\u00fcr Bachelor und Master in L-K-M entschieden habe:<\/p>\n<p>Diese Geschichte beginnt im Fr\u00fchherbst 2012. Ich habe im April mein Abitur gemacht und mich danach auf alles und nichts beworben. Jetzt stehe ich da, mit Absagen aus Medizin und internationale Beziehungen. Auf der Haben-Seite stehen Zusagen f\u00fcr diverse Lehramts-F\u00e4cherkombinationen, \u00dcbersetzungswissenschaften und Medienwissenschaft mit Nebenfach Spanisch. Ich habe viele Tr\u00e4ume und keine Ahnung, welchen ich verwirklichen soll. Auf Partys hasse ich die Frage: \u201eUnd, was machst du jetzt?\u201c Mein Abi ist ziemlich gut und die meisten aus meinem Jahrgang erwarten, dass ich einen verr\u00fcckt-genialen Plan f\u00fcr meine Zukunft in der Tasche habe. Den habe ich nur leider nicht. Mittlerweile ist es kurz vor Fristende zur Einschreibung an den Unis. Ich spreche mit einem meiner besten Freunde. Er hat die Zusage f\u00fcr ein duales Studium bei einem B\u00fcroartikelhersteller in unserer Heimatregion. Mein Freund sagt, dass er in den letzten Tagen festgestellt habe, dass er das eigentlich gar nicht will. Er habe kurzfristig die Stelle abgesagt und wolle jetzt ein FSJ machen. In meiner R\u00fcckschau m\u00fcsste dieser Moment mit Fanfarenkl\u00e4ngen und triumphalen Ch\u00f6ren unterlegt werden. Meinem Kumpel jedenfalls, werde ich ewig dankbar sein. Denn das war der Moment, der mich letzten Endes zum L-K-M-Studium nach Konstanz gebracht hat.<\/p>\n<p>Wie, fragt ihr? Ich will\u2019s euch erkl\u00e4ren&#8230; <a href=\"https:\/\/www.lkm.uni-konstanz.de\/support\/lkm-3\/studierende-2\/marc-warum-ich-mich-fuer-bachelor-und-master-in-l-k-m-entschieden-habe\/\">&gt;&gt;Weiterlesen<\/a><\/p>\n<p>&nbsp;<\/p>\n<p><img loading=\"lazy\" decoding=\"async\" class=\"alignleft wp-image-5385 size-medium\" src=\"https:\/\/kim59.wwwdns.kim.uni-konstanz.de\/support\/wp-content\/uploads\/sites\/4\/2018\/04\/Meral-300x200.jpg\" alt=\"\" width=\"300\" height=\"200\" srcset=\"https:\/\/www.lkm.uni-konstanz.de\/support\/wp-content\/uploads\/sites\/4\/2018\/04\/Meral-300x200.jpg 300w, https:\/\/www.lkm.uni-konstanz.de\/support\/wp-content\/uploads\/sites\/4\/2018\/04\/Meral-768x511.jpg 768w, https:\/\/www.lkm.uni-konstanz.de\/support\/wp-content\/uploads\/sites\/4\/2018\/04\/Meral.jpg 960w\" sizes=\"auto, (max-width: 300px) 100vw, 300px\" \/><span class=\"_5yl5\"><strong>Meral<\/strong> <\/span><\/p>\n<p><span class=\"_5yl5\">Bachelor mit Schwerpunkt Kunstwissenschaft &#8211; warum ich mich f\u00fcr den Bachelor in L-K-M entschieden habe: <\/span><\/p>\n<p><span class=\"_5yl5\">L-K-M ist genau der richtige Studiengang, wenn es einem schwer f\u00e4llt Entscheidungen zu f\u00e4llen. Ich will mich mit Literatur besch\u00e4ftigen. Ich will kunstwissenschaftlich arbeiten. Ich will irgendwas mit Medien machen. Top! Du bist genau richtig hier, wenn Du Einblicke in diese drei Teilbereiche bekommen m\u00f6chtest. L-K-M bietet einem enorme Freiheiten und erm\u00f6glicht es den Studierenden die Initiative zu ergreifen, um das Studium, zugeschnitten auf die eigenen Interessen, individuell zu gestalten. Kein vorgeschriebener Stundenplan bedeutet allerdings auch, dass Du selbstst\u00e4ndig herausfinden musst, was Dich interessiert und in welchen Teilbereich Du Dich vertiefen m\u00f6chtest. Das breit gef\u00e4cherte Kursangebot beinhaltet auch praktische Seminare, aber vor allem theoretische Grundlagenkurse, die Dich haupts\u00e4chlich auf ein Folgestudium vorbereiten. Mir gef\u00e4llt an L-K-M, dass selbstst\u00e4ndiges Arbeiten vorausgesetzt wird und gleichzeitig Zeit bleibt seinen pers\u00f6nlichen und beruflichen Werdegang abseits des Studiums zu gestalten. F\u00fcr zeitintensive Hobbys, Nebenjobs oder k\u00fcnstlerische Arbeiten bleibt neben dem Bachelor L-K-M genug Platz.<\/span><\/p>\n<p>&nbsp;<\/p>\n<p><img loading=\"lazy\" decoding=\"async\" class=\"alignleft wp-image-5388 size-medium\" src=\"https:\/\/kim59.wwwdns.kim.uni-konstanz.de\/support\/wp-content\/uploads\/sites\/4\/2018\/04\/berabeitet-225x300.jpg\" alt=\"\" width=\"225\" height=\"300\" srcset=\"https:\/\/www.lkm.uni-konstanz.de\/support\/wp-content\/uploads\/sites\/4\/2018\/04\/berabeitet-225x300.jpg 225w, https:\/\/www.lkm.uni-konstanz.de\/support\/wp-content\/uploads\/sites\/4\/2018\/04\/berabeitet-768x1025.jpg 768w, https:\/\/www.lkm.uni-konstanz.de\/support\/wp-content\/uploads\/sites\/4\/2018\/04\/berabeitet-767x1024.jpg 767w, https:\/\/www.lkm.uni-konstanz.de\/support\/wp-content\/uploads\/sites\/4\/2018\/04\/berabeitet.jpg 1416w\" sizes=\"auto, (max-width: 225px) 100vw, 225px\" \/><strong>Luise<\/strong><\/p>\n<p>Bachelor L-K-M \u2013 Und was macht man dann damit?<\/p>\n<p>Das ist die Frage, die ich mir am h\u00e4ufigsten anh\u00f6ren muss, wenn ich mehr oder weniger neugierigen Mitmenschen meinen Studiengang vorzustellen versuche. Treffe ich dabei auf ein Exemplar der zweiteren Sorte begn\u00fcge ich mich damit zu sagen: \u201eDer Studiengang ist sehr breit gef\u00e4chert und vermittelt grunds\u00e4tzliches und avanciertes Wissen in vielen Bereichen der Kulturvermittlung \u2013 ich mache mir keine Sorgen, arbeitslos ende ich damit nicht.\u201c<\/p>\n<p>Mit dieser Aussage ist jedoch keinesfalls das reiche und schillernde Spektrum an M\u00f6glichkeiten umrissen, welches der Studiengang bietet.<\/p>\n<p>Wie viele meiner Kommilitoninnen und Kommilitonen w\u00e4hlte ich diesen Studiengang aus einer Motivation heraus, in welcher sich Neugier, Idealismus und Unsicherheit zu gleichen Teilen mischten. Diese Wahl habe ich nie bereut, da mir der Studiengang LKM M\u00f6glichkeiten und Denkweisen er\u00f6ffnet, die ich mir nach dem Abitur noch nicht h\u00e4tte ertr\u00e4umen lassen.<\/p>\n<p>Besonders gut hat mir im ersten Semester <a href=\"https:\/\/www.lkm.uni-konstanz.de\/support\/lkm-3\/studierende-2\/luise-weiterlesen\/\">&gt;&gt;Weiterlesen<\/a><\/p>\n","protected":false},"excerpt":{"rendered":"<p>Julia Master mit Schwerpunkt Medienwissenschaft \u2013 warum ich mich f\u00fcr Bachelor und Master in L-K-M entschieden habe: Weil Dir das Studium unheimlich viele Freiheiten l\u00e4sst. Nicht nur in der Wahl &hellip;<\/p>\n","protected":false},"author":39,"featured_media":0,"parent":6,"menu_order":0,"comment_status":"closed","ping_status":"closed","template":"","meta":{"_stc_notifier_status":"","_stc_notifier_sent_time":"","_stc_notifier_request":false,"_stc_notifier_prevent":false,"_stc_subscriber_keywords":"","_stc_subscriber_search_areas":"","footnotes":""},"class_list":["post-5362","page","type-page","status-publish","hentry","entry entry-center"],"_links":{"self":[{"href":"https:\/\/www.lkm.uni-konstanz.de\/support\/wp-json\/wp\/v2\/pages\/5362","targetHints":{"allow":["GET"]}}],"collection":[{"href":"https:\/\/www.lkm.uni-konstanz.de\/support\/wp-json\/wp\/v2\/pages"}],"about":[{"href":"https:\/\/www.lkm.uni-konstanz.de\/support\/wp-json\/wp\/v2\/types\/page"}],"author":[{"embeddable":true,"href":"https:\/\/www.lkm.uni-konstanz.de\/support\/wp-json\/wp\/v2\/users\/39"}],"replies":[{"embeddable":true,"href":"https:\/\/www.lkm.uni-konstanz.de\/support\/wp-json\/wp\/v2\/comments?post=5362"}],"version-history":[{"count":5,"href":"https:\/\/www.lkm.uni-konstanz.de\/support\/wp-json\/wp\/v2\/pages\/5362\/revisions"}],"predecessor-version":[{"id":6250,"href":"https:\/\/www.lkm.uni-konstanz.de\/support\/wp-json\/wp\/v2\/pages\/5362\/revisions\/6250"}],"up":[{"embeddable":true,"href":"https:\/\/www.lkm.uni-konstanz.de\/support\/wp-json\/wp\/v2\/pages\/6"}],"wp:attachment":[{"href":"https:\/\/www.lkm.uni-konstanz.de\/support\/wp-json\/wp\/v2\/media?parent=5362"}],"curies":[{"name":"wp","href":"https:\/\/api.w.org\/{rel}","templated":true}]}}