{"id":5354,"date":"2018-04-16T11:37:41","date_gmt":"2018-04-16T09:37:41","guid":{"rendered":"http:\/\/kim59.wwwdns.kim.uni-konstanz.de\/blog\/support\/?page_id=5354"},"modified":"2024-06-18T13:15:42","modified_gmt":"2024-06-18T11:15:42","slug":"studien-und-pruefungsordnung","status":"publish","type":"page","link":"https:\/\/www.lkm.uni-konstanz.de\/support\/studieren\/studien-und-pruefungsordnung\/","title":{"rendered":"Studien- und Pr\u00fcfungsordnung"},"content":{"rendered":"<p>Wir h\u00f6ren von Kolleginnen und Kollegen im Fachbereich immer wieder, dass einige LKM-Studierende ihre Studien- und Pr\u00fcfungsordnung nicht kennen bzw. nicht verstehen und dann kurz vor der Anmeldung zur Bachelorpr\u00fcfung auf viele Probleme sto\u00dfen, wenn sie feststellen, dass ihnen Scheine bzw. ECTS fehlen. Deshalb haben wir uns dazu entschieden, hier einige \u00e4u\u00dferst wichtige Hinweise zur Handhabung der Studienordnung zu ver\u00f6ffentlichen. Da es hier aber auch viele Einzelf\u00e4lle gibt, die durch einige wenige Hinweise nicht zu l\u00f6sen sind, seid Ihr bei Zweifeln und Fragen herzlich dazu eingeladen, uns in unserer Sprechstunde zu besuchen (bitte schreibt uns keine ellenlangen Mails mit komplexen Problemen, die beantworten wir lieber gerne pers\u00f6nlich in der Sprechstunde).<\/p>\n<p>Wir behandeln hier die neue Studien- und Pr\u00fcfungsordnung von 2012 (die f\u00fcr alle gilt, die sp\u00e4tstens zum WS 2016\/2017 ihr Studium begonnen haben) f\u00fcr den <strong>Bachelor<\/strong>. Wer Fragen zur alten PO oder zur PO f\u00fcr den Master hat, der melde sich bitte bei uns.<br \/>\n<strong><br \/>\nTipp Nr. 1: Drucke Dir deine Studien- und Pr\u00fcfungsordnung aus und packe sie ganz nach vorne in Deinen Ordner; so hast Du immer im Blick, wo Du gerade Seminare machst und kannst Module auch abhaken, wenn Du sie bestanden hast. Du findest alle Studien- und Pr\u00fcfungsordnungen auf der Website der Uni: <\/strong>Studieren-&gt; Im Studium -&gt;\u00a0 Pr\u00fcfungen -&gt; Pr\u00fcfungsordnungen -&gt; Bachelorpr\u00fcfung <strong>(hier nochmal der Link: <a href=\"https:\/\/www.uni-konstanz.de\/studieren\/im-studium\/pruefungen\/pruefungsordnungen\/bachelorpruefung\/arts\/\" target=\"_blank\" rel=\"noopener noreferrer\">Studien- und Pr\u00fcfungsordnung<\/a>)<br \/>\n<\/strong><\/p>\n<p>F\u00fcr Studierende ab dem <strong>WS 2016\/17<\/strong> gilt die (neue) Pr\u00fcfungsordnung von 2012 mit den \u00c4nderungen von 2016 und den Berichtigungen von 2014<strong>: <a class=\"\" href=\"https:\/\/www.uni-konstanz.de\/securedl\/sdl-eyJ0eXAiOiJKV1QiLCJhbGciOiJIUzI1NiJ9.eyJpYXQiOjE3MTg3MDkwMjgsImV4cCI6MTcxOTQwMDIyOCwidXNlciI6NzYxNjksImdyb3VwcyI6WzAsLTIsNSw5LDE2MSwxNDg5XSwiZmlsZSI6ImZpbGVhZG1pbi9pbmZva29zbW9zX3R5cDAvc3R1ZGllcmVuL3BydWVmdW5nZW4vUE8tQWt0dWVsbC9MZWhyYW10L0I1XzEyX05ldWZhc3N1bmdfQW5sYWdlQl9CYWNoZWxvckhhdXB0ZmFjaExLTV9BRW5kXzIwMTYtMDdfQmVyaWNodGlndW5nXzIwMjQtMDEucGRmIiwicGFnZSI6NjUzMTZ9.VmgW2UTGLKavIpaqgFppuYbZiSqON-WazdVr7DsKd7M\/B5_12_Neufassung_AnlageB_BachelorHauptfachLKM_AEnd_2016-07_Berichtigung_2024-01.pdf\">Literatur &#8211; Kunst &#8211; Medien (LKM) B5.12 Hauptfach Anlage B<\/a><br \/>\n<\/strong><br \/>\nDie Studienordnung f\u00fcr LKM besteht aus 8 bzw. 9 Modulen: Drei Basismodule (Modul 1 bis 3), vier Aufbaumodule (Modul 4 bis 7\/8) und ein Nebenfachmodul (Modul 8 bzw. 9, sp\u00e4ter mehr dazu). Die Bachelorpr\u00fcfung wird nicht \u00fcber ein Modul abgerechnet, sondern extra aufgef\u00fchrt (auch dazu kommen wir sp\u00e4ter).<br \/>\nIm 1. und 2. Semester sind die Basismodule zu belegen, also die Einf\u00fchrungsvorlesungen (6 insgesamt) und die jeweiligen Tutorien dazu (auch 6). Im 3. bis 6. Semester werden die Aufbaumodule belegt:<\/p>\n<p>ein Proseminar in L,<\/p>\n<p>ein Proseminar in K,<\/p>\n<p>ein Proseminar in M,<\/p>\n<p>ein Hauptseminar in L,<\/p>\n<p>ein Hauptseminar in K,<\/p>\n<p>ein Hauptseminar in M,<\/p>\n<p>drei Proseminare in Modul 7,<\/p>\n<p>zwei Hauptseminare in Modul 7 bzw. 8<\/p>\n<p>und ein Hauptseminar in L, K oder M, mit dem Ihr euren fachlichen Schwerpunkt festlegt.<\/p>\n<p>Das macht also \u00fcber 4 Semester hinweg <strong>6 Proseminare und 6 Hauptseminare insgesamt<\/strong>. Proseminare sind \u00fcbrigens als Einsteigerseminare konzipiert, Hauptseminare f\u00fcr Fortgeschrittene. Dies wirkt sich nicht nur auf den Unterricht aus, sondern auch auf den Anspruch der Dozierenden an die Pr\u00fcfungsleistung \u2013 z.B. die L\u00e4nge und Schwierigkeit der Hausarbeit etc.<\/p>\n<p><strong>Tipp Nr. 2: Die Lehrenden machen sich immer im Vorfeld des Seminars Gedanken dar\u00fcber, auf welchem Level sie ihr Seminar anlegen wollen und das sollte man respektieren \u2013 nachfragen, ob er oder sie es f\u00fcr ein anderes Modul \u00f6ffnen k\u00f6nnte, schadet aber nicht. Besser ist es aber, wenn Du das pers\u00f6nlich und nicht per Mail machst.<\/strong><\/p>\n<p>Eine Faustregel f\u00fcr die Anzahl an Seminaren pro Semester ist eine Belegung von 3-4 Pro- und Hauptseminaren, also 12-16 Semesterwochenstunden (SWS) im Kernbereich (Modul 4 bis 7\/8). Das klingt erst einmal wenig, zu bedenken ist hierbei aber auch die Kalkulation der Vor- und Nachbereitung von etwa 4 SWS \u2013 das macht also zwischen 36 und 48 SWS pro Woche. Wer mehr machen m\u00f6chte, kann das nat\u00fcrlich tun. SWS sind nicht mit Schulstunden zu vergleichen! Als StudentIn bist Du selbst daf\u00fcr verantwortlich, wie gut Du dich vorbereitest und ob Du den Stoff nachbereitest. Dazu kommen die Scheine f\u00fcr Modul 8 bzw. 9 \u2013 wie das funktioniert steht unter <a href=\"https:\/\/www.lkm.uni-konstanz.de\/support\/studieren\/modul-8-9-das-integrierte-nebenfach\/\" rel=\"noopener noreferrer\">Modul 8\/9<\/a>, oben im Reiter Studieren.<\/p>\n<p><strong>Tipp Nr. 3: Du musst nicht im 3. Semester gleich mit 48 SWS durchstarten \u2013 nimm Dir auch Zeit, Dich auf die Techniken wissenschaftlichen Arbeitens einzulassen und belege f\u00fcr Modul 8 bzw. 9 z.B. noch eine Einf\u00fchrungsvorlesung in eine der Nachbarwissenschaften oder etwas aus den Schl\u00fcsselqualifikationen.<\/strong><\/p>\n<p>Nehmen wir an, Du willst 4 Seminare im Kernbereich belegen; dann w\u00e4re es wichtig und hilfreich zu schauen, mit welcher Art von Pr\u00fcfungsleistung dieses Seminar abgeschlossen werden kann. Das steht in der Pr\u00fcfungsordnung in der Spalte, die mit \u201ePL\u201c \u00fcberschrieben ist. Daran m\u00fcsst Ihr euch auch halten, denn als die Lehrenden sich diese Pr\u00fcfungsordnung ausgedacht haben, haben sie darauf geachtet, dass ein ausgewogenes Ma\u00df an Klausuren und Hausarbeiten besteht. F\u00fcr Studis im 3. und 4. Semester sind 2-3 Hausarbeiten machbar, h\u00f6here Semester und jene, die schreibsicher sind, k\u00f6nnen nat\u00fcrlich mehr Hausarbeiten schreiben \u2013 Du solltest dann nur bedenken, wie lange die vorlesungsfreie Zeit ist und ob Du da jobben oder ein Praktikum machen willst. Es ist v\u00f6llig normal, dass jeder unterschiedlich viel Zeit f\u00fcr seine Hausarbeiten ben\u00f6tigt! Sprich Dich deshalb noch in der Vorlesungszeit mit Deinen DozentInnen ab, welches Thema Du wie in der Hausarbeit bearbeiten m\u00f6chtest, damit es keine b\u00f6sen \u00dcberraschungen gibt.<\/p>\n<p><strong>Tipp Nr. 4: Schau Dir im elektronischen Vorlesungsverzeichnis an, f\u00fcr welche Module deine Wunschseminare angerechnet werden und f\u00fcr welche nicht \u2013 das erspart Dir im Nachhinein Stress, wenn Du feststellst, dass Du in einem Modul einen Schein zu viel gemacht hast. Vielleicht kannst Du ihn in einem anderen Modul anrechnen lassen. Was nicht geht: Im Nachhinein einfach so ein Proseminar zu einem Hauptseminar machen lassen und umgekehrt \u2013 das kann immer nur der oder die Lehrende entscheiden. Deshalb solltest Du dich dar\u00fcber gleich zu Beginn des Semesters beim Dozierenden informieren.<br \/>\n<\/strong><\/p>\n<p>Du belegst also Seminare, wie es in der Studienordnung aufgef\u00fchrt ist: 6 Proseminare, 6 Hauptseminare plus alles f\u00fcr das Nebenfachmodul 8 bzw. 9. Wie lange Du daf\u00fcr brauchst, ist der Uni relativ egal, Schwierigkeiten k\u00f6nntest Du nur bekommen, wenn Du BAf\u00f6G empf\u00e4ngst \u2013 das BAf\u00f6G-Amt geht davon aus, dass Du dein Studium in der Regelstudienzeit beendest, also in 6 Semestern. Von Seiten des Fachbereichs schaut niemand darauf, wann Du welche Scheine machst und ob Du schneller als andere warst. Wichtig ist, dass Du dein Tempo findest. \u00dcbrigens: Die durchschnittliche Studienzeit im Bachelor LKM betr\u00e4gt 7, 4 Semester \ud83d\ude09 Das hei\u00dft nicht, dass Du alles schleifen lassen solltest. Aber wir wollen dich dazu ermutigen, auch ein Auslandssemester zu wagen oder gar ein l\u00e4ngeres Praktikum, damit Du dich f\u00fcr einen sp\u00e4teren Beruf qualifizieren kannst, ohne Druck zu versp\u00fcren.<\/p>\n<p><strong>Tipp Nr. 5: K\u00fcmmere Dich am Besten nach dem 2. Semester um ein erstes Treffen mit den Erasmus-Koordinatorinnen <a href=\"https:\/\/www.uni-konstanz.de\/international-office\/wege-ins-ausland\/studium-im-ausland\/erasmus\/\" target=\"_blank\" rel=\"noopener noreferrer\">Melanie Hochst\u00e4tter und Anja Christ<\/a>, falls Du planst, w\u00e4hrend des Bachelors ins Ausland zu gehen. So kannst Du ausreichend fr\u00fchzeitig Deine anderen Seminare planen.<br \/>\n<\/strong><br \/>\nIn einem der drei Bereiche von LKM musst Du laut Studienordnung ein 2. Hauptseminar belegen; dies sollte in Deinem selbst gew\u00e4hlten Studienschwerpunkt sein. In diesem Studienschwerpunkt solltest Du dann auch Deine Bachelorarbeit verfassen. Die gute Nachricht dabei ist aber, dass wir ja nicht umsonst ein interdisziplin\u00e4rer Studiengang sind und man sich auch immer Bachelorarbeitsthemen an Schnittstellen zwischen den Bereichen suchen kann. Die Studienordnung macht an einer Stelle eine missverst\u00e4ndliche Aussage, die man so interpretieren k\u00f6nnte, dass man auch genau in dem Hauptseminar, das man als Hauptseminar II belegt hat, seine Bachelorarbeit schreiben muss. Dem ist nicht so, es ist aber \u00e4u\u00dferst ratsam, das Thema f\u00fcr die Bachelorarbeit an einem Seminarthema zu orientieren. Was nicht geht: Eine geschriebene Hausarbeit einfach um ein paar Seiten verl\u00e4ngern \ud83d\ude09 Was geht: Ein Aspekt aus einer bereits geschriebenen Hausarbeit rauspicken und neu diskutieren. Auch hier gilt: Sprich Dich immer gut mit den Lehrenden bzw. Deinen Pr\u00fcferInnen ab! Wie Du die Bachelorarbeit anmeldest findest Du unter <a title=\"Abschlussarbeiten\" href=\"https:\/\/www.lkm.uni-konstanz.de\/support\/fertigwerden\/\" rel=\"noopener noreferrer\">Fertig werden<\/a>.<\/p>\n<p><strong>Tipp Nr. 6: Du musst nicht \u201escheinfrei\u201c sein, um Deine Bachelorarbeit anmelden zu k\u00f6nnen (Zwingende Vorraussetzung ist es jedoch, das Praktikum absolviert zu haben!) Es ist aber ratsam, so viele Scheine wie m\u00f6glich davor gemacht zu haben. Da aber die Anmelde- und Schreibzeiten etwas ung\u00fcnstig liegen, ist es recht unproblematisch, einen oder zwei Scheine noch nach der Anfertigung der Bachelorarbeit zu machen. Bedenke aber auch die Vorbereitungszeit f\u00fcr die m\u00fcndliche Pr\u00fcfung!<br \/>\n<\/strong><\/p>\n<p>Noch Fragen? Dann kannst Du dich sehr gerne an uns im LKM Support wenden.<\/p>\n<p>&nbsp;<\/p>\n<p>(Stand: Mai 2024)<\/p>\n","protected":false},"excerpt":{"rendered":"<p>Wir h\u00f6ren von Kolleginnen und Kollegen im Fachbereich immer wieder, dass einige LKM-Studierende ihre Studien- und Pr\u00fcfungsordnung nicht kennen bzw. nicht verstehen und dann kurz vor der Anmeldung zur Bachelorpr\u00fcfung &hellip;<\/p>\n","protected":false},"author":39,"featured_media":0,"parent":9,"menu_order":0,"comment_status":"closed","ping_status":"closed","template":"","meta":{"_stc_notifier_status":"","_stc_notifier_sent_time":"","_stc_notifier_request":false,"_stc_notifier_prevent":false,"_stc_subscriber_keywords":"","_stc_subscriber_search_areas":"","footnotes":""},"class_list":["post-5354","page","type-page","status-publish","hentry","entry entry-center"],"_links":{"self":[{"href":"https:\/\/www.lkm.uni-konstanz.de\/support\/wp-json\/wp\/v2\/pages\/5354","targetHints":{"allow":["GET"]}}],"collection":[{"href":"https:\/\/www.lkm.uni-konstanz.de\/support\/wp-json\/wp\/v2\/pages"}],"about":[{"href":"https:\/\/www.lkm.uni-konstanz.de\/support\/wp-json\/wp\/v2\/types\/page"}],"author":[{"embeddable":true,"href":"https:\/\/www.lkm.uni-konstanz.de\/support\/wp-json\/wp\/v2\/users\/39"}],"replies":[{"embeddable":true,"href":"https:\/\/www.lkm.uni-konstanz.de\/support\/wp-json\/wp\/v2\/comments?post=5354"}],"version-history":[{"count":5,"href":"https:\/\/www.lkm.uni-konstanz.de\/support\/wp-json\/wp\/v2\/pages\/5354\/revisions"}],"predecessor-version":[{"id":6261,"href":"https:\/\/www.lkm.uni-konstanz.de\/support\/wp-json\/wp\/v2\/pages\/5354\/revisions\/6261"}],"up":[{"embeddable":true,"href":"https:\/\/www.lkm.uni-konstanz.de\/support\/wp-json\/wp\/v2\/pages\/9"}],"wp:attachment":[{"href":"https:\/\/www.lkm.uni-konstanz.de\/support\/wp-json\/wp\/v2\/media?parent=5354"}],"curies":[{"name":"wp","href":"https:\/\/api.w.org\/{rel}","templated":true}]}}