{"id":5351,"date":"2018-04-16T11:33:24","date_gmt":"2018-04-16T09:33:24","guid":{"rendered":"http:\/\/kim59.wwwdns.kim.uni-konstanz.de\/blog\/support\/?page_id=5351"},"modified":"2019-08-13T15:55:46","modified_gmt":"2019-08-13T13:55:46","slug":"was-ist-wenn-ich-mein-abi-im-ausland-gemacht-habe-2","status":"publish","type":"page","link":"https:\/\/www.lkm.uni-konstanz.de\/support\/bewerben\/was-ist-wenn-ich-mein-abi-im-ausland-gemacht-habe-2\/","title":{"rendered":"Was ist, wenn ich mein Abi im Ausland gemacht habe?"},"content":{"rendered":"<p>So genannte Bildungsinl\u00e4nder\/innen (ausl\u00e4ndische Studienbewerber\/innen mit deutscher Hochschulzugangsberechtigung) k\u00f6nnen sich ganz normal online an der Universit\u00e4t Konstanz bewerben. Das gleiche gilt f\u00fcr Studienbewerber\/innen aus EU-\/EWR-Staaten und der Schweiz und Absolventen deutscher Studienkollegs. Allgemein gesagt kannst Du nur dann zum Studium zugelassen werden, wenn Deine Hochschulzugangsberechtigung mit der deutschen Hochschulreife (Abitur) gleichwertig ist. F\u00fcr bestimmte L\u00e4nder muss zus\u00e4tzlich noch ein Nachweis \u00fcber eine Hochschulaufnahmepr\u00fcfung erbracht werden. Die Entscheidung dar\u00fcber, ob eine ausl\u00e4ndische Hochschulzugangsberechtigung anerkannt wird, wird auf der Grundlage von Bewertungsvorschl\u00e4gen des Sekretariats der <em>St\u00e4ndigen Konferenz der Kultusminister der deutschen Bundesl\u00e4nder<\/em> (<a href=\"http:\/\/www.anabin.de\/\" target=\"_blank\" rel=\"noopener noreferrer\">http:\/\/www.anabin.de<\/a>) getroffen. Wichtig ist auch, dass \u00a0die Hochschulzugangsberechtigung je nach Vorbildung f\u00fcr alle F\u00e4cher gelten oder auf F\u00e4cher der bisherigen Ausbildung bzw. benachbarte F\u00e4cher beschr\u00e4nkt sein kann. Mehr Informationen dazu gibt es <a href=\"https:\/\/www.uni-konstanz.de\/studieren\/vor-dem-studium\/bewerbung-und-immatrikulation\/bachelor-und-erste-juristische-pruefung\/\" target=\"_blank\" rel=\"noopener noreferrer\"><em>hier<\/em><\/a>.<\/p>\n<p>F\u00fcr ausl\u00e4ndische BewerberInnen f\u00fcr den Masterstudiengang gilt: Du musst den \u201cZusatzbogen f\u00fcr ausl\u00e4ndische Studienbewerber\/innen\u201d (siehe Online-Bewerbung) ausf\u00fcllen, einen Nachweis \u00fcber deutsche Sprachkenntnisse auf dem Niveau der DSH-2\/TestDaF 4 oder einer als gleichwertig anerkannten Pr\u00fcfung erbringen. F\u00fcr landesspezifische Besonderheiten k\u00f6nnt ihr euch <a href=\"https:\/\/www.uni-konstanz.de\/studieren\/vor-dem-studium\/bewerbung-und-immatrikulation\/master\/\" target=\"_blank\" rel=\"noopener noreferrer\"><em>hier<\/em><\/a> \u00fcber die Einzelheiten informieren.<\/p>\n","protected":false},"excerpt":{"rendered":"<p>So genannte Bildungsinl\u00e4nder\/innen (ausl\u00e4ndische Studienbewerber\/innen mit deutscher Hochschulzugangsberechtigung) k\u00f6nnen sich ganz normal online an der Universit\u00e4t Konstanz bewerben. Das gleiche gilt f\u00fcr Studienbewerber\/innen aus EU-\/EWR-Staaten und der Schweiz und Absolventen &hellip;<\/p>\n","protected":false},"author":2,"featured_media":0,"parent":15,"menu_order":0,"comment_status":"closed","ping_status":"closed","template":"","meta":{"_stc_notifier_status":"","_stc_notifier_sent_time":"","_stc_notifier_request":false,"_stc_notifier_prevent":false,"_stc_subscriber_keywords":"","_stc_subscriber_search_areas":"","footnotes":""},"class_list":["post-5351","page","type-page","status-publish","hentry","entry entry-center"],"_links":{"self":[{"href":"https:\/\/www.lkm.uni-konstanz.de\/support\/wp-json\/wp\/v2\/pages\/5351","targetHints":{"allow":["GET"]}}],"collection":[{"href":"https:\/\/www.lkm.uni-konstanz.de\/support\/wp-json\/wp\/v2\/pages"}],"about":[{"href":"https:\/\/www.lkm.uni-konstanz.de\/support\/wp-json\/wp\/v2\/types\/page"}],"author":[{"embeddable":true,"href":"https:\/\/www.lkm.uni-konstanz.de\/support\/wp-json\/wp\/v2\/users\/2"}],"replies":[{"embeddable":true,"href":"https:\/\/www.lkm.uni-konstanz.de\/support\/wp-json\/wp\/v2\/comments?post=5351"}],"version-history":[{"count":1,"href":"https:\/\/www.lkm.uni-konstanz.de\/support\/wp-json\/wp\/v2\/pages\/5351\/revisions"}],"predecessor-version":[{"id":5812,"href":"https:\/\/www.lkm.uni-konstanz.de\/support\/wp-json\/wp\/v2\/pages\/5351\/revisions\/5812"}],"up":[{"embeddable":true,"href":"https:\/\/www.lkm.uni-konstanz.de\/support\/wp-json\/wp\/v2\/pages\/15"}],"wp:attachment":[{"href":"https:\/\/www.lkm.uni-konstanz.de\/support\/wp-json\/wp\/v2\/media?parent=5351"}],"curies":[{"name":"wp","href":"https:\/\/api.w.org\/{rel}","templated":true}]}}