{"id":5347,"date":"2018-04-16T11:31:15","date_gmt":"2018-04-16T09:31:15","guid":{"rendered":"http:\/\/kim59.wwwdns.kim.uni-konstanz.de\/blog\/support\/?page_id=5347"},"modified":"2024-04-16T12:17:38","modified_gmt":"2024-04-16T10:17:38","slug":"dein-neues-leben-in-konstanz","status":"publish","type":"page","link":"https:\/\/www.lkm.uni-konstanz.de\/support\/bewerben\/dein-neues-leben-in-konstanz\/","title":{"rendered":"Dein neues Leben in Konstanz"},"content":{"rendered":"<p>Die Bewerbung ist l\u00e4ngst raus, die Zusage schon im Briefkasten\u2026 Aber was ist nun eigentlich los in Konstanz? Wie komme ich an die g\u00fcnstige Altstadtwohnung mit Seeblick? Wo esse ich und wie finanziere ich \u00fcberhaupt alles?<br \/>\nF\u00fcr diese Fragen lohnt sich ein Blick auf die Seite <a href=\"https:\/\/www.uni-konstanz.de\/studieren\/rund-ums-studium\/\"><em>Rund ums Studium<\/em><\/a> der Uni Konstanz &#8211; oder ihr lest hier schonmal die Kurzvariante \ud83d\ude42<\/p>\n<p>&nbsp;<\/p>\n<h4><strong>Die Stadt<\/strong><\/h4>\n<p>Konstanz (oder m\u00fcndlich auch: Konschdanz) ist keine Gro\u00dfstadt. Sorry. Mit ca. 84.000 Einwohnern ist Konstanz eine gem\u00fctliche mittelgro\u00dfe Stadt, die von vielen Studierenden aber genau deshalb so gesch\u00e4tzt wird: Die Innenstadt ist \u00fcberschaubar, es gibt alles zu kaufen, was man so braucht, es gibt wunderbare kleine Kneipen, es gibt Clubs, es gibt ein gro\u00dfes kulturelles Angebot und: Wir haben den Bodensee. Der Sommer in Konstanz ist unschlagbar \u2013 grillen, in der Strandbar der HTWG dem Sonnenuntergang zu leisen Elektro-Kl\u00e4ngen zusehen, von der Vorlesung direkt ins k\u00fchle Nass springen, einen traumhaften Blick von der Mensa auf die Insel Mainau und, und, und\u2026 Die Uni und die HTWG in Konstanz haben 2012 eine Brosch\u00fcre herausgegeben, die wunderbar die M\u00f6glichkeiten zusammenfasst, die Konstanz Dir als Studienort bietet. <a href=\"http:\/\/www.uni-konstanz.de\/broschueren\/city-guide\/en\/\" target=\"_blank\" rel=\"noopener noreferrer\"><em>Hier<\/em><\/a> findest Du sie zum Download (Achtung Nostalgie Gefahr! ). Wichtige Party-Ansagen findest Du unter <a href=\"http:\/\/www.party-news.de\/de\/events\/kalender\" target=\"_blank\" rel=\"noopener noreferrer\">www.part^y-news.de.<\/a><\/p>\n<p>Ganz neu ist auch die gemeinsame Seite der Uni Konstanz, der HTWG Konstanz und der PH Thurgau, die ganz schick das Studentenleben in der Bodenseeregion vorstellt: <a href=\"http:\/\/www.grenzenlos-studieren.de\/\" target=\"_blank\" rel=\"noopener noreferrer\">http:\/\/www.grenzenlos-studieren.de\/<\/a><\/p>\n<p>&nbsp;<\/p>\n<h4><strong>Die Uni<\/strong><\/h4>\n<p>Die Uni Konstanz ist eine sogenannte Campus-Uni. Das hei\u00dft, dass alle Fachbereiche und alle wichtigen Institutionen an einem Ort untergebracht sind und zwar auf dem sch\u00f6nen Gie\u00dfberg, von dem aus man einen traumhaften Blick auf den Bodensee und die Alpen genie\u00dfen kann \u2013 zum Beispiel von der Mensa aus. Eine Campus-Uni bewirkt auch, dass man Menschen aus allen Fachbereichen und F\u00e4chern trifft, ohne weite Wege gehen zu m\u00fcssen, zum Beispiel, wenn man im CampusCaf\u00e9 einen Latte Macchiato schl\u00fcrft und dort zuf\u00e4llig der Rektorin begegnet. In den letzten Jahren wurden auch zentrale Serviceangebote f\u00fcr Studierende ausgebaut, sodass Du nun im Studierenden-Service-Zentrum Antworten auf fast alle studientechnischen Fragen erh\u00e4ltst, ohne durch die halbe Uni zu rennen. Des Weiteren hat die Uni eine ausgezeichnete <a href=\"http:\/\/www.ub.uni-konstanz.de\/\" target=\"_blank\" rel=\"noopener noreferrer\"><em>Bibliothek<\/em><\/a>. Ebenso gibt es an der Uni Konstanz einen tollen <a href=\"https:\/\/www.uni-konstanz.de\/hochschulsport\/hspkn\/\" target=\"_blank\" rel=\"noopener noreferrer\"><em>Hochschulsport<\/em><\/a> mit Hochseilgarten und Co., einem umfangreichen Angebot an Sportkursen jeder Art, dem eigenen Fitnessstudio \u201eUniMotion\u201c und einem Uni-Strand mit Segelboot-Verleih. Das weitl\u00e4ufige Uni-Gel\u00e4nde l\u00e4dt zum Chillen und Lesen ein, besonders wenn die Sonne scheint. Das heimliche Motto der Uni Konstanz ist nicht umsonst \u201eDort studieren, wo andere Urlaub machen!\u201c<\/p>\n<p>&nbsp;<\/p>\n<h4><strong>Dein neues Zuhause<\/strong><\/h4>\n<p>Konstanz hat durch seine geographische Begrenzung nicht den besten Wohnungsmarkt, aber es gibt viele M\u00f6glichkeiten, eine nette Bleibe zu finden: Zum einen vermittelt das Studierendenwerk <em>Seezeit <\/em>(<a href=\"http:\/\/www.seezeit.com\/\" target=\"_blank\" rel=\"noopener noreferrer\">www.seezeit.com<\/a>) bezahlbare Wohnungen und WG-Zimmer in ihren Wohnheimen \u2013 aber Achtung: Hier werden lange Wartelisten gef\u00fchrt! Es lohnt sich, sich einerseits dort auf eine der Listen setzen zu lassen und andererseits selbst weiter zu suchen. Auf der Website <a href=\"https:\/\/seezeit.com\/wohnen\/\">Seezeit-Wohnen<\/a> findet ihr neben den von Seezeit betriebenen Wohnheimen auch eine Auflistung von Wohnheimen anderer Tr\u00e4ger (Bspw. die evangelischen und katholischen Studierendenheime AMH und TBH, wobei die Konfession keine Voraussetzung f\u00fcr die Aufnahme ist, oder privat gef\u00fchrte Apartment-Wohnheime wie das C3). Ein oftmals \u00fcbersehener Geheimtipp: Die <a href=\"https:\/\/seezeit.com\/Community\/pages\/Wohnraumboerse\/index.jsp\">Seezeit Zimmerb\u00f6rse<\/a>, die sich h\u00e4ufig lohnt, wenn wenn Du auf der Suche nach Ein- oder Zweizimmerwohnungen bist!<br \/>\nDie meisten Wg-Zimmer findet ihr unter <a href=\"http:\/\/www.vierwaen.de\/\" target=\"_blank\" rel=\"noopener noreferrer\">www.vierwaen.de<\/a> oder <a href=\"http:\/\/www.wg-gesucht.de\/\" target=\"_blank\" rel=\"noopener noreferrer\">www.wg-gesucht.de<\/a>. F\u00fcr jene, die eine eigene Wohnung und kein WG-Zimmer suchen, bietet es sich an, in den <a href=\"https:\/\/www.suedkurier.de\/anzeigen\/immobilien\/immo-kleinanzeigen\/#\/Suche=0\/\">Immobilien-Kleinanzeigen der lokalen Tageszeitung <em>S\u00fcdkurier<\/em> <\/a>nachzuschauen oder selbst zu inserieren. An der Uni gibt es auch an vielen Pinnw\u00e4nden und im Eingangsbereich Angebote, zum Beispiel am Eingang zum CampusCaf\u00e9.<\/p>\n<p>Kleiner Tipp: Niemals mit Mama und Papa bei einer WG-Vorstellung auftauchen\u2026<\/p>\n<p>&nbsp;<\/p>\n<h4><span style=\"font-size: 18px\"><strong>Wirst du verhungern?<\/strong><\/span><\/h4>\n<p>Im Gegensatz zu vielen anderen Mensen an deutschen Universit\u00e4ten ist die Mensa in Konstanz nicht nur ess-, sondern auch bezahlbar. Es gibt den Seezeit-Teller, der aus einem Hauptgericht mit zwei Beilagen besteht, sowie die Angebote &#8222;hin&amp;weg&#8220; und &#8222;KombinierBar&#8220;, davon eines immer vegetarisch. Au\u00dferdem kannst Du auch noch zwischen frisch zubereiteten Grillgerichten, Pizza und Eintopf w\u00e4hlen, Dich am Salatbuffet bedienen, ein Fleischk\u00e4sweckle zum Mitnehmen holen oder in der K\u00fchltheke zwischen vielen Milchprodukten wie Joghurt oder Buttermilch w\u00e4hlen. B\u00f6se Zungen behaupten anderes, aber das Mensa-Team gibt sich wirklich M\u00fche, Bioware anzubieten und ihre Lieferanten offen zu legen. Den aktuellen Mensaplan findest du <a href=\"https:\/\/seezeit.com\/essen\/speiseplaene\/\" target=\"_blank\" rel=\"noopener noreferrer\"><em>hier<\/em><\/a>. Daneben gibt es an der Uni auch noch eine Pastabar, das Campus- und das Bibcafe, das Asia Bistro Arche (ein Stockwerk unter der Mensa). Es gibt im Sommer sogar einen eigenen Biergarten an der Uni (aufgrund der Baustelle aktuell auf der N-Terrasse), der vom Studentischen F\u00f6rderverein betrieben wird. Und wenn ihr mal einen Taptetenwechsel braucht, k\u00f6nnt ihr genauso die Mensa an der HTWG Konstanz nutzen.<\/p>\n<p>&nbsp;<\/p>\n<h4><span style=\"font-size: 18px\"><strong><span style=\"font-family: Lato\">Wie kommst du an Geld?<\/span><\/strong><\/span><\/h4>\n<p>Konstanzer Lebenskosten sind sicherlich nicht die g\u00fcnstigsten, daf\u00fcr ist die Lebensqualit\u00e4t auch nicht zu verachten. Nebenjobs in Gastronomie, Einzelhandel etc. gibt es viele. Hier lohnt sich der Blick auf das Schwarze Brett neben dem Campuscafe und ein Blick auf die Seezeit-Website (<a href=\"https:\/\/seezeit.com\/geld\/\"><em>hier<\/em><\/a>), wo ihr Beratungsm\u00f6glichkeiten rund um Baf\u00f6g und co sowie eine Jobb\u00f6rse finden k\u00f6nnt.<br \/>\nWer sich \u00fcber Stipendien informieren m\u00f6chte, kann das z.B. hier machen:\u00a0<a href=\"http:\/\/www.mystipendium.de\/\" target=\"_blank\" rel=\"noopener noreferrer\">www.myStipendium.de<\/a>. Einen kleinen Leitfaden zum Suchen und Bewerben stellt die Seite auch zur Verf\u00fcgung. Diesen gibt es hier: <a href=\"https:\/\/kim59.wwwdns.kim.uni-konstanz.de\/support\/wp-content\/uploads\/sites\/4\/2018\/10\/stipendienleitfaden.pdf\" target=\"_blank\" rel=\"noopener noreferrer\">Stipendienleitfaden<\/a>.<\/p>\n<p>&nbsp;<\/p>\n<p>(STAND DER INFOS: April 2024)<\/p>\n","protected":false},"excerpt":{"rendered":"<p>Die Bewerbung ist l\u00e4ngst raus, die Zusage schon im Briefkasten\u2026 Aber was ist nun eigentlich los in Konstanz? Wie komme ich an die g\u00fcnstige Altstadtwohnung mit Seeblick? Wo esse ich &hellip;<\/p>\n","protected":false},"author":39,"featured_media":0,"parent":15,"menu_order":0,"comment_status":"closed","ping_status":"closed","template":"","meta":{"_stc_notifier_status":"","_stc_notifier_sent_time":"","_stc_notifier_request":false,"_stc_notifier_prevent":false,"_stc_subscriber_keywords":"","_stc_subscriber_search_areas":"","footnotes":""},"class_list":["post-5347","page","type-page","status-publish","hentry","entry entry-center"],"_links":{"self":[{"href":"https:\/\/www.lkm.uni-konstanz.de\/support\/wp-json\/wp\/v2\/pages\/5347","targetHints":{"allow":["GET"]}}],"collection":[{"href":"https:\/\/www.lkm.uni-konstanz.de\/support\/wp-json\/wp\/v2\/pages"}],"about":[{"href":"https:\/\/www.lkm.uni-konstanz.de\/support\/wp-json\/wp\/v2\/types\/page"}],"author":[{"embeddable":true,"href":"https:\/\/www.lkm.uni-konstanz.de\/support\/wp-json\/wp\/v2\/users\/39"}],"replies":[{"embeddable":true,"href":"https:\/\/www.lkm.uni-konstanz.de\/support\/wp-json\/wp\/v2\/comments?post=5347"}],"version-history":[{"count":5,"href":"https:\/\/www.lkm.uni-konstanz.de\/support\/wp-json\/wp\/v2\/pages\/5347\/revisions"}],"predecessor-version":[{"id":6180,"href":"https:\/\/www.lkm.uni-konstanz.de\/support\/wp-json\/wp\/v2\/pages\/5347\/revisions\/6180"}],"up":[{"embeddable":true,"href":"https:\/\/www.lkm.uni-konstanz.de\/support\/wp-json\/wp\/v2\/pages\/15"}],"wp:attachment":[{"href":"https:\/\/www.lkm.uni-konstanz.de\/support\/wp-json\/wp\/v2\/media?parent=5347"}],"curies":[{"name":"wp","href":"https:\/\/api.w.org\/{rel}","templated":true}]}}