{"id":5341,"date":"2018-04-16T11:25:29","date_gmt":"2018-04-16T09:25:29","guid":{"rendered":"http:\/\/kim59.wwwdns.kim.uni-konstanz.de\/blog\/support\/?page_id=5341"},"modified":"2026-01-28T14:29:25","modified_gmt":"2026-01-28T13:29:25","slug":"bewerbungsverfahren-2","status":"publish","type":"page","link":"https:\/\/www.lkm.uni-konstanz.de\/support\/bewerben\/bewerbungsverfahren-2\/","title":{"rendered":"Bewerbungsverfahren"},"content":{"rendered":"<p><span style=\"font-size: 13px\">(STAND DER INFOS: Januar 2025)<\/span><\/p>\n<h4><strong><span style=\"font-size: 17px\">Die Online-Bewerbung<\/span> <\/strong><\/h4>\n<p>Es gibt seit dem Sommersemester 2011 ein Online-Bewerbungsverfahren, das du <em><a href=\"https:\/\/www.uni-konstanz.de\/studieren\/vor-dem-studium\/bewerbung-und-immatrikulation\/\" target=\"_blank\" rel=\"noopener noreferrer\"><strong>hier<\/strong><\/a><\/em> findest. Solltest Du dazu Fragen haben, findest Du <a href=\"https:\/\/www.uni-konstanz.de\/studieren\/vor-dem-studium\/bewerbung-und-immatrikulation\/kontakt\/\"><em><strong>hier<\/strong> <\/em><\/a>die<strong> Ansprechpartner:innen der Studentischen Abteilung<\/strong>, da weder der LKM Support noch die Lehrenden Fragen zu einzelnen Bewerbungen oder Formalit\u00e4ten beantworten k\u00f6nnen. Antworten auf die Frage &#8222;Was ist, wenn ich mein Abi im Ausland gemacht habe?&#8220; findest Du <a href=\"https:\/\/www.lkm.uni-konstanz.de\/support\/bewerben\/was-ist-wenn-ich-mein-abi-im-ausland-gemacht-habe-2\/\">hier<\/a>.<\/p>\n<p>&nbsp;<\/p>\n<p><a href=\"https:\/\/www.uni-konstanz.de\/studieren\/vor-dem-studium\/studienangebot\/studiengaenge-a-z\/literatur-kunst-medien-ba\/\"><span style=\"font-size: 17px\"><strong><span style=\"font-family: Lato\">LKM-Bachelor<\/span><\/strong><\/span><\/a><\/p>\n<p>Der Bachelor in LKM beginnt jedes Jahr <em>nur zum Wintersemester<\/em>, die Bewerbung daf\u00fcr l\u00e4uft vom 07. Mai bis zum 15. September.<\/p>\n<p><strong>&#8230;&#8230;&#8230;&#8230;&#8230;&#8230;&#8230;&#8230;&#8230;&#8230;&#8230;&#8230;&#8230;&#8230;&#8230;&#8230;&#8230;&#8230;&#8230;&#8230;&#8230;&#8230;&#8230;&#8230;&#8230;&#8230;&#8230;&#8230;&#8230;&#8230;&#8230;&#8230;&#8230;&#8230;&#8230;&#8230;&#8230;&#8230;&#8230;&#8230;&#8230;&#8230;&#8230;&#8230;&#8230;&#8230;&#8230;&#8230;&#8230;&#8230;&#8230;&#8230;&#8230;&#8230;&#8230;&#8230;&#8230;&#8230;&#8230;&#8230;&#8230;&#8230;&#8230;&#8230;&#8230;<\/strong><strong><em><br \/>\nSAVE THE DATE: Die Bewerbungsfrist f\u00fcr das Wintersemester 2026\/27 endet am 15. September 2026.<\/em><\/strong><br \/>\n<strong>&#8230;&#8230;&#8230;&#8230;&#8230;&#8230;&#8230;&#8230;&#8230;&#8230;&#8230;&#8230;&#8230;&#8230;&#8230;&#8230;&#8230;&#8230;&#8230;&#8230;&#8230;&#8230;&#8230;&#8230;&#8230;&#8230;&#8230;&#8230;&#8230;&#8230;&#8230;&#8230;&#8230;&#8230;&#8230;&#8230;&#8230;&#8230;&#8230;&#8230;&#8230;&#8230;&#8230;&#8230;&#8230;&#8230;&#8230;&#8230;&#8230;&#8230;&#8230;&#8230;&#8230;&#8230;&#8230;&#8230;&#8230;&#8230;&#8230;&#8230;&#8230;&#8230;&#8230;&#8230;&#8230;<\/strong><\/p>\n<p><em>Wichtiger Hinweis zur Online-Bewerbung f\u00fcr den LKM BA! In jenem Schritt, in dem Ihr eure Noten in Deutsch und der besten Fremdsprache eintragt, sind 5 Spalten angegeben, \u00fcber der letzten Spalte steht \u201eKernkompetenz-, Neigungs-, Profilfach oder Leistungsfach\u201c \u2013 hier bitte keine Punktzahlen eintragen, sondern ankreuzen, ob es sich beim angegebenen Fach um ein \u201eKernkompetenz-, Neigungs-, Profilfach oder Leistungsfach\u201c gehandelt hat. In Bayern hei\u00dft diese Fachform seit der Oberstufenreform \u201eSeminar\u201c.<\/em><\/p>\n<p>Der LKM-Bachelor ist <strong>aktuell nicht zulassungsbeschr\u00e4nkt<\/strong>. Bis 2017 gab es noch ein Auswahlverfahren mit Eignungstest, dieses wurde jedoch mittlerweile abgeschafft. <em><br \/>\n<\/em><\/p>\n<p>Weitere grundlegende Informationen zum LKM Bachelor findet ihr <a href=\"https:\/\/www.uni-konstanz.de\/studieren\/vor-dem-studium\/studienangebot\/studiengaenge-a-z\/literatur-kunst-medien-ba\/\"><em><strong>hier<\/strong><\/em><\/a>.<\/p>\n<p>&nbsp;<\/p>\n<h4><a href=\"https:\/\/www.uni-konstanz.de\/studieren\/vor-dem-studium\/studienangebot\/studiengaenge-a-z\/literatur-kunst-medien-ma\/\"><strong><span style=\"font-size: 17px\">LKM-Master<\/span><\/strong><\/a><\/h4>\n<p>F\u00fcr den LKM-Master gibt es zwei Bewerbungsfristen, da der Master <em>sowohl im Sommer- als auch im Wintersemester<\/em> beginnt: Der Zeitraum f\u00fcr die Bewerbung f\u00fcr das Wintersemester ist vom 07. Mai bis 15. Juni und f\u00fcr das Sommersemester vom 26. November bis 15. Januar.<\/p>\n<p><strong>&#8230;&#8230;&#8230;&#8230;&#8230;&#8230;&#8230;&#8230;&#8230;&#8230;&#8230;&#8230;&#8230;&#8230;&#8230;&#8230;&#8230;&#8230;&#8230;&#8230;&#8230;&#8230;&#8230;&#8230;&#8230;&#8230;&#8230;&#8230;&#8230;&#8230;&#8230;&#8230;&#8230;&#8230;&#8230;&#8230;&#8230;&#8230;&#8230;&#8230;&#8230;&#8230;&#8230;&#8230;&#8230;&#8230;&#8230;&#8230;&#8230;&#8230;&#8230;&#8230;&#8230;&#8230;&#8230;&#8230;&#8230;&#8230;&#8230;&#8230;&#8230;&#8230;&#8230;&#8230;&#8230;<\/strong><\/p>\n<p><strong><em>SAVE THE DATE: Die Bewerbungsfrist f\u00fcr das Wintersemester 2026\/27 endet am 15. Juni 2026.<br \/>\n<\/em><\/strong><strong>&#8230;&#8230;&#8230;&#8230;&#8230;&#8230;&#8230;&#8230;&#8230;&#8230;&#8230;&#8230;&#8230;&#8230;&#8230;&#8230;&#8230;&#8230;&#8230;&#8230;&#8230;&#8230;&#8230;&#8230;&#8230;&#8230;&#8230;&#8230;&#8230;&#8230;&#8230;&#8230;&#8230;&#8230;&#8230;&#8230;&#8230;&#8230;&#8230;&#8230;&#8230;&#8230;&#8230;&#8230;&#8230;&#8230;&#8230;&#8230;&#8230;&#8230;&#8230;&#8230;&#8230;&#8230;&#8230;&#8230;&#8230;&#8230;&#8230;&#8230;&#8230;&#8230;&#8230;&#8230;&#8230;. <\/strong><\/p>\n<p>Zugangsvoraussetzung f\u00fcr den Master-Studiengang \u201eLiteratur \u2013 Kunst \u2013 Medien\u201c ist der Nachweis eines \u00fcberdurchschnittlichen Abschlusses eines mindestens dreij\u00e4hrigen Studiengangs an einer Hochschule oder einer staatlichen oder staatlich anerkannten Berufsakademie im Fach \u201eLiteratur \u2013 Kunst \u2013 Medien\u201c oder einem dem Studiengang \u201eLiteratur \u2013 Kunst \u2013 Medien\u201c verwandten Fach. \u00dcbertrifft die Zahl derjenigen Bewerber:innen, die die Zugangsvoraussetzungen erf\u00fcllen, die Zahl der Studienpl\u00e4tze, wird eine Rangliste erstellt. Grundlage der Rangliste ist entweder die Note des Hochschulabschlusses oder, wenn noch kein Abschluss vorliegt, die Durchschnittsnote der bislang erbrachten Pr\u00fcfungsleistungen.<\/p>\n<p>Weitere grundlegende Informationen zum LKM Master findet ihr <a href=\"https:\/\/www.uni-konstanz.de\/studieren\/vor-dem-studium\/studienangebot\/studiengaenge-a-z\/literatur-kunst-medien-ma\/\"><em><strong>hier<\/strong><\/em><\/a>.<\/p>\n<p>&nbsp;<\/p>\n<p>&nbsp;<\/p>\n","protected":false},"excerpt":{"rendered":"<p>(STAND DER INFOS: Januar 2025) Die Online-Bewerbung Es gibt seit dem Sommersemester 2011 ein Online-Bewerbungsverfahren, das du hier findest. Solltest Du dazu Fragen haben, findest Du hier die Ansprechpartner:innen der &hellip;<\/p>\n","protected":false},"author":39,"featured_media":0,"parent":15,"menu_order":0,"comment_status":"closed","ping_status":"closed","template":"","meta":{"_stc_notifier_status":"","_stc_notifier_sent_time":"","_stc_notifier_request":false,"_stc_notifier_prevent":false,"_stc_subscriber_keywords":"","_stc_subscriber_search_areas":"","footnotes":""},"class_list":["post-5341","page","type-page","status-publish","hentry","entry entry-center"],"_links":{"self":[{"href":"https:\/\/www.lkm.uni-konstanz.de\/support\/wp-json\/wp\/v2\/pages\/5341","targetHints":{"allow":["GET"]}}],"collection":[{"href":"https:\/\/www.lkm.uni-konstanz.de\/support\/wp-json\/wp\/v2\/pages"}],"about":[{"href":"https:\/\/www.lkm.uni-konstanz.de\/support\/wp-json\/wp\/v2\/types\/page"}],"author":[{"embeddable":true,"href":"https:\/\/www.lkm.uni-konstanz.de\/support\/wp-json\/wp\/v2\/users\/39"}],"replies":[{"embeddable":true,"href":"https:\/\/www.lkm.uni-konstanz.de\/support\/wp-json\/wp\/v2\/comments?post=5341"}],"version-history":[{"count":13,"href":"https:\/\/www.lkm.uni-konstanz.de\/support\/wp-json\/wp\/v2\/pages\/5341\/revisions"}],"predecessor-version":[{"id":6396,"href":"https:\/\/www.lkm.uni-konstanz.de\/support\/wp-json\/wp\/v2\/pages\/5341\/revisions\/6396"}],"up":[{"embeddable":true,"href":"https:\/\/www.lkm.uni-konstanz.de\/support\/wp-json\/wp\/v2\/pages\/15"}],"wp:attachment":[{"href":"https:\/\/www.lkm.uni-konstanz.de\/support\/wp-json\/wp\/v2\/media?parent=5341"}],"curies":[{"name":"wp","href":"https:\/\/api.w.org\/{rel}","templated":true}]}}