{"id":341,"date":"2011-07-04T13:18:54","date_gmt":"2011-07-04T13:18:54","guid":{"rendered":"http:\/\/literaturkunstmedien.wordpress.com\/?page_id=341"},"modified":"2024-06-12T13:40:19","modified_gmt":"2024-06-12T11:40:19","slug":"weiterstudieren","status":"publish","type":"page","link":"https:\/\/www.lkm.uni-konstanz.de\/support\/weiterstudieren\/","title":{"rendered":"Weiterstudieren"},"content":{"rendered":"<h4><strong>Master LKM<\/strong><\/h4>\n<p>Der MA-Studiengang schlie\u00dft als vertiefender und wissenschaftlicher Studiengang an den BA Literatur-Kunst-Medien bzw. an gleichwertige Studienabschl\u00fcsse in den Fachgebieten Literatur-, Kunst- oder Medienwissenschaft an. Es gibt keinen direkten NC, Zugangsvoraussetzung ist der Nachweis eines \u00fcberdurchschnittlichen Abschlusses eines mindestens dreij\u00e4hrigen Studiengangs an einer Hochschule oder einer staatlichen oder staatlich anerkannten Berufsakademie im Fach \u201eLiteratur &#8211; Kunst &#8211; Medien\u201c oder einem dem Studiengang \u201eLiteratur &#8211; Kunst &#8211; Medien\u201c an der Universit\u00e4t Konstanz verwandten Fach. \u00dcbertrifft die Zahl derjenigen Bewerber, die die Zugangsvoraussetzungen erf\u00fcllen, die Zahl der Studienpl\u00e4tze, wird eine Rangliste erstellt. Grundlage der Rangliste ist entweder die Note des Hochschulabschlusses oder, wenn noch kein Abschluss vorliegt, die Durchschnittsnote der bislang erbrachten Pr\u00fcfungsleistungen. Ein zus\u00e4tzliches Motivationsschreiben wird nicht verlangt.<\/p>\n<p>Empfehlenswert ist der Master in LKM f\u00fcr all jene, die bereits den Bachelor in LKM o.\u00c4. gemacht haben und weiterhin die drei Fachdisziplinen, die interdisziplin\u00e4ren Ans\u00e4tze und die enge Betreuung durch die Lehrenden sch\u00e4tzen und sich noch intensiver, teilweise in kleineren Seminargruppen und in theoretischer Weise mit den Fragestellungen von LKM auseinandersetzen m\u00f6chten. Auch f\u00fcr jene BA-AbsolventInnen anderer Universit\u00e4ten, die einen Abschluss in mindestens zwei der drei Fachdisziplinen haben, ist der Masterstudiengang LKM eine gro\u00dfe Chance, die bisher erworbenen Erkenntnisse und F\u00e4higkeiten zu vertiefen und zu erweitern, sodass sie noch besser und pr\u00e4ziser kulturelle Ph\u00e4nomene beschreiben, einsch\u00e4tzen und analysieren k\u00f6nnen. Besonders wertvoll ist der Studiengang f\u00fcr jene, die kein durchstrukturiertes Masterprogramm absolvieren m\u00f6chten, sondern in gro\u00dfer Freiheit aus dem reichhaltigen Vorlesungsverzeichnis des Fachbereichs sch\u00f6pfen m\u00f6chten, um ihr eigenes Profil zu sch\u00e4rfen oder neue Erfahrungen zu machen.<\/p>\n<p>Bewerbungen sind zum Sommersemester <strong>und<\/strong> zum Wintersemester m\u00f6glich (15. Januar bzw. 15. Juni); die Regelstudienzeit betr\u00e4gt vier Semester (drei zum Studieren, eines f\u00fcr die Masterarbeit), Auslandssemester sind sehr erw\u00fcnscht und werden auch durch entsprechende Beratung unterst\u00fctzt (siehe <a title=\"Erasmus?\" href=\"https:\/\/www.lkm.uni-konstanz.de\/support\/studieren\/auslandsstudium\/\">Auslandsstudium<\/a>).<\/p>\n<p>&nbsp;<\/p>\n<h4><strong>Andere Master f\u00fcr Bachelor LKM &#8211; AbsolventInnen<\/strong><\/h4>\n<p>F\u00fcr diejenigen, die sich f\u00fcr andere weiterf\u00fchrende Masterstudieng\u00e4nge interessieren (evtl. auch im Ausland), gibt es viele n\u00fctzliche Informationen und Master\u00a0 hier: <a href=\"http:\/\/www.master-and-more.de\/master-im-ausland.html\" target=\"_blank\" rel=\"noopener noreferrer\">Master and more.\u00a0<\/a><\/p>\n<p>Allgemein ist bei einem Blick Richtung MA Kunstgeschichte zu beachten, dass viele Universit\u00e4ten eine Mindestzahl an Credits fordern, die in Veranstaltungen des Faches Kunstgeschichte absolviert wurde. Dazu geh\u00f6rt beispielsweise die Uni Heidelberg, die aktuell mindestens 70 Ects von Bewerbern erwartet. Daher informiert euch bitte fr\u00fchzeitig, welche Anforderungen jeweils gestellt werden, damit Ihr euer LKM-BA-Studium darauf ausrichten k\u00f6nnt und gen\u00fcgend Seminare in Kunst belegt (die im \u00dcbrigen auch im Nebenfachmodul anrechenbar sind).<\/p>\n<p>Neu und vielleicht interessant f\u00fcr Euch ist, angeboten\u00a0ab dem\u00a0Wintersemester 2015\/16 am Institut f\u00fcr Medienkulturwissenschaft der Universit\u00e4t Freiburg, der\u00a0neue Studiengang M.A. &#8222;Medienkulturforschung&#8220;. Der forschungsorientierte, konsekutive Masterstudiengang befasst sich mit der Erforschung, Analyse und Bewertung gegenw\u00e4rtiger und historischer Medienkulturen. Informationen zum Studiengang findet Ihr unter\u00a0<a href=\"https:\/\/medienkulturwissenschaft.uni-freiburg.de\/studium\" target=\"_blank\" rel=\"noopener noreferrer\">https:\/\/medienkulturwissenschaft.uni-freiburg.de\/studium<\/a>.<\/p>\n<p>Gerne weisen wir Euch auch auf den Masterstudiengang &#8222;Kulturwissenschaften \u2013 Culture, Arts and Media&#8220; an der Leuphana Universit\u00e4t L\u00fcneburg hin. Dieser erm\u00f6glicht Anschlussm\u00f6glichkeiten an Euer\u00a0bisheriges Studium und die interdisziplin\u00e4re Vertiefung eures bereits erworbenen Fachwissens. Der Masterstudiengang f\u00fchrt die lange Tradition der Kulturwissenschaften und eines interdisziplin\u00e4ren Dialogs zwischen verschiedenen Geistes- und Sozialwissenschaften fort. Zugleich st\u00e4rkt der Studiengang die M\u00f6glichkeiten individueller fachlicher Orientierung u.a. durch die Wahl eines der drei Schwerpunkte: \u201eKultur und \u00c4sthetik digitaler Medien\u201c, \u201eKunst- und Medienwissenschaft\u201c,\u201eTextkulturen: Philosophie, Literatur, Geschichte\u201c. Weitere Informationen zu dem Masterstudiengang findet\u00a0Ihr\u00a0unter:\u00a0<a href=\"http:\/\/www.leuphana.de\/kulturwissenschaften-studium-master.html\" target=\"_blank\" rel=\"noopener noreferrer\">http:\/\/www.leuphana.de\/kulturwissenschaften-studium-master.html<\/a><\/p>\n<p>Anschluss an &#8222;Medienkultur- und Kunsttheorien&#8220; im benachbarten Ausland findet Ihr im gleichnamigen Masterstudiengang der Uni Linz: <a href=\"http:\/\/www.ufg.ac.at\/?id=1738\" target=\"_blank\" rel=\"noopener noreferrer\">Masterstudium Medienkultur- und Kunsttheorien<\/a><\/p>\n<p>&nbsp;<\/p>\n","protected":false},"excerpt":{"rendered":"<p>Master LKM Der MA-Studiengang schlie\u00dft als vertiefender und wissenschaftlicher Studiengang an den BA Literatur-Kunst-Medien bzw. an gleichwertige Studienabschl\u00fcsse in den Fachgebieten Literatur-, Kunst- oder Medienwissenschaft an. Es gibt keinen direkten &hellip;<\/p>\n","protected":false},"author":1,"featured_media":0,"parent":0,"menu_order":6,"comment_status":"closed","ping_status":"closed","template":"","meta":{"_stc_notifier_status":"","_stc_notifier_sent_time":"","_stc_notifier_request":false,"_stc_notifier_prevent":false,"_stc_subscriber_keywords":"","_stc_subscriber_search_areas":"","footnotes":""},"class_list":["post-341","page","type-page","status-publish","hentry","entry entry-center"],"_links":{"self":[{"href":"https:\/\/www.lkm.uni-konstanz.de\/support\/wp-json\/wp\/v2\/pages\/341","targetHints":{"allow":["GET"]}}],"collection":[{"href":"https:\/\/www.lkm.uni-konstanz.de\/support\/wp-json\/wp\/v2\/pages"}],"about":[{"href":"https:\/\/www.lkm.uni-konstanz.de\/support\/wp-json\/wp\/v2\/types\/page"}],"author":[{"embeddable":true,"href":"https:\/\/www.lkm.uni-konstanz.de\/support\/wp-json\/wp\/v2\/users\/1"}],"replies":[{"embeddable":true,"href":"https:\/\/www.lkm.uni-konstanz.de\/support\/wp-json\/wp\/v2\/comments?post=341"}],"version-history":[{"count":5,"href":"https:\/\/www.lkm.uni-konstanz.de\/support\/wp-json\/wp\/v2\/pages\/341\/revisions"}],"predecessor-version":[{"id":6255,"href":"https:\/\/www.lkm.uni-konstanz.de\/support\/wp-json\/wp\/v2\/pages\/341\/revisions\/6255"}],"wp:attachment":[{"href":"https:\/\/www.lkm.uni-konstanz.de\/support\/wp-json\/wp\/v2\/media?parent=341"}],"curies":[{"name":"wp","href":"https:\/\/api.w.org\/{rel}","templated":true}]}}