{"id":1351,"date":"2012-10-24T14:41:47","date_gmt":"2012-10-24T14:41:47","guid":{"rendered":"http:\/\/literaturkunstmedien.wordpress.com\/?page_id=1351"},"modified":"2019-08-13T15:38:08","modified_gmt":"2019-08-13T13:38:08","slug":"lehre","status":"publish","type":"page","link":"https:\/\/www.lkm.uni-konstanz.de\/support\/studieren\/lehre\/","title":{"rendered":"Lehre"},"content":{"rendered":"<p style=\"text-align: left;\">LKM geh\u00f6rt zum Fachbereich Literaturwissenschaft mit Kunstwissenschaft und Medienwissenschaft; innerhalb dieses Fachbereichs gibt es verschiedene Lehrst\u00fchle, die sich auf ein bestimmtes Fachgebiet innerhalb der Literatur-, Kunst- oder Medienwissenschaft spezialisiert haben.<\/p>\n<p style=\"text-align: left;\">In allen drei Bereichen wird den Studierenden in den ersten beiden Semestern das jeweils fachspezifische \u201eWerkzeug\u201c f\u00fcr das wissenschaftliche Arbeiten gelehrt. Zu jedem Fachgebiet gibt es eine Vorlesung, in welcher die Theorie vermittelt wird. Jede Vorlesung wird von einem vor- und nachbereitenden Tutorium begleitet, in dem das erlernte Wissen in Form von Semesteraufgaben, Essays, Referate oder \u00e4hnlichem angewandt und mit den Tutoren ge\u00fcbt wird. Ab dem dritten Semester kann man seinen Stundenplan dann selbst gestalten, indem man Seminare je nach Interesse w\u00e4hlt bzw. besucht.<\/p>\n<p style=\"text-align: left;\">Den Bereich \u201eL\u201c decken die Lehrenden der Germanistik, Romanistik, Anglistik, Amerikanistik, Gr\u00e4zistik, Latinistik und Slavistik ab, das hei\u00dft, in all diesen Bereichen k\u00f6nnen Seminare belegt werden und f\u00fcr das Modul \u201eL\u201c angerechnet werden. Wer alles in diesem Teil der Literaturwissenschaft was lehrt und woran forscht, siehst du\u00a0<a href=\"https:\/\/www.litwiss.uni-konstanz.de\/fachbereich\/personen\/personalverzeichnis-von-a-z\/\" target=\"_blank\" rel=\"noopener noreferrer\"><em>hier<\/em><\/a>.<\/p>\n<p style=\"text-align: left;\">F\u00fcr den Bereich \u201eK\u201c gibt es eine Professur f\u00fcr Kunstwissenschaft\/Kunstgeschichte, die Prof. Dr. Karin Leonhard inne hat, und eine zweite Professur mit Schwerpunkt Lehre, die sich Prof. Dr. Steffen Bogen und Prof. Dr. J\u00fcrgen St\u00f6hr teilen. Sie geben in den ersten Semestern die sogenannten Einf\u00fchrungsveranstaltungen f\u00fcr die Kunstwissenschaft. Dabei gibt es neben einer methodisch orientierten Vorlesung auch Einblicke in den geschichtlichen Ablauf der bildenden K\u00fcnste, indem die gro\u00dfen Epochen der Kunstgeschichte exemplarisch durchgenommen werden. Im zweiten Semester verleiht ein Bilderquiz den Studierenden einen \u00dcberblick \u00fcber die Stilgeschichte. <span class=\"st\">Die Werkauswahl der auswendig zu lernenden Gem\u00e4lde, Plastiken und architektonischen Bauten ist durchaus geeignet, um sich ein <\/span><em>Gef\u00fchl<\/em><span class=\"st\"> f\u00fcr den Stil der jeweiligen Epochen anzueignen. Der traditionelle Kanon der Kunstgeschichte wird in der Kunstwissenschaft durch die systematisch begr\u00fcndeten visual studies, die Kunsttheorie und -technologie erweitert. <\/span><a href=\"https:\/\/www.litwiss.uni-konstanz.de\/kunstwissenschaft\/personen\/personen-a-z\/\" target=\"_blank\" rel=\"noopener noreferrer\"><em>Hier<\/em><\/a>\u00a0findest Du Infos und eine Liste mit allen Lehrenden der Kunstwissenschaft. Fragen, die unmittelbar das Fach Kunst betreffen, sind ausschlie\u00dflich an deren Fachstudienberatung zu richten.<\/p>\n<p style=\"text-align: left;\">\u201eM\u201c f\u00fcr Medienwissenschaft wird von den Professorinnen f\u00fcr Medienwissenschaft Prof. Dr. Beate Ochsner\u00a0und Prof. Dr. Isabell Otto abgedeckt. Aufgrund ihres inhomogenen Objektbereichs verschwimmen in der Medienwissenschaft die Grenzen zu anderen Wissenschaften wohl am meisten. In der Einf\u00fchrungsveranstaltung des ersten Semesters steht vor allem die Frage \u201eWas ist ein Medium?\u201c im Mittelpunkt. Mit den Medien Fotografie, Radio, Film, Fernsehen und Computer wird der Untersuchungsgegenstand im zweiten Semester konkreter. Die Seminare, die ab dem dritten Semester selbstst\u00e4ndig gew\u00e4hlt werden k\u00f6nnen, besch\u00e4ftigen sich u.a. mit der Geschichte, Theorie und Analyse von Bildern, literarischen Texten, Filmen, Fernsehen sowie des Internets in seinen verschiedenen Auspr\u00e4gungen. Dazu geh\u00f6rt z.B. auch die Frage danach, wie sich Medien gegenseitig beeinflussen, ineinander \u00fcbergehen oder miteinander in der kulturellen Praxis kombiniert werden. Die Lehrenden der Medienwissenschaft und vieles mehr findest du\u00a0<a href=\"https:\/\/www.litwiss.uni-konstanz.de\/medienwissenschaft\/personen\/personen-a-z\/?tx_uknmembers_lists%5B@widget_0%5D%5BcurrentPage%5D=1&amp;tx_uknmembers_lists%5B@widget_0%5D%5BsortProperty%5D=group\" target=\"_blank\" rel=\"noopener noreferrer\"><i>hier<\/i><\/a><em>.<\/em><\/p>\n","protected":false},"excerpt":{"rendered":"<p>LKM geh\u00f6rt zum Fachbereich Literaturwissenschaft mit Kunstwissenschaft und Medienwissenschaft; innerhalb dieses Fachbereichs gibt es verschiedene Lehrst\u00fchle, die sich auf ein bestimmtes Fachgebiet innerhalb der Literatur-, Kunst- oder Medienwissenschaft spezialisiert haben. &hellip;<\/p>\n","protected":false},"author":1,"featured_media":0,"parent":9,"menu_order":4,"comment_status":"closed","ping_status":"closed","template":"","meta":{"_stc_notifier_status":"","_stc_notifier_sent_time":"","_stc_notifier_request":false,"_stc_notifier_prevent":false,"_stc_subscriber_keywords":"","_stc_subscriber_search_areas":"","footnotes":""},"class_list":["post-1351","page","type-page","status-publish","hentry","entry entry-center"],"_links":{"self":[{"href":"https:\/\/www.lkm.uni-konstanz.de\/support\/wp-json\/wp\/v2\/pages\/1351","targetHints":{"allow":["GET"]}}],"collection":[{"href":"https:\/\/www.lkm.uni-konstanz.de\/support\/wp-json\/wp\/v2\/pages"}],"about":[{"href":"https:\/\/www.lkm.uni-konstanz.de\/support\/wp-json\/wp\/v2\/types\/page"}],"author":[{"embeddable":true,"href":"https:\/\/www.lkm.uni-konstanz.de\/support\/wp-json\/wp\/v2\/users\/1"}],"replies":[{"embeddable":true,"href":"https:\/\/www.lkm.uni-konstanz.de\/support\/wp-json\/wp\/v2\/comments?post=1351"}],"version-history":[{"count":1,"href":"https:\/\/www.lkm.uni-konstanz.de\/support\/wp-json\/wp\/v2\/pages\/1351\/revisions"}],"predecessor-version":[{"id":5804,"href":"https:\/\/www.lkm.uni-konstanz.de\/support\/wp-json\/wp\/v2\/pages\/1351\/revisions\/5804"}],"up":[{"embeddable":true,"href":"https:\/\/www.lkm.uni-konstanz.de\/support\/wp-json\/wp\/v2\/pages\/9"}],"wp:attachment":[{"href":"https:\/\/www.lkm.uni-konstanz.de\/support\/wp-json\/wp\/v2\/media?parent=1351"}],"curies":[{"name":"wp","href":"https:\/\/api.w.org\/{rel}","templated":true}]}}