{"id":1344,"date":"2012-10-24T14:23:39","date_gmt":"2012-10-24T14:23:39","guid":{"rendered":"http:\/\/literaturkunstmedien.wordpress.com\/?page_id=1344"},"modified":"2024-04-20T10:23:56","modified_gmt":"2024-04-20T08:23:56","slug":"abschlussarbeiten","status":"publish","type":"page","link":"https:\/\/www.lkm.uni-konstanz.de\/support\/fertigwerden\/abschlussarbeiten\/","title":{"rendered":"Abschlussarbeiten"},"content":{"rendered":"<p>B\u00f6se Zungen behaupten ja, die korrekte Anmeldung eurer Abschlussarbeit sei schon Teil der Pr\u00fcfung selbst&#8230; Doch mit der richtigen Anleitung kann nicht mehr viel schieflaufen:<\/p>\n<p><a href=\"https:\/\/www.lkm.uni-konstanz.de\/support\/bachelorarbeit\/\"><strong>Bachelorarbeit<\/strong> und m\u00fcndliche Pr\u00fcfung in 10 Schritten<\/a><\/p>\n<p><a href=\"https:\/\/www.lkm.uni-konstanz.de\/support\/masterarbeit\/\"><strong>Masterarbeit<\/strong> und m\u00fcndliche Pr\u00fcfung in 10 Schritten <\/a><\/p>\n","protected":false},"excerpt":{"rendered":"<p>B\u00f6se Zungen behaupten ja, die korrekte Anmeldung eurer Abschlussarbeit sei schon Teil der Pr\u00fcfung selbst&#8230; Doch mit der richtigen Anleitung kann nicht mehr viel schieflaufen: Bachelorarbeit und m\u00fcndliche Pr\u00fcfung in &hellip;<\/p>\n","protected":false},"author":1,"featured_media":0,"parent":425,"menu_order":1,"comment_status":"closed","ping_status":"closed","template":"","meta":{"_stc_notifier_status":"","_stc_notifier_sent_time":"","_stc_notifier_request":false,"_stc_notifier_prevent":false,"_stc_subscriber_keywords":"","_stc_subscriber_search_areas":"","footnotes":""},"class_list":["post-1344","page","type-page","status-publish","hentry","entry entry-center"],"_links":{"self":[{"href":"https:\/\/www.lkm.uni-konstanz.de\/support\/wp-json\/wp\/v2\/pages\/1344","targetHints":{"allow":["GET"]}}],"collection":[{"href":"https:\/\/www.lkm.uni-konstanz.de\/support\/wp-json\/wp\/v2\/pages"}],"about":[{"href":"https:\/\/www.lkm.uni-konstanz.de\/support\/wp-json\/wp\/v2\/types\/page"}],"author":[{"embeddable":true,"href":"https:\/\/www.lkm.uni-konstanz.de\/support\/wp-json\/wp\/v2\/users\/1"}],"replies":[{"embeddable":true,"href":"https:\/\/www.lkm.uni-konstanz.de\/support\/wp-json\/wp\/v2\/comments?post=1344"}],"version-history":[{"count":15,"href":"https:\/\/www.lkm.uni-konstanz.de\/support\/wp-json\/wp\/v2\/pages\/1344\/revisions"}],"predecessor-version":[{"id":6188,"href":"https:\/\/www.lkm.uni-konstanz.de\/support\/wp-json\/wp\/v2\/pages\/1344\/revisions\/6188"}],"up":[{"embeddable":true,"href":"https:\/\/www.lkm.uni-konstanz.de\/support\/wp-json\/wp\/v2\/pages\/425"}],"wp:attachment":[{"href":"https:\/\/www.lkm.uni-konstanz.de\/support\/wp-json\/wp\/v2\/media?parent=1344"}],"curies":[{"name":"wp","href":"https:\/\/api.w.org\/{rel}","templated":true}]}}