{"id":107,"date":"2011-02-10T19:22:23","date_gmt":"2011-02-10T19:22:23","guid":{"rendered":"http:\/\/literaturkunstmedien.wordpress.com\/?page_id=107"},"modified":"2019-08-13T15:48:02","modified_gmt":"2019-08-13T13:48:02","slug":"fremdsprachennachweis","status":"publish","type":"page","link":"https:\/\/www.lkm.uni-konstanz.de\/support\/studieren\/fremdsprachennachweis\/","title":{"rendered":"Fremdsprachennachweis"},"content":{"rendered":"<p>Schon bei der Bewerbung z\u00e4hlt die Fremdsprache, die Du im Abitur belegt hast. Bei der Anmeldung zur Bachelorpr\u00fcfung muss allerdings der Nachweis einer zweiten Fremdsprache erfolgen. Wenn Du in der Schule eine zweite Fremdsprache belegt hast und das mindestens drei Jahre lang und mit mindestens einer 4,0 abgeschlossen hast, reicht das Abiturzeugnis, in dem dies verzeichnet ist, als Nachweis. Wenn nicht, kannst Du im <a href=\"http:\/\/www.uni-konstanz.de\/ZE\/SLI\/\" target=\"_blank\" rel=\"noopener noreferrer\"><em>Sprachlehrinstitut der Universit\u00e4t Konstanz<\/em><\/a> eine Sprache erlernen oder vertiefen. Wenn man die abschlie\u00dfende Sprachpr\u00fcfung besteht, erf\u00fcllt man ebenfalls die Anforderungen. Die Pr\u00fcfungsordnung macht dabei keine eindeutigen Aussagen dar\u00fcber, ob es sich um eine moderne Fremdsprache handeln muss. Latein und Griechisch sind dadurch theoretisch auch anrechenbar.<\/p>\n","protected":false},"excerpt":{"rendered":"<p>Schon bei der Bewerbung z\u00e4hlt die Fremdsprache, die Du im Abitur belegt hast. Bei der Anmeldung zur Bachelorpr\u00fcfung muss allerdings der Nachweis einer zweiten Fremdsprache erfolgen. Wenn Du in der &hellip;<\/p>\n","protected":false},"author":1,"featured_media":0,"parent":9,"menu_order":16,"comment_status":"closed","ping_status":"closed","template":"","meta":{"_stc_notifier_status":"","_stc_notifier_sent_time":"","_stc_notifier_request":false,"_stc_notifier_prevent":false,"_stc_subscriber_keywords":"","_stc_subscriber_search_areas":"","footnotes":""},"class_list":["post-107","page","type-page","status-publish","hentry","entry entry-center"],"_links":{"self":[{"href":"https:\/\/www.lkm.uni-konstanz.de\/support\/wp-json\/wp\/v2\/pages\/107","targetHints":{"allow":["GET"]}}],"collection":[{"href":"https:\/\/www.lkm.uni-konstanz.de\/support\/wp-json\/wp\/v2\/pages"}],"about":[{"href":"https:\/\/www.lkm.uni-konstanz.de\/support\/wp-json\/wp\/v2\/types\/page"}],"author":[{"embeddable":true,"href":"https:\/\/www.lkm.uni-konstanz.de\/support\/wp-json\/wp\/v2\/users\/1"}],"replies":[{"embeddable":true,"href":"https:\/\/www.lkm.uni-konstanz.de\/support\/wp-json\/wp\/v2\/comments?post=107"}],"version-history":[{"count":1,"href":"https:\/\/www.lkm.uni-konstanz.de\/support\/wp-json\/wp\/v2\/pages\/107\/revisions"}],"predecessor-version":[{"id":5807,"href":"https:\/\/www.lkm.uni-konstanz.de\/support\/wp-json\/wp\/v2\/pages\/107\/revisions\/5807"}],"up":[{"embeddable":true,"href":"https:\/\/www.lkm.uni-konstanz.de\/support\/wp-json\/wp\/v2\/pages\/9"}],"wp:attachment":[{"href":"https:\/\/www.lkm.uni-konstanz.de\/support\/wp-json\/wp\/v2\/media?parent=107"}],"curies":[{"name":"wp","href":"https:\/\/api.w.org\/{rel}","templated":true}]}}