{"id":105,"date":"2011-02-10T19:21:33","date_gmt":"2011-02-10T19:21:33","guid":{"rendered":"http:\/\/literaturkunstmedien.wordpress.com\/?page_id=105"},"modified":"2019-08-13T15:07:20","modified_gmt":"2019-08-13T13:07:20","slug":"wie-werde-ich-journalistin","status":"publish","type":"page","link":"https:\/\/www.lkm.uni-konstanz.de\/support\/wie-werde-ich-journalistin\/","title":{"rendered":"Wie werde ich JournalistIn?"},"content":{"rendered":"<p>Viele BewerberInnen entscheiden sich f\u00fcr LKM, da sie gerne im Printjournalismus, im redaktionellen Bereich beim Fernsehen oder allgemein gesagt im Kulturjournalismus arbeiten wollen. Das ist nicht falsch, denn die Grundlagen daf\u00fcr kann man sich in LKM durchaus aneignen. Wichtig ist nur, dass man, nur weil man sich mit Theater, Kunst, Literatur, Kino und Performance auskennt, noch kein\/e JournalistIn ist (zumal der Begriff JournalistIn keine gesch\u00fctzte Berufsbezeichnung ist). Daher fordern die meisten Zeitungen und Fernsehsender, dass man ein i.d.R. zweij\u00e4hriges Volontariat absolviert, das hei\u00dft, dass man zwar schon in einer Redaktion mitarbeitet, sich aber ganz offiziell noch in der journalistischen Ausbildung befindet. AbsolventInnen journalistischer Studieng\u00e4nge m\u00fcssen dieses Volontariat zwar in der Regel auch absolvieren, sind aber in den Aspekten von Schreibstil, Ablauf und Aufbau, Interviewtechnik etc. besser vorbereitet. Wer sich also schon sicher ist, diesen Weg beruflich einschlagen zu wollen, sollte w\u00e4hrend des Studiums bereits Erfahrungen sammeln (\u00fcber Praktika und Nebenjobs) und im Hinterkopf behalten, dass der Ausbildungsweg nach dem Bachelor auf keinen Fall abgeschlossen ist.<\/p>\n","protected":false},"excerpt":{"rendered":"<p>Viele BewerberInnen entscheiden sich f\u00fcr LKM, da sie gerne im Printjournalismus, im redaktionellen Bereich beim Fernsehen oder allgemein gesagt im Kulturjournalismus arbeiten wollen. Das ist nicht falsch, denn die Grundlagen &hellip;<\/p>\n","protected":false},"author":1,"featured_media":0,"parent":0,"menu_order":21,"comment_status":"closed","ping_status":"closed","template":"","meta":{"_stc_notifier_status":"","_stc_notifier_sent_time":"","_stc_notifier_request":false,"_stc_notifier_prevent":false,"_stc_subscriber_keywords":"","_stc_subscriber_search_areas":"","footnotes":""},"class_list":["post-105","page","type-page","status-publish","hentry","entry entry-center"],"_links":{"self":[{"href":"https:\/\/www.lkm.uni-konstanz.de\/support\/wp-json\/wp\/v2\/pages\/105","targetHints":{"allow":["GET"]}}],"collection":[{"href":"https:\/\/www.lkm.uni-konstanz.de\/support\/wp-json\/wp\/v2\/pages"}],"about":[{"href":"https:\/\/www.lkm.uni-konstanz.de\/support\/wp-json\/wp\/v2\/types\/page"}],"author":[{"embeddable":true,"href":"https:\/\/www.lkm.uni-konstanz.de\/support\/wp-json\/wp\/v2\/users\/1"}],"replies":[{"embeddable":true,"href":"https:\/\/www.lkm.uni-konstanz.de\/support\/wp-json\/wp\/v2\/comments?post=105"}],"version-history":[{"count":1,"href":"https:\/\/www.lkm.uni-konstanz.de\/support\/wp-json\/wp\/v2\/pages\/105\/revisions"}],"predecessor-version":[{"id":5791,"href":"https:\/\/www.lkm.uni-konstanz.de\/support\/wp-json\/wp\/v2\/pages\/105\/revisions\/5791"}],"wp:attachment":[{"href":"https:\/\/www.lkm.uni-konstanz.de\/support\/wp-json\/wp\/v2\/media?parent=105"}],"curies":[{"name":"wp","href":"https:\/\/api.w.org\/{rel}","templated":true}]}}