{"id":88,"date":"2023-09-12T19:16:59","date_gmt":"2023-09-12T17:16:59","guid":{"rendered":"https:\/\/www.lkm.uni-konstanz.de\/kunstvermittlung\/?page_id=88"},"modified":"2024-06-03T14:30:25","modified_gmt":"2024-06-03T12:30:25","slug":"startseite","status":"publish","type":"page","link":"https:\/\/www.lkm.uni-konstanz.de\/kunstvermittlung\/","title":{"rendered":"Stadt- und Kunstf\u00fchrungen auf neuen Wegen"},"content":{"rendered":"<h3>Praxisseminar zur Entwicklung interaktiver Kunstvermittlungskonzepte<\/h3>\n<p>Im Rahmen des Seminars \u201eStadt- und Kunstf\u00fchrungen auf neuen Wegen \u2013 Praxisseminar zur Entwicklung interaktiver Kunstvermittlungskonzepte\u201c, das im Wintersemester 2022\/23 unter Leitung von Birgit Rucker f\u00fcr den Studiengang LKM angeboten wurde, erarbeiteten die Studierenden verschiedene Vermittlungskonzepte f\u00fcr Themen aus Kunst, Literatur oder anderen Kulturformen. Vorgabe des Seminars war es, in Gruppenarbeit ein kulturwissenschaftliches Thema inhaltlich zu erschlie\u00dfen, eine F\u00fchrung oder Veranstaltung dazu zu erarbeiten und das Gesamtkonzept mit einem passenden Begleitmedium zu erg\u00e4nzen. Die Art des Mediums war dabei nicht vorgegeben \u2013 das geplante Spektrum der insgesamt sieben Projektgruppen erstreckt sich daher sehr vielf\u00e4ltig von Podcasts \u00fcber (interaktive) Stadtpl\u00e4ne hin zu gedruckten Flyern und Brosch\u00fcren.<\/p>\n<p>In ersten Brainstormings wurden zun\u00e4chst Ideen gesammelt, welche Zielgruppen und welche Themen f\u00fcr die Konzepterstellung interessant sein k\u00f6nnten. Dabei galt es zu \u00fcberlegen, dass die Konzepte m\u00f6glichst sowohl im Rahmen von geleiteten Gruppenf\u00fchrungen wie auch f\u00fcr die individuelle Erarbeitung durch nicht gef\u00fchrte Einzelpersonen oder Kleingruppen funktionieren sollten. Diskussionen zu den einzelnen Vorschl\u00e4gen, Analysen von konkreten Umsetzungsm\u00f6glichkeiten, \u00dcberlegungen zu passenden Begleitmedien und der Einbezug der pers\u00f6nlichen Interessengebiete der insgesamt 28 Studierenden f\u00fchrten im Lauf des Seminars zur Bildung von sieben Projektgruppen. Die Ergebnisse der Gruppenarbeiten k\u00f6nnen \u00fcber unten stehende Links aufgerufen und zum Teil auch heruntergeladen werden.<\/p>\n<p>Die Finanzierung der Druckerzeugnisse f\u00fcr einige der Projektgruppen wurde aus Mitteln des <a href=\"https:\/\/www.uni-konstanz.de\/lehren\/foerderprogramme-und-preise\/teaching-innovation-fund\/\" target=\"_blank\" rel=\"noopener\">Teaching Innovation Fund (TIF)<\/a> der Universit\u00e4t Konstanz erm\u00f6glicht.<\/p>\n<div class=\"su-row suBR\">\n<div class=\"su-column su-column-size-1-3 startseite_column\"><div class=\"su-column-inner su-u-clearfix su-u-trim\">\n<h1>Bock auf Theater &#8211; und keiner kommt mit?<\/h1>\n<p>Die Gruppe organisierte einen gemeinsamen Theaterbesuch inklusive Einf\u00fchrung ins St\u00fcck, Diskussionsrunde nach der Vorstellung und einer Begleitbrosch\u00fcre.<a href=\"https:\/\/www.lkm.uni-konstanz.de\/kunstvermittlung\/theater\/\"> \u21d2 Weiterlesen<\/a><\/div><\/div>\n<div class=\"su-column su-column-size-1-3 startseite_column\"><div class=\"su-column-inner su-u-clearfix su-u-trim\">\n<h1>Ersti-Brosch\u00fcre<\/h1>\n<p>Um Erstsemestern ihren neuen Wohnort nahe zu bringen, wurde eine Brosch\u00fcre mit Lieblingsorten verschiedener Kategorien erstellt.<a href=\"https:\/\/www.lkm.uni-konstanz.de\/kunstvermittlung\/ersti-broschuere\/\"> \u21d2 Weiterlesen<\/a><\/div><\/div>\n<div class=\"su-column su-column-size-1-3 startseite_column\"><div class=\"su-column-inner su-u-clearfix su-u-trim\">\n<h1>Stadtgeschichten f\u00fcr Jung und Alt<\/h1>\n<p>Der von dieser Gruppe gestaltete Stadtplan soll junge und alte Menschen bei gemeinsamen Stadtrundg\u00e4ngen zusammenbringen. <a href=\"https:\/\/www.lkm.uni-konstanz.de\/kunstvermittlung\/stadtgeschichten\/\"> \u21d2 Weiterlesen<\/a><\/div><\/div>\n<\/div>\n<div class=\"su-row suBR\">\n<div class=\"su-column su-column-size-1-4 startseite_column\"><div class=\"su-column-inner su-u-clearfix su-u-trim\">\n<h1>Kunsthandwerk<\/h1>\n<p>Oberstufensch\u00fcler*innen wurden im Rahmen dieses Projekts einige Berufe im Bereich Kunsthandwerk nahe gebracht.<a href=\"https:\/\/www.lkm.uni-konstanz.de\/kunstvermittlung\/kunsthandwerk\/\"> \u21d2 Weiterlesen<\/a><br \/>\n<\/div><\/div>\n<div class=\"su-column su-column-size-1-4 startseite_column\"><div class=\"su-column-inner su-u-clearfix su-u-trim\">\n<h1>H\u00e4userzeichen<\/h1>\n<p>Die zahlreichen H\u00e4userzeichen von Hans Sauerbruch und seine Biographie werden in Form von Podcasts erl\u00e4utert.<a href=\"https:\/\/www.lkm.uni-konstanz.de\/kunstvermittlung\/sauerbruch\/\"> \u21d2 Weiterlesen<\/a><br \/>\n<\/div><\/div> <div class=\"su-column su-column-size-1-4 startseite_column\"><div class=\"su-column-inner su-u-clearfix su-u-trim\">\n<h1>Stadtplan mit Audioguides<\/h1>\n<p>Kurze Audiodateien geben erste Informationen zu wichtigen Konstanzer Geb\u00e4uden, aufzurufen \u00fcber einen Stadtplan mit qr-Codes.<a href=\"https:\/\/www.lkm.uni-konstanz.de\/kunstvermittlung\/stadtplan\/\"> \u21d2 Weiterlesen<\/a><br \/>\n<\/div><\/div> <div class=\"su-column su-column-size-1-4 startseite_column\"><div class=\"su-column-inner su-u-clearfix su-u-trim\">\n<h1>Street Art<\/h1>\n<p>Nicht nur Graffitis, auch andere Formen von Street Art werden in einem Podcast und einer Brosch\u00fcre erl\u00e4utert.<a href=\"https:\/\/www.lkm.uni-konstanz.de\/kunstvermittlung\/street-art\/\"> \u21d2 Weiterlesen<\/a><\/p>\n<\/div><\/div>\n<\/div>\n","protected":false},"excerpt":{"rendered":"<p>Praxisseminar zur Entwicklung interaktiver Kunstvermittlungskonzepte Im Rahmen des Seminars \u201eStadt- und Kunstf\u00fchrungen auf neuen Wegen \u2013 Praxisseminar zur Entwicklung interaktiver Kunstvermittlungskonzepte\u201c, das im Wintersemester 2022\/23 unter Leitung von Birgit Rucker [&hellip;]<\/p>\n","protected":false},"author":1,"featured_media":0,"parent":0,"menu_order":0,"comment_status":"closed","ping_status":"closed","template":"","meta":{"_stc_notifier_status":"","_stc_notifier_sent_time":"","_stc_notifier_request":false,"_stc_notifier_prevent":false,"_stc_subscriber_keywords":"","_stc_subscriber_search_areas":"","footnotes":""},"class_list":["post-88","page","type-page","status-publish","hentry"],"_links":{"self":[{"href":"https:\/\/www.lkm.uni-konstanz.de\/kunstvermittlung\/wp-json\/wp\/v2\/pages\/88","targetHints":{"allow":["GET"]}}],"collection":[{"href":"https:\/\/www.lkm.uni-konstanz.de\/kunstvermittlung\/wp-json\/wp\/v2\/pages"}],"about":[{"href":"https:\/\/www.lkm.uni-konstanz.de\/kunstvermittlung\/wp-json\/wp\/v2\/types\/page"}],"author":[{"embeddable":true,"href":"https:\/\/www.lkm.uni-konstanz.de\/kunstvermittlung\/wp-json\/wp\/v2\/users\/1"}],"replies":[{"embeddable":true,"href":"https:\/\/www.lkm.uni-konstanz.de\/kunstvermittlung\/wp-json\/wp\/v2\/comments?post=88"}],"version-history":[{"count":38,"href":"https:\/\/www.lkm.uni-konstanz.de\/kunstvermittlung\/wp-json\/wp\/v2\/pages\/88\/revisions"}],"predecessor-version":[{"id":496,"href":"https:\/\/www.lkm.uni-konstanz.de\/kunstvermittlung\/wp-json\/wp\/v2\/pages\/88\/revisions\/496"}],"wp:attachment":[{"href":"https:\/\/www.lkm.uni-konstanz.de\/kunstvermittlung\/wp-json\/wp\/v2\/media?parent=88"}],"curies":[{"name":"wp","href":"https:\/\/api.w.org\/{rel}","templated":true}]}}