{"id":477,"date":"2024-04-18T16:17:44","date_gmt":"2024-04-18T14:17:44","guid":{"rendered":"https:\/\/www.lkm.uni-konstanz.de\/kunstvermittlung\/?page_id=477"},"modified":"2024-04-18T16:24:55","modified_gmt":"2024-04-18T14:24:55","slug":"sauerbruch","status":"publish","type":"page","link":"https:\/\/www.lkm.uni-konstanz.de\/kunstvermittlung\/sauerbruch\/","title":{"rendered":"H\u00e4userzeichen von Hans Sauerbruch"},"content":{"rendered":"<p>Im Rahmen des Seminars \u201eStadt- und Kunstf\u00fchrungen auf neuen Wegen\u201c haben wir einen Podcast ins Leben gerufen: Hans Sauerbruchs H\u00e4userzeichen. An der Seite der beiden fiktiven Urenkelinnen Leonie und Marie, k\u00f6nnen H\u00f6rerinnen und H\u00f6rer sich auf eine Entdeckungstour \u00fcber den K\u00fcnstler und sein Schaffen begeben.<\/p>\n<p>H\u00e4userzeichen, das sind Bilder an Hausfassaden, die mit einer bestimmten Kratztechnik entstanden sind. Man nennt sie auch Sgraffiti. Sie tragen Geschichten in sich, die bis ins Mittelalter reichen. Und auch \u00fcber Hans Sauerbuchs Leben gibt es spannendes zu erfahren.<\/p>\n<p>In vier Folgen haben wir Leonie und Marie die Konstanzer Altstadt erforschen lassen und laden nun dazu ein, die beiden dabei zu begleiten. Egal ob junge Studierende oder geb\u00fcrtige Konstanzer*innen, unser Podcast ist f\u00fcr jede und jeden etwas. Gerne kann der Podcast in der Stadt vor Ort angeh\u00f6rt werden, hierf\u00fcr haben wir in Episode 5 alle Folgen aneinander gereiht. Aber auch\u00a0 bequem vom Sofa von zu Hause aus, kann man sich von den Geschichten der H\u00e4userzeichen bezaubern lassen. Zur Veranschaulichung laden wir auf dem Instagram-Account <a href=\"https:\/\/www.instagram.com\/sgraffiti.konstanz\/\" target=\"_blank\" rel=\"noopener\">@Sgraffiti.Konstanz<\/a> von jedem H\u00e4userzeichen Bilder hoch, aber auch spannende Behind the scenes und mehr.<\/p>\n<p><a href=\"https:\/\/open.spotify.com\/show\/57H3SifjqoMO5OJ2FSpCUl\" target=\"_blank\" rel=\"noopener\">H\u00f6rt gerne rein, hier geht\u2019s lang zu allen Folgen auf Spotify.<\/a><\/p>\n<p><strong>Projektteam:<\/strong> Franziska Deubel, Lisa-Maria Kleiner, Alicia Rank, Cilia Stelmach<\/p>\n<h4 style=\"text-align: center;\"><em><img loading=\"lazy\" decoding=\"async\" class=\"aligncenter wp-image-468\" src=\"https:\/\/www.lkm.uni-konstanz.de\/kunstvermittlung\/wp-content\/uploads\/sites\/10\/2024\/04\/Spotify-Cover-Folge-1.png\" alt=\"Coverbild Sauerbruch-Podcast Folge 1\" width=\"200\" height=\"200\" \/>Wer war Hans Sauerbruch<\/em><\/h4>\n<audio class=\"wp-audio-shortcode\" id=\"audio-477-1\" preload=\"none\" style=\"width: 100%;\" controls=\"controls\"><source type=\"audio\/mpeg\" src=\"https:\/\/www.lkm.uni-konstanz.de\/kunstvermittlung\/haeuserzeichen\/Hans_Sauerbruchs_Haeuserzeichen_Episode_1.mp3?_=1\" \/><a href=\"https:\/\/www.lkm.uni-konstanz.de\/kunstvermittlung\/haeuserzeichen\/Hans_Sauerbruchs_Haeuserzeichen_Episode_1.mp3\">https:\/\/www.lkm.uni-konstanz.de\/kunstvermittlung\/haeuserzeichen\/Hans_Sauerbruchs_Haeuserzeichen_Episode_1.mp3<\/a><\/audio>\n<h4 style=\"text-align: center;\"><em><img loading=\"lazy\" decoding=\"async\" class=\"aligncenter wp-image-468\" src=\"https:\/\/www.lkm.uni-konstanz.de\/kunstvermittlung\/wp-content\/uploads\/sites\/10\/2024\/04\/Spotify-Cover-Folge-2.png\" alt=\"Coverbild Sauerbruch-Podcast Folge 1\" width=\"200\" height=\"200\" \/><\/em><em>Sauerbruchs H\u00e4userzeichen<br \/>\nauf der Marktst\u00e4tte<\/em><\/h4>\n<audio class=\"wp-audio-shortcode\" id=\"audio-477-2\" preload=\"none\" style=\"width: 100%;\" controls=\"controls\"><source type=\"audio\/mpeg\" src=\"https:\/\/www.lkm.uni-konstanz.de\/kunstvermittlung\/haeuserzeichen\/Hans_Sauerbruchs_Haeuserzeichen_Episode_2.mp3?_=2\" \/><a href=\"https:\/\/www.lkm.uni-konstanz.de\/kunstvermittlung\/haeuserzeichen\/Hans_Sauerbruchs_Haeuserzeichen_Episode_2.mp3\">https:\/\/www.lkm.uni-konstanz.de\/kunstvermittlung\/haeuserzeichen\/Hans_Sauerbruchs_Haeuserzeichen_Episode_2.mp3<\/a><\/audio>\n<h4 style=\"text-align: center;\"><em><img loading=\"lazy\" decoding=\"async\" class=\"aligncenter wp-image-468\" src=\"https:\/\/www.lkm.uni-konstanz.de\/kunstvermittlung\/wp-content\/uploads\/sites\/10\/2024\/04\/Spotify-Cover-Folge-3.png\" alt=\"Coverbild Sauerbruch-Podcast Folge 1\" width=\"200\" height=\"200\" \/><\/em><em>Sauerbruchs H\u00e4userzeichen<br \/>\nund Konstanzer Geschichte<\/em><\/h4>\n<audio class=\"wp-audio-shortcode\" id=\"audio-477-3\" preload=\"none\" style=\"width: 100%;\" controls=\"controls\"><source type=\"audio\/mpeg\" src=\"https:\/\/www.lkm.uni-konstanz.de\/kunstvermittlung\/haeuserzeichen\/Hans_Sauerbruchs_Haeuserzeichen_Episode_3.mp3?_=3\" \/><a href=\"https:\/\/www.lkm.uni-konstanz.de\/kunstvermittlung\/haeuserzeichen\/Hans_Sauerbruchs_Haeuserzeichen_Episode_3.mp3\">https:\/\/www.lkm.uni-konstanz.de\/kunstvermittlung\/haeuserzeichen\/Hans_Sauerbruchs_Haeuserzeichen_Episode_3.mp3<\/a><\/audio>\n<h4 style=\"text-align: center;\"><em><img loading=\"lazy\" decoding=\"async\" class=\"aligncenter wp-image-468\" src=\"https:\/\/www.lkm.uni-konstanz.de\/kunstvermittlung\/wp-content\/uploads\/sites\/10\/2024\/04\/Spotify-Cover-Folge-4.png\" alt=\"Coverbild Sauerbruch-Podcast Folge 1\" width=\"200\" height=\"200\" \/><\/em><em>Durch Sauerbruchs H\u00e4userzeichen bis ins Mittelalter<\/em><\/h4>\n<audio class=\"wp-audio-shortcode\" id=\"audio-477-4\" preload=\"none\" style=\"width: 100%;\" controls=\"controls\"><source type=\"audio\/mpeg\" src=\"https:\/\/www.lkm.uni-konstanz.de\/kunstvermittlung\/haeuserzeichen\/Hans_Sauerbruchs_Haeuserzeichen_Episode_4.mp3?_=4\" \/><a href=\"https:\/\/www.lkm.uni-konstanz.de\/kunstvermittlung\/haeuserzeichen\/Hans_Sauerbruchs_Haeuserzeichen_Episode_4.mp3\">https:\/\/www.lkm.uni-konstanz.de\/kunstvermittlung\/haeuserzeichen\/Hans_Sauerbruchs_Haeuserzeichen_Episode_4.mp3<\/a><\/audio>\n<h2 style=\"text-align: center;\"><em><img loading=\"lazy\" decoding=\"async\" class=\"aligncenter wp-image-468\" src=\"https:\/\/www.lkm.uni-konstanz.de\/kunstvermittlung\/wp-content\/uploads\/sites\/10\/2024\/04\/Spotify-Cover-Hans-Sauerbruchs-Haeuserzeichen-Gesamtfolge.png\" alt=\"Coverbild Sauerbruch-Podcast Folge 1\" width=\"200\" height=\"200\" \/><\/em><\/h2>\n<h4 style=\"text-align: center;\">gesamte Folge<br \/>\n<em>Hans Sauerbruchs H\u00e4userzeichen<\/em><\/h4>\n<audio class=\"wp-audio-shortcode\" id=\"audio-477-5\" preload=\"none\" style=\"width: 100%;\" controls=\"controls\"><source type=\"audio\/mpeg\" src=\"https:\/\/www.lkm.uni-konstanz.de\/kunstvermittlung\/haeuserzeichen\/Hans_Sauerbruchs_Haeuserzeichen.mp3?_=5\" \/><a href=\"https:\/\/www.lkm.uni-konstanz.de\/kunstvermittlung\/haeuserzeichen\/Hans_Sauerbruchs_Haeuserzeichen.mp3\">https:\/\/www.lkm.uni-konstanz.de\/kunstvermittlung\/haeuserzeichen\/Hans_Sauerbruchs_Haeuserzeichen.mp3<\/a><\/audio>\n<p>&nbsp;<\/p>\n<div class='white' style='background:rgba(0,0,0,0); border:solid 0px rgba(0,0,0,0); border-radius:0px; padding:0px 0px 0px 0px;'>\n<div id='slider_475' class='owl-carousel sa_owl_theme owl-pagination-true autohide-arrows' data-slider-id='slider_475' style='visibility:hidden;'>\n<div id='slider_475_slide01' class='sa_hover_container' style='padding:5% 5%; margin:0px 0%; background-image:url(&quot;https:\/\/www.lkm.uni-konstanz.de\/kunstvermittlung\/wp-content\/uploads\/sites\/10\/2024\/04\/Karte_Horizontal.png&quot;); background-position:center top; background-size:contain; background-repeat:no-repeat; '><div class='sa_hover_buttons' style='top:50%; left:50%; margin-top:-20px; margin-left:-20px;'><div class='sa_popup_zoom_icon' onClick='open_lightbox_gallery_slider_475(1);'><\/div><\/div>\n<p>Stadtplan mit den im Podcast beschriebenen H\u00e4userzeichen<\/p><\/div>\n<\/div>\n<\/div>\n<div id='lightgallery_slider_475' style='display:none !important;'>\n<div class='lg_item' id='lightgallery_slider_475_2' href='https:\/\/www.lkm.uni-konstanz.de\/kunstvermittlung\/wp-content\/uploads\/sites\/10\/2024\/04\/Karte_Horizontal.png'>slide2<\/div>\n<\/div>\n<script type='text\/javascript'>\n\tjQuery(document).ready(function() {\n\t\tjQuery('#slider_475').owlCarousel({\n\t\t\titems : 1,\n\t\t\tsmartSpeed : 200,\n\t\t\tautoplay : false,\n\t\t\tautoplayHoverPause : false,\n\t\t\tsmartSpeed : 200,\n\t\t\tfluidSpeed : 200,\n\t\t\tautoplaySpeed : 200,\n\t\t\tnavSpeed : 200,\n\t\t\tdotsSpeed : 200,\n\t\t\tloop : true,\n\t\t\tnav : true,\n\t\t\tnavText : ['Previous','Next'],\n\t\t\tdots : true,\n\t\t\tresponsiveRefreshRate : 200,\n\t\t\tslideBy : 1,\n\t\t\tmergeFit : true,\n\t\t\tautoHeight : false,\n\t\t\tmouseDrag : false,\n\t\t\ttouchDrag : true\n\t\t});\n\t\tjQuery('#slider_475').css('visibility', 'visible');\n\t\tsa_resize_slider_475();\n\t\twindow.addEventListener('resize', sa_resize_slider_475);\n\t\tfunction sa_resize_slider_475() {\n\t\t\tvar min_height = '50';\n\t\t\tvar win_width = jQuery(window).width();\n\t\t\tvar slider_width = jQuery('#slider_475').width();\n\t\t\tif (win_width < 480) {\n\t\t\t\tvar slide_width = slider_width \/ 1;\n\t\t\t} else if (win_width < 768) {\n\t\t\t\tvar slide_width = slider_width \/ 1;\n\t\t\t} else if (win_width < 980) {\n\t\t\t\tvar slide_width = slider_width \/ 1;\n\t\t\t} else if (win_width < 1200) {\n\t\t\t\tvar slide_width = slider_width \/ 1;\n\t\t\t} else if (win_width < 1500) {\n\t\t\t\tvar slide_width = slider_width \/ 1;\n\t\t\t} else {\n\t\t\t\tvar slide_width = slider_width \/ 1;\n\t\t\t}\n\t\t\tslide_width = Math.round(slide_width);\n\t\t\tvar slide_height = '0';\n\t\t\tif (min_height == 'aspect43') {\n\t\t\t\tslide_height = (slide_width \/ 4) * 3;\t\t\t\tslide_height = Math.round(slide_height);\n\t\t\t} else if (min_height == 'aspect169') {\n\t\t\t\tslide_height = (slide_width \/ 16) * 9;\t\t\t\tslide_height = Math.round(slide_height);\n\t\t\t} else {\n\t\t\t\tslide_height = (slide_width \/ 100) * min_height;\t\t\t\tslide_height = Math.round(slide_height);\n\t\t\t}\n\t\t\tjQuery('#slider_475 .owl-item .sa_hover_container').css('min-height', slide_height+'px');\n\t\t}\n\t\tvar owl_goto = jQuery('#slider_475');\n\t\tjQuery('.slider_475_goto1').click(function(event){\n\t\t\towl_goto.trigger('to.owl.carousel', 0);\n\t\t});\n\t\tvar resize_475 = jQuery('.owl-carousel');\n\t\tresize_475.on('initialized.owl.carousel', function(e) {\n\t\t\tif (typeof(Event) === 'function') {\n\t\t\t\twindow.dispatchEvent(new Event('resize'));\n\t\t\t} else {\n\t\t\t\tvar evt = window.document.createEvent('UIEvents');\n\t\t\t\tevt.initUIEvent('resize', true, false, window, 0);\n\t\t\t\twindow.dispatchEvent(evt);\n\t\t\t}\n\t\t});\n\t});\n<\/script>\n<script type='text\/javascript'>\njQuery(document).ready(function() {\nlightGallery(document.getElementById('lightgallery_slider_475'), {\n\tplugins: [lgVideo, lgZoom, lgAutoplay],\n\tautoplayFirstVideo: true,\n\tselector: '.lg_item',\n\tlicenseKey: '60F5F1E7-E8034357-B387117F-3E9CE6DA'\n});\n});\nfunction open_lightbox_gallery_slider_475(slide) {\n\tslide_num = slide + 1;\n\tvar popup_cssid = 'lightgallery_slider_475' + '_' + slide_num;\n\tdocument.getElementById(popup_cssid).click();\n}\n<\/script>\n\n","protected":false},"excerpt":{"rendered":"<p>Im Rahmen des Seminars \u201eStadt- und Kunstf\u00fchrungen auf neuen Wegen\u201c haben wir einen Podcast ins Leben gerufen: Hans Sauerbruchs H\u00e4userzeichen. An der Seite der beiden fiktiven Urenkelinnen Leonie und Marie, [&hellip;]<\/p>\n","protected":false},"author":1,"featured_media":0,"parent":0,"menu_order":0,"comment_status":"closed","ping_status":"closed","template":"","meta":{"_stc_notifier_status":"","_stc_notifier_sent_time":"","_stc_notifier_request":false,"_stc_notifier_prevent":false,"_stc_subscriber_keywords":"","_stc_subscriber_search_areas":"","footnotes":""},"class_list":["post-477","page","type-page","status-publish","hentry"],"_links":{"self":[{"href":"https:\/\/www.lkm.uni-konstanz.de\/kunstvermittlung\/wp-json\/wp\/v2\/pages\/477","targetHints":{"allow":["GET"]}}],"collection":[{"href":"https:\/\/www.lkm.uni-konstanz.de\/kunstvermittlung\/wp-json\/wp\/v2\/pages"}],"about":[{"href":"https:\/\/www.lkm.uni-konstanz.de\/kunstvermittlung\/wp-json\/wp\/v2\/types\/page"}],"author":[{"embeddable":true,"href":"https:\/\/www.lkm.uni-konstanz.de\/kunstvermittlung\/wp-json\/wp\/v2\/users\/1"}],"replies":[{"embeddable":true,"href":"https:\/\/www.lkm.uni-konstanz.de\/kunstvermittlung\/wp-json\/wp\/v2\/comments?post=477"}],"version-history":[{"count":11,"href":"https:\/\/www.lkm.uni-konstanz.de\/kunstvermittlung\/wp-json\/wp\/v2\/pages\/477\/revisions"}],"predecessor-version":[{"id":488,"href":"https:\/\/www.lkm.uni-konstanz.de\/kunstvermittlung\/wp-json\/wp\/v2\/pages\/477\/revisions\/488"}],"wp:attachment":[{"href":"https:\/\/www.lkm.uni-konstanz.de\/kunstvermittlung\/wp-json\/wp\/v2\/media?parent=477"}],"curies":[{"name":"wp","href":"https:\/\/api.w.org\/{rel}","templated":true}]}}