{"id":38,"date":"2023-09-12T15:48:47","date_gmt":"2023-09-12T13:48:47","guid":{"rendered":"https:\/\/kim59.wwwdns.kim.uni-konstanz.de\/kunstvermittlung\/?page_id=38"},"modified":"2024-06-03T14:31:53","modified_gmt":"2024-06-03T12:31:53","slug":"impressum","status":"publish","type":"page","link":"https:\/\/www.lkm.uni-konstanz.de\/kunstvermittlung\/impressum\/","title":{"rendered":"Impressum"},"content":{"rendered":"<p>Verantwortlich f\u00fcr die Inhalte dieser Seite:<br \/>\nStudiengang Literatur-Kunst-Medien der Universit\u00e4t Konstanz<br \/>\nRedaktionelle Verantwortung: Birgit Rucker<br \/>\nbirgit.rucker@uni-konstanz.de, Tel.: (+49) 7531 88 3726<\/p>\n<p>Universit\u00e4t Konstanz<br \/>\nFachbereich Literaturwissenschaft<br \/>\nLiteratur-Kunst-Medien<br \/>\nFach 152<br \/>\n78457 Konstanz<\/p>\n<h4>Urheberrechtshinweis<\/h4>\n<p>Alle Inhalte dieser Webseite sind urheberrechtlich gesch\u00fctzt und d\u00fcrfen nicht ohne ausdr\u00fcckliche Zustimmung kopiert, ver\u00e4ndert oder auf anderen Webseiten verwendet werden.<br \/>\nAnfragen zur Verwendung der Inhalte richten Sie bitte an Birgit Rucker.<\/p>\n<h4>Bildmaterial<\/h4>\n<p>Auch das Bildmaterial ist urheberrechtlich gesch\u00fctzt.<\/p>\n","protected":false},"excerpt":{"rendered":"<p>Verantwortlich f\u00fcr die Inhalte dieser Seite: Studiengang Literatur-Kunst-Medien der Universit\u00e4t Konstanz Redaktionelle Verantwortung: Birgit Rucker birgit.rucker@uni-konstanz.de, Tel.: (+49) 7531 88 3726 Universit\u00e4t Konstanz Fachbereich Literaturwissenschaft Literatur-Kunst-Medien Fach 152 78457 Konstanz [&hellip;]<\/p>\n","protected":false},"author":1,"featured_media":0,"parent":0,"menu_order":0,"comment_status":"closed","ping_status":"closed","template":"","meta":{"_stc_notifier_status":"","_stc_notifier_sent_time":"","_stc_notifier_request":false,"_stc_notifier_prevent":false,"_stc_subscriber_keywords":"","_stc_subscriber_search_areas":"","footnotes":""},"class_list":["post-38","page","type-page","status-publish","hentry"],"_links":{"self":[{"href":"https:\/\/www.lkm.uni-konstanz.de\/kunstvermittlung\/wp-json\/wp\/v2\/pages\/38","targetHints":{"allow":["GET"]}}],"collection":[{"href":"https:\/\/www.lkm.uni-konstanz.de\/kunstvermittlung\/wp-json\/wp\/v2\/pages"}],"about":[{"href":"https:\/\/www.lkm.uni-konstanz.de\/kunstvermittlung\/wp-json\/wp\/v2\/types\/page"}],"author":[{"embeddable":true,"href":"https:\/\/www.lkm.uni-konstanz.de\/kunstvermittlung\/wp-json\/wp\/v2\/users\/1"}],"replies":[{"embeddable":true,"href":"https:\/\/www.lkm.uni-konstanz.de\/kunstvermittlung\/wp-json\/wp\/v2\/comments?post=38"}],"version-history":[{"count":4,"href":"https:\/\/www.lkm.uni-konstanz.de\/kunstvermittlung\/wp-json\/wp\/v2\/pages\/38\/revisions"}],"predecessor-version":[{"id":497,"href":"https:\/\/www.lkm.uni-konstanz.de\/kunstvermittlung\/wp-json\/wp\/v2\/pages\/38\/revisions\/497"}],"wp:attachment":[{"href":"https:\/\/www.lkm.uni-konstanz.de\/kunstvermittlung\/wp-json\/wp\/v2\/media?parent=38"}],"curies":[{"name":"wp","href":"https:\/\/api.w.org\/{rel}","templated":true}]}}