{"id":227,"date":"2023-09-13T21:20:31","date_gmt":"2023-09-13T19:20:31","guid":{"rendered":"https:\/\/www.lkm.uni-konstanz.de\/kunstvermittlung\/?page_id=227"},"modified":"2024-11-20T11:40:30","modified_gmt":"2024-11-20T10:40:30","slug":"stadtgeschichten","status":"publish","type":"page","link":"https:\/\/www.lkm.uni-konstanz.de\/kunstvermittlung\/stadtgeschichten\/","title":{"rendered":"Stadtgeschichten \u2013 Austausch f\u00fcr Jung und Alt"},"content":{"rendered":"<p>Stadtgeschichten \u2013 Austausch f\u00fcr Jung und Alt ist ein Projekt das im Rahmen eines Praxisseminars der Uni Konstanz entstanden ist und Interessierten die M\u00f6glichkeit bietet, selbst die Rolle von Stadtf\u00fchrer:innen einzunehmen. Ziel ist es Menschen unterschiedlicher Altersgruppen zusammenzubringen und voneinander lernen zu lassen. Dieser Flyer dient dabei als Begleitmedium und soll Denkanst\u00f6\u00dfe liefern, um den Austausch zwischen Generationen zu f\u00f6rdern. Das Projekt zielt auch darauf ab, Menschen zu ermutigen mehr in einen intergenerationalen Dialog zu treten und dabei ihre Erfahrungen und Kenntnisse miteinander zu teilen. Ob mit Familie, Freunden oder Fremden, auf dieser Tour durch die Konstanzer Altstadt sollen Kunstwerke und Sehensw\u00fcrdigkeiten erkundet werden, Stadtgeschichten erz\u00e4hlt und neue Erfahrungen gesammelt werden.<\/p>\n<p><strong><a href=\"https:\/\/www.lkm.uni-konstanz.de\/kunstvermittlung\/wp-content\/uploads\/sites\/10\/2024\/01\/Flyer_Stadtgeschichten_Einzelseiten.pdf\" target=\"_blank\" rel=\"noopener\">Download der einf\u00fchrenden Seiten (Vorderseite des Stadtplans)<\/a><\/strong><br \/>\n<strong><a href=\"https:\/\/www.lkm.uni-konstanz.de\/kunstvermittlung\/wp-content\/uploads\/sites\/10\/2024\/01\/Flyer_Stadtgeschichten_Rueckseite.pdf\" target=\"_blank\" rel=\"noopener\">Download des Stadtplans<\/a><\/strong><\/p>\n<p><strong>Projektteam:<\/strong> Merlin Rebmann, Ronja Stokmaier<\/p>\n<div id=\"attachment_271\" style=\"width: 610px\" class=\"wp-caption aligncenter\"><a href=\"https:\/\/www.lkm.uni-konstanz.de\/kunstvermittlung\/wp-content\/uploads\/sites\/10\/2024\/01\/Flyer_Kunstfuehrung_Einzelseiten_Page_1.png\"><img loading=\"lazy\" decoding=\"async\" aria-describedby=\"caption-attachment-271\" class=\"wp-image-271 size-large\" src=\"https:\/\/www.lkm.uni-konstanz.de\/kunstvermittlung\/wp-content\/uploads\/sites\/10\/2024\/01\/Flyer_Kunstfuehrung_Einzelseiten_Page_1.png\" alt=\"Titelblatt des Stadtplans\" width=\"600\" height=\"852\" \/><\/a><p id=\"caption-attachment-271\" class=\"wp-caption-text\">Titelblatt des Stadtplans<\/p><\/div>\n","protected":false},"excerpt":{"rendered":"<p>Stadtgeschichten \u2013 Austausch f\u00fcr Jung und Alt ist ein Projekt das im Rahmen eines Praxisseminars der Uni Konstanz entstanden ist und Interessierten die M\u00f6glichkeit bietet, selbst die Rolle von Stadtf\u00fchrer:innen [&hellip;]<\/p>\n","protected":false},"author":1,"featured_media":0,"parent":0,"menu_order":0,"comment_status":"closed","ping_status":"closed","template":"","meta":{"_stc_notifier_status":"","_stc_notifier_sent_time":"","_stc_notifier_request":false,"_stc_notifier_prevent":false,"_stc_subscriber_keywords":"","_stc_subscriber_search_areas":"","footnotes":""},"class_list":["post-227","page","type-page","status-publish","hentry"],"_links":{"self":[{"href":"https:\/\/www.lkm.uni-konstanz.de\/kunstvermittlung\/wp-json\/wp\/v2\/pages\/227","targetHints":{"allow":["GET"]}}],"collection":[{"href":"https:\/\/www.lkm.uni-konstanz.de\/kunstvermittlung\/wp-json\/wp\/v2\/pages"}],"about":[{"href":"https:\/\/www.lkm.uni-konstanz.de\/kunstvermittlung\/wp-json\/wp\/v2\/types\/page"}],"author":[{"embeddable":true,"href":"https:\/\/www.lkm.uni-konstanz.de\/kunstvermittlung\/wp-json\/wp\/v2\/users\/1"}],"replies":[{"embeddable":true,"href":"https:\/\/www.lkm.uni-konstanz.de\/kunstvermittlung\/wp-json\/wp\/v2\/comments?post=227"}],"version-history":[{"count":10,"href":"https:\/\/www.lkm.uni-konstanz.de\/kunstvermittlung\/wp-json\/wp\/v2\/pages\/227\/revisions"}],"predecessor-version":[{"id":502,"href":"https:\/\/www.lkm.uni-konstanz.de\/kunstvermittlung\/wp-json\/wp\/v2\/pages\/227\/revisions\/502"}],"wp:attachment":[{"href":"https:\/\/www.lkm.uni-konstanz.de\/kunstvermittlung\/wp-json\/wp\/v2\/media?parent=227"}],"curies":[{"name":"wp","href":"https:\/\/api.w.org\/{rel}","templated":true}]}}