{"id":223,"date":"2023-09-13T21:20:02","date_gmt":"2023-09-13T19:20:02","guid":{"rendered":"https:\/\/www.lkm.uni-konstanz.de\/kunstvermittlung\/?page_id=223"},"modified":"2024-11-20T11:40:18","modified_gmt":"2024-11-20T10:40:18","slug":"kunsthandwerk","status":"publish","type":"page","link":"https:\/\/www.lkm.uni-konstanz.de\/kunstvermittlung\/kunsthandwerk\/","title":{"rendered":"Kunsthandwerk in Konstanz"},"content":{"rendered":"<p>Das Kunsthandwerk wird in Konstanz immer seltener und wir haben es uns deshalb zum Ziel gesetzt, genau diese traditionsreichen Berufe wieder in Erinnerung zu rufen!<\/p>\n<p>Im Rahmen einer F\u00fchrung mit einer Konstanzer Oberstufenklasse wurden vier Kunsthandwerkswerkst\u00e4tten besucht und die Sch\u00fcler*innen konnten einen Einblick in die jeweiligen Berufe gewinnen.<\/p>\n<p>Als Begleitmaterial haben wir eine <a href=\"https:\/\/www.lkm.uni-konstanz.de\/kunstvermittlung\/wp-content\/uploads\/sites\/10\/2023\/11\/Booklet_Kunsthandwerk.pdf\" target=\"_blank\" rel=\"noopener\">Brosch\u00fcre<\/a> erstellt, die sowohl den Sch\u00fcler*innen bei der F\u00fchrung wie auch interessierten Leser*innen hier auf der Webseite Informationen zu den besuchten Werkst\u00e4tten pr\u00e4sentiert.<\/p>\n<p><strong><a href=\"https:\/\/www.lkm.uni-konstanz.de\/kunstvermittlung\/wp-content\/uploads\/sites\/10\/2023\/11\/Booklet_Kunsthandwerk.pdf\" target=\"_blank\" rel=\"noopener\">Download der Brosch\u00fcre<\/a><\/strong><\/p>\n<p><strong>Projektteam:<\/strong> Helena Brkic, Noreia B\u00fcstorf, Jacob Kern, Samuel Boockmann<\/p>\n<div class='white' style='background:rgba(0,0,0,0); border:solid 0px rgba(0,0,0,0); border-radius:0px; padding:0px 0px 0px 0px;'>\n<div id='slider_281' class='owl-carousel sa_owl_theme owl-pagination-true autohide-arrows' data-slider-id='slider_281' style='visibility:hidden;'>\n<div id='slider_281_slide01' class='sa_hover_container' style='padding:5% 5%; margin:0px 0%; background-image:url(&quot;https:\/\/www.lkm.uni-konstanz.de\/kunstvermittlung\/wp-content\/uploads\/sites\/10\/2023\/11\/Buchbinderin.jpeg&quot;); background-position:center top; background-size:contain; background-repeat:no-repeat; background-color:rgba(0, 0, 0, 0); '><p>Buchbinderei Gaupmann R\u00f6sch<\/p><\/div>\n<div id='slider_281_slide02' class='sa_hover_container' style='padding:5% 5%; margin:0px 0%; background-image:url(&quot;https:\/\/www.lkm.uni-konstanz.de\/kunstvermittlung\/wp-content\/uploads\/sites\/10\/2023\/11\/Ledermanufaktur-scaled.jpg&quot;); background-position:center top; background-size:contain; background-repeat:no-repeat; background-color:rgba(0, 0, 0, 0); '><p>Deinlers Ledermanufaktur<\/p><\/div>\n<div id='slider_281_slide03' class='sa_hover_container' style='padding:5% 5%; margin:0px 0%; background-image:url(&quot;https:\/\/www.lkm.uni-konstanz.de\/kunstvermittlung\/wp-content\/uploads\/sites\/10\/2023\/11\/GlasArt.jpeg&quot;); background-position:center top; background-size:contain; background-repeat:no-repeat; '><p>GlasArt Roy Braunwarth<\/p><\/div>\n<div id='slider_281_slide04' class='sa_hover_container' style='padding:5% 5%; margin:0px 0%; background-image:url(&quot;https:\/\/www.lkm.uni-konstanz.de\/kunstvermittlung\/wp-content\/uploads\/sites\/10\/2023\/11\/Siebdruck.jpeg&quot;); background-position:center top; background-size:contain; background-repeat:no-repeat; '><p>Atelier Druckfisch f\u00fcr Siebdruck<\/p><\/div>\n<\/div>\n<\/div>\n<script type='text\/javascript'>\n\tjQuery(document).ready(function() {\n\t\tjQuery('#slider_281').owlCarousel({\n\t\t\titems : 1,\n\t\t\tsmartSpeed : 200,\n\t\t\tautoplay : true,\n\t\t\tautoplayTimeout : 5000,\n\t\t\tautoplayHoverPause : true,\n\t\t\tsmartSpeed : 200,\n\t\t\tfluidSpeed : 200,\n\t\t\tautoplaySpeed : 200,\n\t\t\tnavSpeed : 200,\n\t\t\tdotsSpeed : 200,\n\t\t\tloop : true,\n\t\t\tnav : true,\n\t\t\tnavText : ['Previous','Next'],\n\t\t\tdots : true,\n\t\t\tresponsiveRefreshRate : 200,\n\t\t\tslideBy : 1,\n\t\t\tmergeFit : true,\n\t\t\tautoHeight : false,\n\t\t\tmouseDrag : false,\n\t\t\ttouchDrag : true\n\t\t});\n\t\tjQuery('#slider_281').css('visibility', 'visible');\n\t\tsa_resize_slider_281();\n\t\twindow.addEventListener('resize', sa_resize_slider_281);\n\t\tfunction sa_resize_slider_281() {\n\t\t\tvar min_height = '50';\n\t\t\tvar win_width = jQuery(window).width();\n\t\t\tvar slider_width = jQuery('#slider_281').width();\n\t\t\tif (win_width < 480) {\n\t\t\t\tvar slide_width = slider_width \/ 1;\n\t\t\t} else if (win_width < 768) {\n\t\t\t\tvar slide_width = slider_width \/ 1;\n\t\t\t} else if (win_width < 980) {\n\t\t\t\tvar slide_width = slider_width \/ 1;\n\t\t\t} else if (win_width < 1200) {\n\t\t\t\tvar slide_width = slider_width \/ 1;\n\t\t\t} else if (win_width < 1500) {\n\t\t\t\tvar slide_width = slider_width \/ 1;\n\t\t\t} else {\n\t\t\t\tvar slide_width = slider_width \/ 1;\n\t\t\t}\n\t\t\tslide_width = Math.round(slide_width);\n\t\t\tvar slide_height = '0';\n\t\t\tif (min_height == 'aspect43') {\n\t\t\t\tslide_height = (slide_width \/ 4) * 3;\t\t\t\tslide_height = Math.round(slide_height);\n\t\t\t} else if (min_height == 'aspect169') {\n\t\t\t\tslide_height = (slide_width \/ 16) * 9;\t\t\t\tslide_height = Math.round(slide_height);\n\t\t\t} else {\n\t\t\t\tslide_height = (slide_width \/ 100) * min_height;\t\t\t\tslide_height = Math.round(slide_height);\n\t\t\t}\n\t\t\tjQuery('#slider_281 .owl-item .sa_hover_container').css('min-height', slide_height+'px');\n\t\t}\n\t\tvar owl_goto = jQuery('#slider_281');\n\t\tjQuery('.slider_281_goto1').click(function(event){\n\t\t\towl_goto.trigger('to.owl.carousel', 0);\n\t\t});\n\t\tjQuery('.slider_281_goto2').click(function(event){\n\t\t\towl_goto.trigger('to.owl.carousel', 1);\n\t\t});\n\t\tjQuery('.slider_281_goto3').click(function(event){\n\t\t\towl_goto.trigger('to.owl.carousel', 2);\n\t\t});\n\t\tjQuery('.slider_281_goto4').click(function(event){\n\t\t\towl_goto.trigger('to.owl.carousel', 3);\n\t\t});\n\t\tvar resize_281 = jQuery('.owl-carousel');\n\t\tresize_281.on('initialized.owl.carousel', function(e) {\n\t\t\tif (typeof(Event) === 'function') {\n\t\t\t\twindow.dispatchEvent(new Event('resize'));\n\t\t\t} else {\n\t\t\t\tvar evt = window.document.createEvent('UIEvents');\n\t\t\t\tevt.initUIEvent('resize', true, false, window, 0);\n\t\t\t\twindow.dispatchEvent(evt);\n\t\t\t}\n\t\t});\n\t});\n<\/script>\n\n<p>Na, Interesse geweckt? Dann gib der Kunst ein GO!<\/p>\n","protected":false},"excerpt":{"rendered":"<p>Das Kunsthandwerk wird in Konstanz immer seltener und wir haben es uns deshalb zum Ziel gesetzt, genau diese traditionsreichen Berufe wieder in Erinnerung zu rufen! Im Rahmen einer F\u00fchrung mit [&hellip;]<\/p>\n","protected":false},"author":1,"featured_media":0,"parent":0,"menu_order":0,"comment_status":"closed","ping_status":"closed","template":"","meta":{"_stc_notifier_status":"","_stc_notifier_sent_time":"","_stc_notifier_request":false,"_stc_notifier_prevent":false,"_stc_subscriber_keywords":"","_stc_subscriber_search_areas":"","footnotes":""},"class_list":["post-223","page","type-page","status-publish","hentry"],"_links":{"self":[{"href":"https:\/\/www.lkm.uni-konstanz.de\/kunstvermittlung\/wp-json\/wp\/v2\/pages\/223","targetHints":{"allow":["GET"]}}],"collection":[{"href":"https:\/\/www.lkm.uni-konstanz.de\/kunstvermittlung\/wp-json\/wp\/v2\/pages"}],"about":[{"href":"https:\/\/www.lkm.uni-konstanz.de\/kunstvermittlung\/wp-json\/wp\/v2\/types\/page"}],"author":[{"embeddable":true,"href":"https:\/\/www.lkm.uni-konstanz.de\/kunstvermittlung\/wp-json\/wp\/v2\/users\/1"}],"replies":[{"embeddable":true,"href":"https:\/\/www.lkm.uni-konstanz.de\/kunstvermittlung\/wp-json\/wp\/v2\/comments?post=223"}],"version-history":[{"count":9,"href":"https:\/\/www.lkm.uni-konstanz.de\/kunstvermittlung\/wp-json\/wp\/v2\/pages\/223\/revisions"}],"predecessor-version":[{"id":501,"href":"https:\/\/www.lkm.uni-konstanz.de\/kunstvermittlung\/wp-json\/wp\/v2\/pages\/223\/revisions\/501"}],"wp:attachment":[{"href":"https:\/\/www.lkm.uni-konstanz.de\/kunstvermittlung\/wp-json\/wp\/v2\/media?parent=223"}],"curies":[{"name":"wp","href":"https:\/\/api.w.org\/{rel}","templated":true}]}}