{"id":148,"date":"2023-09-13T16:03:22","date_gmt":"2023-09-13T14:03:22","guid":{"rendered":"https:\/\/www.lkm.uni-konstanz.de\/kunstvermittlung\/?page_id=148"},"modified":"2024-11-20T11:39:24","modified_gmt":"2024-11-20T10:39:24","slug":"theater","status":"publish","type":"page","link":"https:\/\/www.lkm.uni-konstanz.de\/kunstvermittlung\/theater\/","title":{"rendered":"Bock auf Theater \u2013 und keiner kommt mit?"},"content":{"rendered":"<p>Wir haben ein Projekt ins Leben gerufen, das interessierte Studierende verschiedenster Fachrichtungen mit Gesellschaft f\u00fcr einen Theaterbesuch versorgte. Zusammen haben wir am 9. und 11. Februar 2023 das St\u00fcck <a href=\"https:\/\/theaterkonstanz.de\/woyzeck\" target=\"_blank\" rel=\"noopener\">Woyzeck<\/a> besucht, das zu dem Zeitpunkt im Stadttheater Konstanz aufgef\u00fchrt wurde. Anschlie\u00dfend haben wir uns \u00fcber den Besuch ausgetauscht <strong>\u2013<\/strong> eine bereichernde Erfahrung, wie uns im Feedback mitgeteilt wurde!<\/p>\n<p>Dieses Projekt und s\u00e4mtliche damit zusammenh\u00e4ngende Medien wurden im Rahmen des Seminars \u201eStadt- und Kunstf\u00fchrungen auf neuen Wegen\u201c unter der Leitung von Birgit Rucker entwickelt und in Kooperation mit dem <a href=\"https:\/\/theaterkonstanz.de\" target=\"_blank\" rel=\"noopener\">Stadttheater Konstanz<\/a> umgesetzt. S\u00e4mtliches Design ist selbst entworfen oder von freigegebenen Quellen verwendet und es werden keine Rechte verletzt. Die Veranstaltung fand im Februar 2023 statt. Ein gro\u00dfer Dank gilt unserem Kontakt beim Stadttheater, ohne den das alles nicht m\u00f6glich gewesen w\u00e4re, Max Sohm, dem kritischen Auge der graphischen Gestaltung, der ma\u00dfgeblich zu dem finalen Design beigetragen hat, und der Seminarleiterin Birgit Rucker, die uns mit Tipps, Tricks und Hilfestellung durch die Entwicklung begleitet hat.<\/p>\n<p><strong><a href=\"https:\/\/www.lkm.uni-konstanz.de\/kunstvermittlung\/wp-content\/uploads\/sites\/10\/2023\/11\/Broschuere_Woyzeck.pdf\" target=\"_blank\" rel=\"noopener\">Download der Brosch\u00fcre<\/a><\/strong><\/p>\n<p><strong>Projektteam:<\/strong> Anita B\u00fchler, Madeleine Chevalier, Emilia Matisic, Fee Schleidt, Clara Traub, Sophie Wiest<\/p>\n<h2>Projektablauf und Reflexion<\/h2>\n<div class=\"su-accordion su-u-trim\"><div class=\"su-spoiler su-spoiler-style-default su-spoiler-icon-plus su-spoiler-closed\" data-scroll-offset=\"0\" data-anchor-in-url=\"no\"><div class=\"su-spoiler-title\" tabindex=\"0\" role=\"button\"><span class=\"su-spoiler-icon\"><\/span><strong>So lief der Abend<\/strong><\/div><div class=\"su-spoiler-content su-u-clearfix su-u-trim\">\n<p>Wir haben uns am 9. Februar um 19 Uhr, bzw. am 11. Februar um 19:20 Uhr an der M\u00fcnsterpyramide getroffen und uns den Teilnehmer*innen vorgestellt. Danach gab es f\u00fcr alle <a href=\"https:\/\/www.lkm.uni-konstanz.de\/kunstvermittlung\/wp-content\/uploads\/sites\/10\/2023\/11\/Broschuere_Woyzeck.pdf\" target=\"_blank\" rel=\"noopener\"><u>die von uns vorbereitete Brosch\u00fcre zum St\u00fcck<\/u><\/a> in gedruckter Form, und nach einem kurzen Spaziergang zum Theater und der dortigen Einf\u00fchrung konnten wir das St\u00fcck besuchen \u2013 dank dem Konstanzer Kulturticket f\u00fcr Studierende vollkommen gratis!<br \/>\nNach beendeter Auff\u00fchrung versammelten wir uns erneut im Foyer, um uns \u00fcber unsere Eindr\u00fccke auszutauschen. F\u00fcr alle F\u00e4lle hatten wir auch einige Fragen vorbereitet, die ebenfalls in der Brosch\u00fcre abgedruckt sind, die als Diskussionsansto\u00df dankbar angenommen wurden. Das Gespr\u00e4chsklima zeigte sich sehr unterschiedlich, in jedem Fall aber hat es unseren Horizont erweitert, die Eindr\u00fccke der anderen mitzuh\u00f6ren. Je nach Intensit\u00e4t des Gespr\u00e4chs haben wir fr\u00fcher oder sp\u00e4ter den Dank an alle ausgesprochen und die Veranstaltung f\u00fcr beendet erkl\u00e4rt. Eine kleine Gruppe hat sich anschlie\u00dfend noch auf ein Getr\u00e4nk in die Seekuh gesetzt.<\/div><\/div>\n<div class=\"su-spoiler su-spoiler-style-default su-spoiler-icon-plus su-spoiler-closed\" data-scroll-offset=\"0\" data-anchor-in-url=\"no\"><div class=\"su-spoiler-title\" tabindex=\"0\" role=\"button\"><span class=\"su-spoiler-icon\"><\/span><strong>Feedback f\u00fcr die Zukunft<\/strong><\/div><div class=\"su-spoiler-content su-u-clearfix su-u-trim\">\n<p>Von ein paar Interessierten erreichte uns die Kritik, dass nur zwei Termine zur Wahl gestanden h\u00e4tten, die beide in die ber\u00fcchtigte Pr\u00fcfungsphase fielen \u2013 und die Bitte, sollte so eine Veranstaltung noch einmal umgesetzt werden, den Zeitraum anders zu w\u00e4hlen. Au\u00dferdem kam die R\u00fcckmeldung von einigen Teilnehmer:innen, sie w\u00e4ren an einer regelm\u00e4\u00dfigen Veranstaltung dieser Art interessiert und w\u00fcrden diese auch besuchen. Alles in allem lief es gut \u2013 kleine Problemchen und wie wir sie gel\u00f6st haben sind unten stehend im Protokoll <a href=\"#tab3\"><u>hinter den Kulissen<\/u><\/a> aufgef\u00fchrt.<\/p>\n<\/div><\/div>\n<div class=\"su-spoiler su-spoiler-style-default su-spoiler-icon-plus su-spoiler-closed\" data-anchor=\"tab3\" data-scroll-offset=\"0\" data-anchor-in-url=\"no\"><div class=\"su-spoiler-title\" tabindex=\"0\" role=\"button\"><span class=\"su-spoiler-icon\"><\/span><strong>Hinter den Kulissen<\/strong><\/div><div class=\"su-spoiler-content su-u-clearfix su-u-trim\">\n<p>Hier sind all die Planungsschritte aufgez\u00e4hlt, die zu dem Event gef\u00fchrt haben \u2013 sozusagen der Blick hinter die Kulissen. Falls das Veranstaltungskonzept weitergef\u00fchrt werden sollte, lohnt sich ein Blick hier rein. Viel Spa\u00df!<\/p>\n<h5><strong>Was f\u00fcr eine Art Kunstf\u00fchrung wollen wir machen?<\/strong><\/h5>\n<p>Relativ schnell kristallisierte sich heraus, dass das Stadttheater eine von vielen Studierenden untersch\u00e4tzte Einrichtung ist, deren Schaffen wir Interessierten n\u00e4herbringen wollten. Wir beschlossen, einen Theaterbesuch zu planen, der gleichzeitig auch Einzelpersonen erm\u00f6glicht, das Theater zu besuchen ohne den Abend allein verbringen zu m\u00fcssen. Nun galt es die Frage nach St\u00fcck und Zeitraum zu kl\u00e4ren. Hierbei stie\u00dfen wir auf <strong>das erste Problem<\/strong>: Die Spielzeiten f\u00fcr die Semesterferien waren nicht \u00f6ffentlich, und Woyzeck war das sp\u00e4teste St\u00fcck, das ausgeschrieben war. Um nicht die letzten Semesterveranstaltungen &#8222;vollzustopfen&#8220;, aber auch nicht die ersten, entschieden wir uns f\u00fcr den 9. und 11. Februar. Zwei Termine, um m\u00f6glichst vielen Interessierten einen Besuch zu erm\u00f6glichen. <strong>Nur zwei Termine waren allerdings zu wenig Auswahl<\/strong>, wie wir in der R\u00fcckmeldung erfahren haben.<\/p>\n<h5><strong>Wie machen wir Werbung?<\/strong><\/h5>\n<p>Nach Festlegung des Was und Wo der Veranstaltung haben wir beratschlagt, wo wir Werbung machen k\u00f6nnten und wie. Wir haben es f\u00fcr sinnvoll gehalten, uns so fr\u00fch wie m\u00f6glich damit zu befassen, damit m\u00f6glichst viele davon mitbekommen und schlie\u00dflich auch das Theater besuchen. Diese Entscheidung war im Prinzip richtig, allerdings haben wir mit <strong>der tats\u00e4chlichen Werbung viel zu sp\u00e4t angefangen<\/strong>, sodass wir bis zur letzten Minute bangen mussten, ob alle reservierten Karten vergeben werden konnten, dazu aber sp\u00e4ter mehr.<br \/>\nWir haben einen Flyer designt, der sowohl digital in Social Media Formaten als auch analog und ausgedruckt \u00fcberall ausgelegt und angepinnt werden konnte (Abb.1). Die Anmeldung erfolgte \u00fcber QR-Codes auf den Flyern, die zu den WhatsApp-Gruppen von beiden Terminen gef\u00fchrt haben. In Beratschlagung, wer wohl die gr\u00f6\u00dfte \u201eKundschaft\u201c sein k\u00f6nnte, kamen wir zu dem Entschluss, die Literatur-Tutorien der LKM-Erstsemester zu besuchen und die Veranstaltung dort zu bewerben, was aufgrund unpassender Zeiten darin endete, dass wir ein Video drehten und schnitten, welches die Tutoren abspielen konnten.<br \/>\n\u00dcber \u201eInsider\u201c haben wir Zugang zu WhatsApp-Gruppen verschiedenster Uni-Gruppierungen erhalten, beispielsweise die LKM-Gruppen der verschiedenen Jahrg\u00e4nge, des Theaters und verschiedener Ch\u00f6re und Orchestergruppen, in die wir eine Werbenachricht mit dem Flyer geschickt haben. Auch die Innenw\u00e4nde der Damentoiletten sind nicht verschont geblieben. Schlie\u00dflich hat sogar die Dozentin ihre Kurse darauf hingewiesen. Nicht ausgesch\u00f6pft haben wir die Bewerbung \u00fcber den Event-Newsletter der Uni, die Mail \u00fcber den Fachbereichsreferenten sowie Flyerauslegung in der Mensa.<\/p>\n<h5><strong>Wie wird die Brosch\u00fcre gestaltet?<\/strong><\/h5>\n<p>Um die Einf\u00fchrung davor und Diskussion danach thematisch zu gestalten, haben wir beschlossen, eine <a href=\"https:\/\/www.lkm.uni-konstanz.de\/kunstvermittlung\/wp-content\/uploads\/sites\/10\/2023\/11\/Broschuere_Woyzeck.pdf\" target=\"_blank\" rel=\"noopener\"><u>Begleitbrosch\u00fcre<\/u><\/a> zu entwerfen, die nicht so umfangreich ist wie die des Stadttheaters, sich daf\u00fcr aber mit den ausgew\u00e4hlten Themen befasst. Nach Diskussion und Visite der Generalprobe, um die Umsetzung zu begutachten, haben wir beschlossen uns auf den Femizid zu fokussieren. Drumherum kamen noch eine Inhaltsangabe, eine Personenkonstellation mit selbstentworfenen Zeichnungen, die Diskussionsfragen, Platz f\u00fcr Notizen f\u00fcr danach und zuletzt ein Impressum hinzu. Wichtig war, fremde Symbole und Inhalte nicht ohne Zustimmung zu verwenden, beispielsweise das Logo des Theaters, das f\u00fchrt sonst schnell zu unbeabsichtigten Plagiaten. Die Brosch\u00fcre wurde mit dem Programm Scribus erstellt und auf einem USB-Stick in die Unidruckerei gegeben. Die sind allerdings recht streng was das Format angeht, daher sollte man sich im Voraus informieren damit es nicht zu ungeplanter Verz\u00f6gerung kommt. Da die Finanzierung und Bestellung \u00fcber jemanden laufen sollte, der an der Uni angestellt ist, haben wir die ganzen Daten bereitgestellt und die Dozentin hat ihre Unterschrift daruntergesetzt. Es wurde aber sehr knapp die Brosch\u00fcren rechtzeitig zu erhalten, wir h\u00e4tten sie <strong>mindestens zwei Wochen vor Stichtag in Auftrag geben<\/strong> sollen. Sie wurden im B\u00fcro des Auftraggebers abgeliefert.<\/p>\n<h5><strong>Wie liefen die Veranstaltungen?<\/strong><\/h5>\n<p>Wir haben uns um 19 Uhr getroffen und nach einer Vorstellungsrunde die Brosch\u00fcren verteilt. Am 09.02. hat das Theater eine Einf\u00fchrung gegeben, die wir besucht haben bevor wir in die Vorstellung gegangen sind, am 11.02. mussten wir die Einf\u00fchrung f\u00fcr unsere Gruppe selbst halten. Da wir am 09. viel Leerlauf hatten, haben wir den Treffpunkt auf 19:20 Uhr verlegt. Nach dem St\u00fcck fand die Diskussion statt, die von uns gef\u00fchrt wurde. Wir sa\u00dfen daf\u00fcr im Foyer, was lauter und unruhiger war als wir uns das vorstellten, es w\u00e4re also vielleicht sinnvoller, <strong>einen eigenen Raum vom Theater anzufragen f\u00fcr die Diskussion<\/strong>. Nach offiziellem Ende der Veranstaltung sind Teile in die Seekuh eingekehrt, was nochmal f\u00fcr ungezwungeneres Reden gesorgt hat, welches aber nicht mehr zwingend mit dem St\u00fcck zu tun hatte.<\/p>\n<h5><strong>Unsere Probleme, L\u00f6sungen und Vorschl\u00e4ge<\/strong><\/h5>\n<p>Leider sind einige unserer Entscheidungen nicht von Anfang an klar gewesen, sondern sind das Ergebnis eines Probleml\u00f6sungsversuches. Begonnen hat es schon bei dem <strong>Flyerdesign<\/strong>. Unser erster Flyerentwurf war mehr als d\u00fcrftig, was nicht zuletzt an unserer gestalterischen Unwissenheit lag. Mithilfe von Max Sohm, einem ehemaligen LKM-Student, als graphischem Kritiker entwarfen wir mehrere neue Flyer, von denen einer die finale Version wurde. Die Umst\u00f6\u00dfe, die wir machen mussten, haben uns aber in unserem Zeitplan deutlich zur\u00fcckgeworfen.<\/p>\n<p>Die Brosch\u00fcre hat in ihrem Design deutlich <strong>l\u00e4nger gedauert als erwartet und sah auch nicht so aus wie geplant<\/strong>, zudem blieb das finale Formatieren an einer Person h\u00e4ngen, damit alles im selben Stil erschien. Zus\u00e4tzlich hat uns die Druckerei den Tipp gegeben, das Design \u00fcber den vorgegebenen Rand zu ziehen, damit keine wei\u00dfen R\u00e4nder zu sehen sind. Alternativ kann der wei\u00dfe Rand mit eingearbeitet werden. Leider hat es beim umformatieren auch die Hintergrundfarbe ver\u00e4ndert, die von dunkelgr\u00fcn zu schwarz wurde. Solche Dinge w\u00e4ren vermeidbar gewesen, wenn wir uns fr\u00fcher darum gek\u00fcmmert h\u00e4tten.<\/p>\n<p>Nach getaner Werbung, nur noch Tage vor der Veranstaltung, hatten wir <strong>nur sehr wenige Anmeldungen<\/strong>. Zu dem Zeitpunkt bewarben wir nur die LKM-Erstis, weil wir davon ausgingen, dass von 100 Studis sicher ca 30 ins Theater mit k\u00e4men, und dann h\u00e4tten wir noch immer Puffer falls es mehr gewesen w\u00e4ren. Schlie\u00dflich haben wir weniger als eine Woche vorher beschlossen, wir lassen alle Studierenden zu, die wollen. Zu dem Zeitpunkt begann die Werbung in den \u201e\u00e4lteren\u201c und gemischten WhatsApp-Gruppen, sowie die Plakatierung in den Toiletten und Werbung via Mail. Nach dem Upgrade der Reichweite haben sich schlie\u00dflich genug angemeldet, damit fast alle reservierten Tickets vergeben w\u00e4ren. Im Theater selbst haben wir die reservierten Karten abgeholt, die wir brauchten, und die Reste wurden vom Theater an die gl\u00fccklichen Wartenden vor der ausverkauften Abendkasse verkauft, unsere Sorgen waren also unberechtigt.<br \/>\n<\/div><\/div><\/div>\n<div id=\"attachment_262\" style=\"width: 610px\" class=\"wp-caption aligncenter\"><a href=\"https:\/\/www.lkm.uni-konstanz.de\/kunstvermittlung\/wp-content\/uploads\/sites\/10\/2023\/11\/Werbeflyer_Woyzeck.jpg\"><img loading=\"lazy\" decoding=\"async\" aria-describedby=\"caption-attachment-262\" class=\"wp-image-262 size-large\" src=\"https:\/\/www.lkm.uni-konstanz.de\/kunstvermittlung\/wp-content\/uploads\/sites\/10\/2023\/11\/Werbeflyer_Woyzeck-1024x768.jpg\" alt=\"Social Media Werbeflyer f\u00fcr Woyzeck\" width=\"600\" height=\"450\" srcset=\"https:\/\/www.lkm.uni-konstanz.de\/kunstvermittlung\/wp-content\/uploads\/sites\/10\/2023\/11\/Werbeflyer_Woyzeck-1024x768.jpg 1024w, https:\/\/www.lkm.uni-konstanz.de\/kunstvermittlung\/wp-content\/uploads\/sites\/10\/2023\/11\/Werbeflyer_Woyzeck-300x225.jpg 300w, https:\/\/www.lkm.uni-konstanz.de\/kunstvermittlung\/wp-content\/uploads\/sites\/10\/2023\/11\/Werbeflyer_Woyzeck-768x576.jpg 768w, https:\/\/www.lkm.uni-konstanz.de\/kunstvermittlung\/wp-content\/uploads\/sites\/10\/2023\/11\/Werbeflyer_Woyzeck-1536x1152.jpg 1536w, https:\/\/www.lkm.uni-konstanz.de\/kunstvermittlung\/wp-content\/uploads\/sites\/10\/2023\/11\/Werbeflyer_Woyzeck-2048x1536.jpg 2048w, https:\/\/www.lkm.uni-konstanz.de\/kunstvermittlung\/wp-content\/uploads\/sites\/10\/2023\/11\/Werbeflyer_Woyzeck-1240x930.jpg 1240w, https:\/\/www.lkm.uni-konstanz.de\/kunstvermittlung\/wp-content\/uploads\/sites\/10\/2023\/11\/Werbeflyer_Woyzeck-508x381.jpg 508w\" sizes=\"auto, (max-width: 600px) 100vw, 600px\" \/><\/a><p id=\"caption-attachment-262\" class=\"wp-caption-text\">Abb. 1 Social Media Flyer f\u00fcr die Bewerbung der Veranstaltung<\/p><\/div>\n","protected":false},"excerpt":{"rendered":"<p>Wir haben ein Projekt ins Leben gerufen, das interessierte Studierende verschiedenster Fachrichtungen mit Gesellschaft f\u00fcr einen Theaterbesuch versorgte. Zusammen haben wir am 9. und 11. Februar 2023 das St\u00fcck Woyzeck [&hellip;]<\/p>\n","protected":false},"author":1,"featured_media":0,"parent":0,"menu_order":0,"comment_status":"closed","ping_status":"closed","template":"","meta":{"_stc_notifier_status":"","_stc_notifier_sent_time":"","_stc_notifier_request":false,"_stc_notifier_prevent":false,"_stc_subscriber_keywords":"","_stc_subscriber_search_areas":"","footnotes":""},"class_list":["post-148","page","type-page","status-publish","hentry"],"_links":{"self":[{"href":"https:\/\/www.lkm.uni-konstanz.de\/kunstvermittlung\/wp-json\/wp\/v2\/pages\/148","targetHints":{"allow":["GET"]}}],"collection":[{"href":"https:\/\/www.lkm.uni-konstanz.de\/kunstvermittlung\/wp-json\/wp\/v2\/pages"}],"about":[{"href":"https:\/\/www.lkm.uni-konstanz.de\/kunstvermittlung\/wp-json\/wp\/v2\/types\/page"}],"author":[{"embeddable":true,"href":"https:\/\/www.lkm.uni-konstanz.de\/kunstvermittlung\/wp-json\/wp\/v2\/users\/1"}],"replies":[{"embeddable":true,"href":"https:\/\/www.lkm.uni-konstanz.de\/kunstvermittlung\/wp-json\/wp\/v2\/comments?post=148"}],"version-history":[{"count":31,"href":"https:\/\/www.lkm.uni-konstanz.de\/kunstvermittlung\/wp-json\/wp\/v2\/pages\/148\/revisions"}],"predecessor-version":[{"id":500,"href":"https:\/\/www.lkm.uni-konstanz.de\/kunstvermittlung\/wp-json\/wp\/v2\/pages\/148\/revisions\/500"}],"wp:attachment":[{"href":"https:\/\/www.lkm.uni-konstanz.de\/kunstvermittlung\/wp-json\/wp\/v2\/media?parent=148"}],"curies":[{"name":"wp","href":"https:\/\/api.w.org\/{rel}","templated":true}]}}