{"id":767,"date":"2019-08-13T14:01:49","date_gmt":"2019-08-13T12:01:49","guid":{"rendered":"https:\/\/lkm.uni-konstanz.de\/?page_id=767"},"modified":"2026-02-19T18:23:06","modified_gmt":"2026-02-19T17:23:06","slug":"literatur-kunst-medien-lkm-an-der-universitaet-konstanz","status":"publish","type":"page","link":"https:\/\/www.lkm.uni-konstanz.de\/","title":{"rendered":"Literatur-Kunst-Medien (LKM) an der Universit\u00e4t Konstanz"},"content":{"rendered":"<p>Der Studiengang ist interdisziplin\u00e4r zwischen der Literaturwissenschaft, der Kunstgeschichte und der Medienwissenschaft angesiedelt und vermittelt Analyse- und Lekt\u00fcrekompetenzen im Umgang mit kulturellen Techniken aller Art. Es geht dabei insbesondere um die wissenschaftlich-analytische Besch\u00e4ftigung mit literarischen Texten, mit Werken der bildenden Kunst und mit unterschiedlichsten Medien (Film, TV, Internet, Fotographie, Spiele etc.) sowie um die Frage, wie diese verschiedenen Formen von Kulturproduktion miteinander in Beziehung stehen. Je nach Interesse kann ein Schwerpunkt in einem der drei Bereiche gebildet werden. Es ist kein k\u00fcnstlerischer oder medienpraktischer Studiengang.<\/p>\n<p>Diese Seite mit ihren nach unterschiedlichen Schwerpunkten eingerichteten Unterseiten <a href=\"https:\/\/www.lkm.uni-konstanz.de\/news\"><em>Blog<\/em><\/a>, <a href=\"https:\/\/www.lkm.uni-konstanz.de\/support\"><em>Support<\/em><\/a> und <a href=\"https:\/\/www.lkm.uni-konstanz.de\/facetten\"><em>Facetten<\/em><\/a> soll alle Fragen rund um den Studienablauf, die Bewerbung, Berufschancen nach dem Abschluss und die Studieninhalte kl\u00e4ren.<\/p>\n<table class=\"starttable\">\n<tbody>\n<tr>\n<td>\n<h1><a href=\"https:\/\/www.lkm.uni-konstanz.de\/news\">\u21aa LKM Blog<\/a><\/h1>\n<p>Hier werden Veranstaltungshinweise, Praktikumsausschreibungen und sonstige aktuelle Informationen ver\u00f6ffentlicht, die f\u00fcr LKM-Studierende von Interesse sind.<\/p>\n<p>Abonnieren Sie den Blog, um immer auf dem neuesten Stand zu sein!<\/td>\n<td>\n<h1><a href=\"https:\/\/www.lkm.uni-konstanz.de\/support\">\u21aa LKM Support<\/a><\/h1>\n<p>Sie haben Fragen zur Studienbewerbung, zum Stundenplan oder zur Pr\u00fcfungsordnung? Auf der Support-Seite finden Sie alles, was Studieninteressierte und Studierende \u00fcber den Studiengang wissen m\u00fcssen.<br \/>\nDer studentische LKM-Support steht dar\u00fcber hinaus auch pers\u00f6nlich f\u00fcr Fragen zur Verf\u00fcgung.<\/td>\n<td>\n<h1><a href=\"https:\/\/www.lkm.uni-konstanz.de\/facetten\">\u21aa LKM Facetten<\/a><\/h1>\n<p>Im Lauf des Studiums entstehen nicht nur wissenschaftliche Hausarbeiten, sondern verschiedenste Arbeiten in unterschiedlichen Medien: Filme, Aufs\u00e4tze, Webseiten, Radiobeitr\u00e4ge, Exkursionsberichte, u.v.m.<br \/>\nWir pr\u00e4sentieren in den Facetten eine gro\u00dfe Vielfalt studentischer Arbeiten.<\/td>\n<\/tr>\n<tr>\n<td><a href=\"https:\/\/www.lkm.uni-konstanz.de\/news\"><img decoding=\"async\" src=\"\/wp-content\/themes\/BR_Start\/blog.png\" \/><\/a><\/td>\n<td><a href=\"https:\/\/www.lkm.uni-konstanz.de\/support\"><img decoding=\"async\" src=\"\/wp-content\/themes\/BR_Start\/support.png\" \/><\/a><\/td>\n<td><a href=\"https:\/\/www.lkm.uni-konstanz.de\/facetten\"><img decoding=\"async\" src=\"\/wp-content\/themes\/BR_Start\/facetten.png\" \/><\/a><\/td>\n<\/tr>\n<\/tbody>\n<\/table>\n<p>Weitere Einblicke und Informationen gibt es auch auf dem Instagramaccount:<\/p>\n<table class=\"starttable\">\n<tbody>\n<tr>\n<td><\/td>\n<td>\n<h1><a href=\"https:\/\/www.instagram.com\/unikonstanz_lkm\/\">\u21aa LKM auf Instagram<\/a><\/h1>\n<p>Sie m\u00f6chten auf dem Laufenden gehalten werden \u00fcber Veranstaltungen, Job-Ausschreibungen oder rechtzeitig an hilfreiche How Tos&#8230; erinnert werden?<\/p>\n<p>Auf der Instagramseite findet sich all das wieder.<\/td>\n<td><\/td>\n<\/tr>\n<tr>\n<td>&nbsp;<\/p>\n<p>&nbsp;<\/p>\n<p>&nbsp;<\/p>\n<p>&nbsp;<\/td>\n<td><img loading=\"lazy\" decoding=\"async\" class=\"size-medium wp-image-926 aligncenter\" src=\"https:\/\/kim59.wwwdns.kim.uni-konstanz.de\/wp-content\/uploads\/2025\/03\/Screenshot-2025-03-06-164049-300x278.png\" alt=\"\" width=\"300\" height=\"278\" srcset=\"https:\/\/kim59.wwwdns.kim.uni-konstanz.de\/wp-content\/uploads\/2025\/03\/Screenshot-2025-03-06-164049-300x278.png 300w, https:\/\/kim59.wwwdns.kim.uni-konstanz.de\/wp-content\/uploads\/2025\/03\/Screenshot-2025-03-06-164049-150x139.png 150w, https:\/\/kim59.wwwdns.kim.uni-konstanz.de\/wp-content\/uploads\/2025\/03\/Screenshot-2025-03-06-164049.png 569w\" sizes=\"auto, (max-width: 300px) 100vw, 300px\" \/><\/td>\n<td><\/td>\n<\/tr>\n<\/tbody>\n<\/table>\n<p>&nbsp;<\/p>\n","protected":false},"excerpt":{"rendered":"<p>Der Studiengang ist interdisziplin\u00e4r zwischen der Literaturwissenschaft, der Kunstgeschichte und der Medienwissenschaft angesiedelt und vermittelt Analyse- und Lekt\u00fcrekompetenzen im Umgang mit kulturellen Techniken&#8230;<\/p>\n","protected":false},"author":1,"featured_media":0,"parent":0,"menu_order":0,"comment_status":"closed","ping_status":"closed","template":"","meta":{"_stc_notifier_status":"","_stc_notifier_sent_time":"","_stc_notifier_request":false,"_stc_notifier_prevent":false,"_stc_subscriber_keywords":"","_stc_subscriber_search_areas":"","_themeisle_gutenberg_block_has_review":false,"footnotes":""},"class_list":["post-767","page","type-page","status-publish","hentry"],"_links":{"self":[{"href":"https:\/\/www.lkm.uni-konstanz.de\/index.php?rest_route=\/wp\/v2\/pages\/767","targetHints":{"allow":["GET"]}}],"collection":[{"href":"https:\/\/www.lkm.uni-konstanz.de\/index.php?rest_route=\/wp\/v2\/pages"}],"about":[{"href":"https:\/\/www.lkm.uni-konstanz.de\/index.php?rest_route=\/wp\/v2\/types\/page"}],"author":[{"embeddable":true,"href":"https:\/\/www.lkm.uni-konstanz.de\/index.php?rest_route=\/wp\/v2\/users\/1"}],"replies":[{"embeddable":true,"href":"https:\/\/www.lkm.uni-konstanz.de\/index.php?rest_route=%2Fwp%2Fv2%2Fcomments&post=767"}],"version-history":[{"count":22,"href":"https:\/\/www.lkm.uni-konstanz.de\/index.php?rest_route=\/wp\/v2\/pages\/767\/revisions"}],"predecessor-version":[{"id":978,"href":"https:\/\/www.lkm.uni-konstanz.de\/index.php?rest_route=\/wp\/v2\/pages\/767\/revisions\/978"}],"wp:attachment":[{"href":"https:\/\/www.lkm.uni-konstanz.de\/index.php?rest_route=%2Fwp%2Fv2%2Fmedia&parent=767"}],"curies":[{"name":"wp","href":"https:\/\/api.w.org\/{rel}","templated":true}]}}